{"id":6192,"date":"2023-06-23T19:21:21","date_gmt":"2023-06-23T17:21:21","guid":{"rendered":"https:\/\/bilshopping.dk\/produkt\/racoon-skyllecoating-wet-shield-gloss-500-ml\/"},"modified":"2023-06-23T19:21:35","modified_gmt":"2023-06-23T17:21:35","slug":"racoon-skyllecoating-wet-shield-gloss-500-ml","status":"publish","type":"product","link":"https:\/\/bilshopping.dk\/?product=racoon-skyllecoating-wet-shield-gloss-500-ml","title":{"rendered":"Racoon skyllecoating &#8211; wet shield gloss  500 ml"},"content":{"rendered":"<p>Produktid er <strong>2308-1629<\/strong> og <strong>1104458963586<\/strong><\/p>\n<h2>Anmeldelse af Racoon skyllecoating &#8211; wet shield gloss  500 ml<\/h2>\n<p>Se om vi har en <a href=\"https:\/\/bilshopping.dk\/592\">anmeldelse af Racoon skyllecoating &#8211; wet shield gloss  500 ml<\/a>.<\/p>\n","protected":false},"excerpt":{"rendered":"<p>Racoon Wet Shield Gloss er Racoons svar p\u00e5 den perfekte wet coat &#8211; ogs\u00e5 kaldt \u00e2\u0080\u009dskyllecoating\u00e2\u0080\u009d.<br \/>\nSkyllecoating er en hurtig m\u00e5de at beskytte din bils lak, s\u00e5 den opn\u00e5r en super hydrofobisk overflade, som samtidig er ekstrem smudsafvisende. Lakken f\u00e5r de, Racoon skyllecoating &#8211; wet shield gloss  500 ml.<\/p>\n","protected":false},"featured_media":6193,"comment_status":"closed","ping_status":"open","template":"","meta":{"_kad_post_transparent":"","_kad_post_title":"","_kad_post_layout":"","_kad_post_sidebar_id":"","_kad_post_content_style":"","_kad_post_vertical_padding":"","_kad_post_feature":"","_kad_post_feature_position":"","_kad_post_header":false,"_kad_post_footer":false},"product_cat":[3145,3150],"product_tag":[3147,3151,2988],"brand":[],"class_list":{"0":"post-6192","1":"product","2":"type-product","3":"status-publish","4":"has-post-thumbnail","6":"product_cat-bilpleje","7":"product_cat-lakpleje","8":"product_tag-bilpleje","9":"product_tag-lakpleje","10":"product_tag-los","12":"first","13":"instock","14":"sale","15":"product-type-external","16":"entry","17":"content-bg","18":"loop-entry"},"_links":{"self":[{"href":"https:\/\/bilshopping.dk\/index.php?rest_route=\/wp\/v2\/product\/6192","targetHints":{"allow":["GET"]}}],"collection":[{"href":"https:\/\/bilshopping.dk\/index.php?rest_route=\/wp\/v2\/product"}],"about":[{"href":"https:\/\/bilshopping.dk\/index.php?rest_route=\/wp\/v2\/types\/product"}],"replies":[{"embeddable":true,"href":"https:\/\/bilshopping.dk\/index.php?rest_route=%2Fwp%2Fv2%2Fcomments&post=6192"}],"wp:featuredmedia":[{"embeddable":true,"href":"https:\/\/bilshopping.dk\/index.php?rest_route=\/wp\/v2\/media\/6193"}],"wp:attachment":[{"href":"https:\/\/bilshopping.dk\/index.php?rest_route=%2Fwp%2Fv2%2Fmedia&parent=6192"}],"wp:term":[{"taxonomy":"product_cat","embeddable":true,"href":"https:\/\/bilshopping.dk\/index.php?rest_route=%2Fwp%2Fv2%2Fproduct_cat&post=6192"},{"taxonomy":"product_tag","embeddable":true,"href":"https:\/\/bilshopping.dk\/index.php?rest_route=%2Fwp%2Fv2%2Fproduct_tag&post=6192"},{"taxonomy":"brand","embeddable":true,"href":"https:\/\/bilshopping.dk\/index.php?rest_route=%2Fwp%2Fv2%2Fbrand&post=6192"}],"curies":[{"name":"wp","href":"https:\/\/api.w.org\/{rel}","templated":true}]}}