{"id":6200,"date":"2023-06-23T19:21:21","date_gmt":"2023-06-23T17:21:21","guid":{"rendered":"https:\/\/bilshopping.dk\/produkt\/racoon-wrap-shield-premium-set\/"},"modified":"2023-06-23T19:21:40","modified_gmt":"2023-06-23T17:21:40","slug":"racoon-wrap-shield-premium-set","status":"publish","type":"product","link":"https:\/\/bilshopping.dk\/?product=racoon-wrap-shield-premium-set","title":{"rendered":"Racoon Wrap Shield Premium set"},"content":{"rendered":"<p>Produktid er <strong>2312<\/strong> og <strong>4260667191336<\/strong><\/p>\n<h2>Anmeldelse af Racoon Wrap Shield Premium set<\/h2>\n<p>Se om vi har en <a href=\"https:\/\/bilshopping.dk\/592\">anmeldelse af Racoon Wrap Shield Premium set<\/a>.<\/p>\n","protected":false},"excerpt":{"rendered":"<p>Takket v\u00e6re Racoons nye innovative formel, vil selv de mindste uregelm\u00e6ssigheder p\u00e5 overfladen udj\u00e6vnes. Der dannes derefter et absolut usynligt, ekstremt glat, h\u00e5rdt og mere modstandsdygtigt keramisk beskyttelseslag (-9H). Dette resulterer i en meget sta, Racoon Wrap Shield Premium set.<\/p>\n","protected":false},"featured_media":6201,"comment_status":"closed","ping_status":"open","template":"","meta":{"_kad_post_transparent":"","_kad_post_title":"","_kad_post_layout":"","_kad_post_sidebar_id":"","_kad_post_content_style":"","_kad_post_vertical_padding":"","_kad_post_feature":"","_kad_post_feature_position":"","_kad_post_header":false,"_kad_post_footer":false},"product_cat":[3145,3150],"product_tag":[3147,3151,2988],"brand":[],"class_list":{"0":"post-6200","1":"product","2":"type-product","3":"status-publish","4":"has-post-thumbnail","6":"product_cat-bilpleje","7":"product_cat-lakpleje","8":"product_tag-bilpleje","9":"product_tag-lakpleje","10":"product_tag-los","12":"first","13":"instock","14":"sale","15":"product-type-external","16":"entry","17":"content-bg","18":"loop-entry"},"_links":{"self":[{"href":"https:\/\/bilshopping.dk\/index.php?rest_route=\/wp\/v2\/product\/6200","targetHints":{"allow":["GET"]}}],"collection":[{"href":"https:\/\/bilshopping.dk\/index.php?rest_route=\/wp\/v2\/product"}],"about":[{"href":"https:\/\/bilshopping.dk\/index.php?rest_route=\/wp\/v2\/types\/product"}],"replies":[{"embeddable":true,"href":"https:\/\/bilshopping.dk\/index.php?rest_route=%2Fwp%2Fv2%2Fcomments&post=6200"}],"wp:featuredmedia":[{"embeddable":true,"href":"https:\/\/bilshopping.dk\/index.php?rest_route=\/wp\/v2\/media\/6201"}],"wp:attachment":[{"href":"https:\/\/bilshopping.dk\/index.php?rest_route=%2Fwp%2Fv2%2Fmedia&parent=6200"}],"wp:term":[{"taxonomy":"product_cat","embeddable":true,"href":"https:\/\/bilshopping.dk\/index.php?rest_route=%2Fwp%2Fv2%2Fproduct_cat&post=6200"},{"taxonomy":"product_tag","embeddable":true,"href":"https:\/\/bilshopping.dk\/index.php?rest_route=%2Fwp%2Fv2%2Fproduct_tag&post=6200"},{"taxonomy":"brand","embeddable":true,"href":"https:\/\/bilshopping.dk\/index.php?rest_route=%2Fwp%2Fv2%2Fbrand&post=6200"}],"curies":[{"name":"wp","href":"https:\/\/api.w.org\/{rel}","templated":true}]}}