{"id":6220,"date":"2023-06-23T19:21:45","date_gmt":"2023-06-23T17:21:45","guid":{"rendered":"https:\/\/bilshopping.dk\/produkt\/audison-prima-165-mm-kick-bass-hoejtaler\/"},"modified":"2023-06-23T19:21:58","modified_gmt":"2023-06-23T17:21:58","slug":"audison-prima-165-mm-kick-bass-hoejtaler","status":"publish","type":"product","link":"https:\/\/bilshopping.dk\/?product=audison-prima-165-mm-kick-bass-hoejtaler","title":{"rendered":"Audison Prima 165 mm kick bass h\u00f8jtaler"},"content":{"rendered":"<p>Produktid er <strong>2328<\/strong> og <strong>8018823111751<\/strong><\/p>\n<h2>Anmeldelse af Audison Prima 165 mm kick bass h\u00f8jtaler<\/h2>\n<p>Se om vi har en <a href=\"https:\/\/bilshopping.dk\/592\">anmeldelse af Audison Prima 165 mm kick bass h\u00f8jtaler<\/a>.<\/p>\n","protected":false},"excerpt":{"rendered":"<p>Med Audison Prima AP 6.5 h\u00f8jttaleren , er der udviklet en helt unik autoh\u00f8jttaler til en maksimal OEM integration. Det akustiske design fokuser p\u00e5 at give en s\u00e5 naturtro gengivelse som muligt ud fra de muligheder en bil giver., Audison Prima 165 mm kick bass h\u00f8jtaler.<\/p>\n","protected":false},"featured_media":6221,"comment_status":"closed","ping_status":"open","template":"","meta":{"_kad_post_transparent":"","_kad_post_title":"","_kad_post_layout":"","_kad_post_sidebar_id":"","_kad_post_content_style":"","_kad_post_vertical_padding":"","_kad_post_feature":"","_kad_post_feature_position":"","_kad_post_header":false,"_kad_post_footer":false},"product_cat":[3162,3180],"product_tag":[3164,3181,2988],"brand":[],"class_list":{"0":"post-6220","1":"product","2":"type-product","3":"status-publish","4":"has-post-thumbnail","6":"product_cat-bilstereo","7":"product_cat-hoejttalere","8":"product_tag-bilstereo","9":"product_tag-hoejttalere","10":"product_tag-los","12":"first","13":"instock","14":"product-type-external","15":"entry","16":"content-bg","17":"loop-entry"},"_links":{"self":[{"href":"https:\/\/bilshopping.dk\/index.php?rest_route=\/wp\/v2\/product\/6220","targetHints":{"allow":["GET"]}}],"collection":[{"href":"https:\/\/bilshopping.dk\/index.php?rest_route=\/wp\/v2\/product"}],"about":[{"href":"https:\/\/bilshopping.dk\/index.php?rest_route=\/wp\/v2\/types\/product"}],"replies":[{"embeddable":true,"href":"https:\/\/bilshopping.dk\/index.php?rest_route=%2Fwp%2Fv2%2Fcomments&post=6220"}],"wp:featuredmedia":[{"embeddable":true,"href":"https:\/\/bilshopping.dk\/index.php?rest_route=\/wp\/v2\/media\/6221"}],"wp:attachment":[{"href":"https:\/\/bilshopping.dk\/index.php?rest_route=%2Fwp%2Fv2%2Fmedia&parent=6220"}],"wp:term":[{"taxonomy":"product_cat","embeddable":true,"href":"https:\/\/bilshopping.dk\/index.php?rest_route=%2Fwp%2Fv2%2Fproduct_cat&post=6220"},{"taxonomy":"product_tag","embeddable":true,"href":"https:\/\/bilshopping.dk\/index.php?rest_route=%2Fwp%2Fv2%2Fproduct_tag&post=6220"},{"taxonomy":"brand","embeddable":true,"href":"https:\/\/bilshopping.dk\/index.php?rest_route=%2Fwp%2Fv2%2Fbrand&post=6220"}],"curies":[{"name":"wp","href":"https:\/\/api.w.org\/{rel}","templated":true}]}}