{"id":6228,"date":"2023-06-23T19:21:45","date_gmt":"2023-06-23T17:21:45","guid":{"rendered":"https:\/\/bilshopping.dk\/produkt\/connection-fsk-350-forstaerker-kit-350-watt-85-mma%c2%b2\/"},"modified":"2023-06-23T19:22:04","modified_gmt":"2023-06-23T17:22:04","slug":"connection-fsk-350-forstaerker-kit-350-watt-85-mma%c2%b2","status":"publish","type":"product","link":"https:\/\/bilshopping.dk\/?product=connection-fsk-350-forstaerker-kit-350-watt-85-mma%c2%b2","title":{"rendered":"Connection FSK 350 forst\u00e6rker kit, 350 watt, 8,5 mm\u00c2\u00b2"},"content":{"rendered":"<p>Produktid er <strong>2332<\/strong> og <strong><\/strong><\/p>\n<h2>Anmeldelse af Connection FSK 350 forst\u00e6rker kit, 350 watt, 8,5 mm\u00c2\u00b2<\/h2>\n<p>Se om vi har en <a href=\"https:\/\/bilshopping.dk\/592\">anmeldelse af Connection FSK 350 forst\u00e6rker kit, 350 watt, 8,5 mm\u00c2\u00b2<\/a>.<\/p>\n","protected":false},"excerpt":{"rendered":"<p>5,2 m transparent r\u00f8dt Power Flow 8mm2 kabel forsynet med ATO sikringsholder (sikring medf\u00f8lger)<br \/>\n\t1 m transparent Sort Power Flow stel kabel<br \/>\n\t5,2 m 1mm2 bl\u00e5 remote turn-on-kabel<br \/>\n\t10 m h\u00f8jttalerkabel<br \/>\n\t4,5 m FS2 450 signalkabel<br \/>\n\t1,5 m flexr\u00f8r for kabelgenne, Connection FSK 350 forst\u00e6rker kit, 350 watt, 8,5 mm\u00c2\u00b2.<\/p>\n","protected":false},"featured_media":6229,"comment_status":"closed","ping_status":"open","template":"","meta":{"_kad_post_transparent":"","_kad_post_title":"","_kad_post_layout":"","_kad_post_sidebar_id":"","_kad_post_content_style":"","_kad_post_vertical_padding":"","_kad_post_feature":"","_kad_post_feature_position":"","_kad_post_header":false,"_kad_post_footer":false},"product_cat":[3162,3182],"product_tag":[3164,2988,3183],"brand":[],"class_list":{"0":"post-6228","1":"product","2":"type-product","3":"status-publish","4":"has-post-thumbnail","6":"product_cat-bilstereo","7":"product_cat-monteringsdele","8":"product_tag-bilstereo","9":"product_tag-los","10":"product_tag-monteringsdele","12":"first","13":"instock","14":"product-type-external","15":"entry","16":"content-bg","17":"loop-entry"},"_links":{"self":[{"href":"https:\/\/bilshopping.dk\/index.php?rest_route=\/wp\/v2\/product\/6228","targetHints":{"allow":["GET"]}}],"collection":[{"href":"https:\/\/bilshopping.dk\/index.php?rest_route=\/wp\/v2\/product"}],"about":[{"href":"https:\/\/bilshopping.dk\/index.php?rest_route=\/wp\/v2\/types\/product"}],"replies":[{"embeddable":true,"href":"https:\/\/bilshopping.dk\/index.php?rest_route=%2Fwp%2Fv2%2Fcomments&post=6228"}],"wp:featuredmedia":[{"embeddable":true,"href":"https:\/\/bilshopping.dk\/index.php?rest_route=\/wp\/v2\/media\/6229"}],"wp:attachment":[{"href":"https:\/\/bilshopping.dk\/index.php?rest_route=%2Fwp%2Fv2%2Fmedia&parent=6228"}],"wp:term":[{"taxonomy":"product_cat","embeddable":true,"href":"https:\/\/bilshopping.dk\/index.php?rest_route=%2Fwp%2Fv2%2Fproduct_cat&post=6228"},{"taxonomy":"product_tag","embeddable":true,"href":"https:\/\/bilshopping.dk\/index.php?rest_route=%2Fwp%2Fv2%2Fproduct_tag&post=6228"},{"taxonomy":"brand","embeddable":true,"href":"https:\/\/bilshopping.dk\/index.php?rest_route=%2Fwp%2Fv2%2Fbrand&post=6228"}],"curies":[{"name":"wp","href":"https:\/\/api.w.org\/{rel}","templated":true}]}}