{"id":6249,"date":"2023-06-23T19:22:15","date_gmt":"2023-06-23T17:22:15","guid":{"rendered":"https:\/\/bilshopping.dk\/produkt\/saedeovertraek-bagsaede-universal-l-xl\/"},"modified":"2023-06-23T19:22:18","modified_gmt":"2023-06-23T17:22:18","slug":"saedeovertraek-bagsaede-universal-l-xl","status":"publish","type":"product","link":"https:\/\/bilshopping.dk\/?product=saedeovertraek-bagsaede-universal-l-xl","title":{"rendered":"S\u00e6deovertr\u00e6k bags\u00e6de universal L-XL"},"content":{"rendered":"<p>Produktid er <strong>2342-1624<\/strong> og <strong>5904898505294<\/strong><\/p>\n<h2>Anmeldelse af S\u00e6deovertr\u00e6k bags\u00e6de universal L-XL<\/h2>\n<p>Se om vi har en <a href=\"https:\/\/bilshopping.dk\/592\">anmeldelse af S\u00e6deovertr\u00e6k bags\u00e6de universal L-XL<\/a>.<\/p>\n","protected":false},"excerpt":{"rendered":"<p>Universalt s\u00e6deovertr\u00e6k\u00c2\u00a0til bags\u00e6derne fremstillet i kraftigt og neutralt koksgr\u00e5t stof.<br \/>\nBags\u00e6debetr\u00e6kket er forsynet med lynl\u00e5s, s\u00e5 det kan tilpasses alle hele s\u00e6der samt splits\u00e6der. Der medf\u00f8lger 5 forskellige nakkest\u00f8ttebetr\u00e6k, s\u00e5 alle typer kan d\u00e6kke, S\u00e6deovertr\u00e6k bags\u00e6de universal L-XL.<\/p>\n","protected":false},"featured_media":6248,"comment_status":"closed","ping_status":"open","template":"","meta":{"_kad_post_transparent":"","_kad_post_title":"","_kad_post_layout":"","_kad_post_sidebar_id":"","_kad_post_content_style":"","_kad_post_vertical_padding":"","_kad_post_feature":"","_kad_post_feature_position":"","_kad_post_header":false,"_kad_post_footer":false},"product_cat":[3211,3319],"product_tag":[3213,2988,3320],"brand":[],"class_list":{"0":"post-6249","1":"product","2":"type-product","3":"status-publish","4":"has-post-thumbnail","6":"product_cat-indvendig-tilbehoer","7":"product_cat-saedeovertraek","8":"product_tag-indvendig-tilbehoer","9":"product_tag-los","10":"product_tag-saedeovertraek","12":"first","13":"instock","14":"product-type-external","15":"entry","16":"content-bg","17":"loop-entry"},"_links":{"self":[{"href":"https:\/\/bilshopping.dk\/index.php?rest_route=\/wp\/v2\/product\/6249","targetHints":{"allow":["GET"]}}],"collection":[{"href":"https:\/\/bilshopping.dk\/index.php?rest_route=\/wp\/v2\/product"}],"about":[{"href":"https:\/\/bilshopping.dk\/index.php?rest_route=\/wp\/v2\/types\/product"}],"replies":[{"embeddable":true,"href":"https:\/\/bilshopping.dk\/index.php?rest_route=%2Fwp%2Fv2%2Fcomments&post=6249"}],"wp:featuredmedia":[{"embeddable":true,"href":"https:\/\/bilshopping.dk\/index.php?rest_route=\/wp\/v2\/media\/6248"}],"wp:attachment":[{"href":"https:\/\/bilshopping.dk\/index.php?rest_route=%2Fwp%2Fv2%2Fmedia&parent=6249"}],"wp:term":[{"taxonomy":"product_cat","embeddable":true,"href":"https:\/\/bilshopping.dk\/index.php?rest_route=%2Fwp%2Fv2%2Fproduct_cat&post=6249"},{"taxonomy":"product_tag","embeddable":true,"href":"https:\/\/bilshopping.dk\/index.php?rest_route=%2Fwp%2Fv2%2Fproduct_tag&post=6249"},{"taxonomy":"brand","embeddable":true,"href":"https:\/\/bilshopping.dk\/index.php?rest_route=%2Fwp%2Fv2%2Fbrand&post=6249"}],"curies":[{"name":"wp","href":"https:\/\/api.w.org\/{rel}","templated":true}]}}