{"id":6260,"date":"2023-06-23T19:22:15","date_gmt":"2023-06-23T17:22:15","guid":{"rendered":"https:\/\/bilshopping.dk\/produkt\/autoglym-hi-foam-interior-450-ml-spray\/"},"modified":"2023-06-23T19:22:23","modified_gmt":"2023-06-23T17:22:23","slug":"autoglym-hi-foam-interior-450-ml-spray","status":"publish","type":"product","link":"https:\/\/bilshopping.dk\/?product=autoglym-hi-foam-interior-450-ml-spray","title":{"rendered":"Autoglym Hi-Foam Interior 450 ml. Spray"},"content":{"rendered":"<p>Produktid er <strong>2348<\/strong> og <strong>5016366454505<\/strong><\/p>\n<h2>Anmeldelse af Autoglym Hi-Foam Interior 450 ml. Spray<\/h2>\n<p>Se om vi har en <a href=\"https:\/\/bilshopping.dk\/592\">anmeldelse af Autoglym Hi-Foam Interior 450 ml. Spray<\/a>.<\/p>\n","protected":false},"excerpt":{"rendered":"<p>Hi-Foam Interior shampoo renser og opfrisker stofs\u00e6der, t\u00e6pper, vinyl og plastik. Den indeholder en blanding af specialiserede overfladeaktive stoffer samt opl\u00f8sningsmidler, der bliver boostet af en kraftig skummende virkning, som opl\u00f8ser og l\u00f8sner snavs, Autoglym Hi-Foam Interior 450 ml. Spray.<\/p>\n","protected":false},"featured_media":6261,"comment_status":"closed","ping_status":"open","template":"","meta":{"_kad_post_transparent":"","_kad_post_title":"","_kad_post_layout":"","_kad_post_sidebar_id":"","_kad_post_content_style":"","_kad_post_vertical_padding":"","_kad_post_feature":"","_kad_post_feature_position":"","_kad_post_header":false,"_kad_post_footer":false},"product_cat":[3145,3152],"product_tag":[3147,3153,2988],"brand":[],"class_list":{"0":"post-6260","1":"product","2":"type-product","3":"status-publish","4":"has-post-thumbnail","6":"product_cat-bilpleje","7":"product_cat-indvendig-pleje","8":"product_tag-bilpleje","9":"product_tag-indvendig-pleje","10":"product_tag-los","12":"first","13":"instock","14":"product-type-external","15":"entry","16":"content-bg","17":"loop-entry"},"_links":{"self":[{"href":"https:\/\/bilshopping.dk\/index.php?rest_route=\/wp\/v2\/product\/6260","targetHints":{"allow":["GET"]}}],"collection":[{"href":"https:\/\/bilshopping.dk\/index.php?rest_route=\/wp\/v2\/product"}],"about":[{"href":"https:\/\/bilshopping.dk\/index.php?rest_route=\/wp\/v2\/types\/product"}],"replies":[{"embeddable":true,"href":"https:\/\/bilshopping.dk\/index.php?rest_route=%2Fwp%2Fv2%2Fcomments&post=6260"}],"wp:featuredmedia":[{"embeddable":true,"href":"https:\/\/bilshopping.dk\/index.php?rest_route=\/wp\/v2\/media\/6261"}],"wp:attachment":[{"href":"https:\/\/bilshopping.dk\/index.php?rest_route=%2Fwp%2Fv2%2Fmedia&parent=6260"}],"wp:term":[{"taxonomy":"product_cat","embeddable":true,"href":"https:\/\/bilshopping.dk\/index.php?rest_route=%2Fwp%2Fv2%2Fproduct_cat&post=6260"},{"taxonomy":"product_tag","embeddable":true,"href":"https:\/\/bilshopping.dk\/index.php?rest_route=%2Fwp%2Fv2%2Fproduct_tag&post=6260"},{"taxonomy":"brand","embeddable":true,"href":"https:\/\/bilshopping.dk\/index.php?rest_route=%2Fwp%2Fv2%2Fbrand&post=6260"}],"curies":[{"name":"wp","href":"https:\/\/api.w.org\/{rel}","templated":true}]}}