{"id":6268,"date":"2023-06-23T19:22:15","date_gmt":"2023-06-23T17:22:15","guid":{"rendered":"https:\/\/bilshopping.dk\/produkt\/alpine-style-x903ddu2-fiat-ducato-2006-premium-multimedia-navigation\/"},"modified":"2023-06-23T19:22:26","modified_gmt":"2023-06-23T17:22:26","slug":"alpine-style-x903ddu2-fiat-ducato-2006-premium-multimedia-navigation","status":"publish","type":"product","link":"https:\/\/bilshopping.dk\/?product=alpine-style-x903ddu2-fiat-ducato-2006-premium-multimedia-navigation","title":{"rendered":"Alpine Style X903DDU2 Fiat Ducato 2006- Premium Multimedia Navigation"},"content":{"rendered":"<p>Produktid er <strong>2352<\/strong> og <strong>14958043622440<\/strong><\/p>\n<h2>Anmeldelse af Alpine Style X903DDU2 Fiat Ducato 2006- Premium Multimedia Navigation<\/h2>\n<p>Se om vi har en <a href=\"https:\/\/bilshopping.dk\/592\">anmeldelse af Alpine Style X903DDU2 Fiat Ducato 2006- Premium Multimedia Navigation<\/a>.<\/p>\n","protected":false},"excerpt":{"rendered":"<p>9-tommer multimedieenhed med navigation og drejbar sk\u00e6rm. Specielt designet til brug i autocampere. Den indbyggede navigation har s\u00e5kaldt camperkort, s\u00e5 det er muligt at undg\u00e5 veje, hvor camperen ikke kan v\u00e6re. Med indbygget CarPlay og Android Auto bliver, Alpine Style X903DDU2 Fiat Ducato 2006- Premium Multimedia Navigation.<\/p>\n","protected":false},"featured_media":6269,"comment_status":"closed","ping_status":"open","template":"","meta":{"_kad_post_transparent":"","_kad_post_title":"","_kad_post_layout":"","_kad_post_sidebar_id":"","_kad_post_content_style":"","_kad_post_vertical_padding":"","_kad_post_feature":"","_kad_post_feature_position":"","_kad_post_header":false,"_kad_post_footer":false},"product_cat":[3162,3189],"product_tag":[3164,2988,3190],"brand":[],"class_list":{"0":"post-6268","1":"product","2":"type-product","3":"status-publish","4":"has-post-thumbnail","6":"product_cat-bilstereo","7":"product_cat-navigation-til-bil","8":"product_tag-bilstereo","9":"product_tag-los","10":"product_tag-navigation-til-bil","12":"first","13":"instock","14":"sale","15":"product-type-external","16":"entry","17":"content-bg","18":"loop-entry"},"_links":{"self":[{"href":"https:\/\/bilshopping.dk\/index.php?rest_route=\/wp\/v2\/product\/6268","targetHints":{"allow":["GET"]}}],"collection":[{"href":"https:\/\/bilshopping.dk\/index.php?rest_route=\/wp\/v2\/product"}],"about":[{"href":"https:\/\/bilshopping.dk\/index.php?rest_route=\/wp\/v2\/types\/product"}],"replies":[{"embeddable":true,"href":"https:\/\/bilshopping.dk\/index.php?rest_route=%2Fwp%2Fv2%2Fcomments&post=6268"}],"wp:featuredmedia":[{"embeddable":true,"href":"https:\/\/bilshopping.dk\/index.php?rest_route=\/wp\/v2\/media\/6269"}],"wp:attachment":[{"href":"https:\/\/bilshopping.dk\/index.php?rest_route=%2Fwp%2Fv2%2Fmedia&parent=6268"}],"wp:term":[{"taxonomy":"product_cat","embeddable":true,"href":"https:\/\/bilshopping.dk\/index.php?rest_route=%2Fwp%2Fv2%2Fproduct_cat&post=6268"},{"taxonomy":"product_tag","embeddable":true,"href":"https:\/\/bilshopping.dk\/index.php?rest_route=%2Fwp%2Fv2%2Fproduct_tag&post=6268"},{"taxonomy":"brand","embeddable":true,"href":"https:\/\/bilshopping.dk\/index.php?rest_route=%2Fwp%2Fv2%2Fbrand&post=6268"}],"curies":[{"name":"wp","href":"https:\/\/api.w.org\/{rel}","templated":true}]}}