{"id":6274,"date":"2023-06-23T19:22:15","date_gmt":"2023-06-23T17:22:15","guid":{"rendered":"https:\/\/bilshopping.dk\/produkt\/stinger-kabelsaet-2-kanals-10-mm2-600-w\/"},"modified":"2023-06-23T19:22:29","modified_gmt":"2023-06-23T17:22:29","slug":"stinger-kabelsaet-2-kanals-10-mm2-600-w","status":"publish","type":"product","link":"https:\/\/bilshopping.dk\/?product=stinger-kabelsaet-2-kanals-10-mm2-600-w","title":{"rendered":"Stinger kabels\u00e6t 2-kanals, 10 mm2, 600 w"},"content":{"rendered":"<p>Produktid er <strong>2356<\/strong> og <strong>609098821230<\/strong><\/p>\n<h2>Anmeldelse af Stinger kabels\u00e6t 2-kanals, 10 mm2, 600 w<\/h2>\n<p>Se om vi har en <a href=\"https:\/\/bilshopping.dk\/592\">anmeldelse af Stinger kabels\u00e6t 2-kanals, 10 mm2, 600 w<\/a>.<\/p>\n","protected":false},"excerpt":{"rendered":"<p>Alle de n\u00f8dvendige dele til installation af din n\u00e6ste 2-kanal forst\u00e6rker.<br \/>\nS\u00e6ttet best\u00e5r af:<br \/>\n\tH\u00f8jttalerledning<br \/>\n\tMIDI sikringsholder<br \/>\n\tRingterminaler<br \/>\n\tStr\u00f8mledning<br \/>\n\tJordledning, Stinger kabels\u00e6t 2-kanals, 10 mm2, 600 w.<\/p>\n","protected":false},"featured_media":6275,"comment_status":"closed","ping_status":"open","template":"","meta":{"_kad_post_transparent":"","_kad_post_title":"","_kad_post_layout":"","_kad_post_sidebar_id":"","_kad_post_content_style":"","_kad_post_vertical_padding":"","_kad_post_feature":"","_kad_post_feature_position":"","_kad_post_header":false,"_kad_post_footer":false},"product_cat":[3162,3182],"product_tag":[3164,2988,3183],"brand":[],"class_list":{"0":"post-6274","1":"product","2":"type-product","3":"status-publish","4":"has-post-thumbnail","6":"product_cat-bilstereo","7":"product_cat-monteringsdele","8":"product_tag-bilstereo","9":"product_tag-los","10":"product_tag-monteringsdele","12":"first","13":"instock","14":"product-type-external","15":"entry","16":"content-bg","17":"loop-entry"},"_links":{"self":[{"href":"https:\/\/bilshopping.dk\/index.php?rest_route=\/wp\/v2\/product\/6274","targetHints":{"allow":["GET"]}}],"collection":[{"href":"https:\/\/bilshopping.dk\/index.php?rest_route=\/wp\/v2\/product"}],"about":[{"href":"https:\/\/bilshopping.dk\/index.php?rest_route=\/wp\/v2\/types\/product"}],"replies":[{"embeddable":true,"href":"https:\/\/bilshopping.dk\/index.php?rest_route=%2Fwp%2Fv2%2Fcomments&post=6274"}],"wp:featuredmedia":[{"embeddable":true,"href":"https:\/\/bilshopping.dk\/index.php?rest_route=\/wp\/v2\/media\/6275"}],"wp:attachment":[{"href":"https:\/\/bilshopping.dk\/index.php?rest_route=%2Fwp%2Fv2%2Fmedia&parent=6274"}],"wp:term":[{"taxonomy":"product_cat","embeddable":true,"href":"https:\/\/bilshopping.dk\/index.php?rest_route=%2Fwp%2Fv2%2Fproduct_cat&post=6274"},{"taxonomy":"product_tag","embeddable":true,"href":"https:\/\/bilshopping.dk\/index.php?rest_route=%2Fwp%2Fv2%2Fproduct_tag&post=6274"},{"taxonomy":"brand","embeddable":true,"href":"https:\/\/bilshopping.dk\/index.php?rest_route=%2Fwp%2Fv2%2Fbrand&post=6274"}],"curies":[{"name":"wp","href":"https:\/\/api.w.org\/{rel}","templated":true}]}}