{"id":6282,"date":"2023-06-23T19:22:33","date_gmt":"2023-06-23T17:22:33","guid":{"rendered":"https:\/\/bilshopping.dk\/produkt\/mtec-super-white-12v-2-stk-21-5w\/"},"modified":"2023-06-23T19:22:34","modified_gmt":"2023-06-23T17:22:34","slug":"mtec-super-white-12v-2-stk-21-5w","status":"publish","type":"product","link":"https:\/\/bilshopping.dk\/?product=mtec-super-white-12v-2-stk-21-5w","title":{"rendered":"MTEC Super White 12V, 2 stk. &#8211; 21\/5W"},"content":{"rendered":"<p>Produktid er <strong>2360<\/strong> og <strong>4931574502262<\/strong><\/p>\n<h2>Anmeldelse af MTEC Super White 12V, 2 stk. &#8211; 21\/5W<\/h2>\n<p>Se om vi har en <a href=\"https:\/\/bilshopping.dk\/592\">anmeldelse af MTEC Super White 12V, 2 stk. &#8211; 21\/5W<\/a>.<\/p>\n","protected":false},"excerpt":{"rendered":"<p>7443 MTEC 21\/5W p\u00e6re s\u00e6rlig velegnet til de nye &#8220;mini biler&#8221; s\u00e5som VW Up, Skoda Citigo, Peugeot 208 og mange andre med 21\/5W p\u00e6re til k\u00f8relys\/positionslys.<br \/>\nBEM\u00c6RK dette er gl\u00f8dep\u00e6rer med LED farve, MTEC Super White 12V, 2 stk. &#8211; 21\/5W.<\/p>\n","protected":false},"featured_media":6283,"comment_status":"closed","ping_status":"open","template":"","meta":{"_kad_post_transparent":"","_kad_post_title":"","_kad_post_layout":"","_kad_post_sidebar_id":"","_kad_post_content_style":"","_kad_post_vertical_padding":"","_kad_post_feature":"","_kad_post_feature_position":"","_kad_post_header":false,"_kad_post_footer":false},"product_cat":[3219,3208,3207],"product_tag":[2988,3220,3210,3209],"brand":[],"class_list":{"0":"post-6282","1":"product","2":"type-product","3":"status-publish","4":"has-post-thumbnail","6":"product_cat-mtec","7":"product_cat-paerer","8":"product_cat-udvendig-tilbehoer","9":"product_tag-los","10":"product_tag-mtec","11":"product_tag-paerer","12":"product_tag-udvendig-tilbehoer","14":"first","15":"instock","16":"sale","17":"product-type-external","18":"entry","19":"content-bg","20":"loop-entry"},"_links":{"self":[{"href":"https:\/\/bilshopping.dk\/index.php?rest_route=\/wp\/v2\/product\/6282","targetHints":{"allow":["GET"]}}],"collection":[{"href":"https:\/\/bilshopping.dk\/index.php?rest_route=\/wp\/v2\/product"}],"about":[{"href":"https:\/\/bilshopping.dk\/index.php?rest_route=\/wp\/v2\/types\/product"}],"replies":[{"embeddable":true,"href":"https:\/\/bilshopping.dk\/index.php?rest_route=%2Fwp%2Fv2%2Fcomments&post=6282"}],"wp:featuredmedia":[{"embeddable":true,"href":"https:\/\/bilshopping.dk\/index.php?rest_route=\/wp\/v2\/media\/6283"}],"wp:attachment":[{"href":"https:\/\/bilshopping.dk\/index.php?rest_route=%2Fwp%2Fv2%2Fmedia&parent=6282"}],"wp:term":[{"taxonomy":"product_cat","embeddable":true,"href":"https:\/\/bilshopping.dk\/index.php?rest_route=%2Fwp%2Fv2%2Fproduct_cat&post=6282"},{"taxonomy":"product_tag","embeddable":true,"href":"https:\/\/bilshopping.dk\/index.php?rest_route=%2Fwp%2Fv2%2Fproduct_tag&post=6282"},{"taxonomy":"brand","embeddable":true,"href":"https:\/\/bilshopping.dk\/index.php?rest_route=%2Fwp%2Fv2%2Fbrand&post=6282"}],"curies":[{"name":"wp","href":"https:\/\/api.w.org\/{rel}","templated":true}]}}