{"id":6290,"date":"2023-06-23T19:22:33","date_gmt":"2023-06-23T17:22:33","guid":{"rendered":"https:\/\/bilshopping.dk\/produkt\/t-kabel-til-audi-seat-skoda-og-vw\/"},"modified":"2023-06-23T19:22:37","modified_gmt":"2023-06-23T17:22:37","slug":"t-kabel-til-audi-seat-skoda-og-vw","status":"publish","type":"product","link":"https:\/\/bilshopping.dk\/?product=t-kabel-til-audi-seat-skoda-og-vw","title":{"rendered":"T-kabel til Audi, Seat, Skoda og VW"},"content":{"rendered":"<p>Produktid er <strong>2365<\/strong> og <strong>8028158022516<\/strong><\/p>\n<h2>Anmeldelse af T-kabel til Audi, Seat, Skoda og VW<\/h2>\n<p>Se om vi har en <a href=\"https:\/\/bilshopping.dk\/592\">anmeldelse af T-kabel til Audi, Seat, Skoda og VW<\/a>.<\/p>\n","protected":false},"excerpt":{"rendered":"<p>T-kabel til bilmodeller med standard lyd anl\u00e6g. Til montering af forst\u00e6rker eller en aktiv subwoofer n\u00e5r man bruger den originale radio., T-kabel til Audi, Seat, Skoda og VW.<\/p>\n","protected":false},"featured_media":6291,"comment_status":"closed","ping_status":"open","template":"","meta":{"_kad_post_transparent":"","_kad_post_title":"","_kad_post_layout":"","_kad_post_sidebar_id":"","_kad_post_content_style":"","_kad_post_vertical_padding":"","_kad_post_feature":"","_kad_post_feature_position":"","_kad_post_header":false,"_kad_post_footer":false},"product_cat":[3162,3182],"product_tag":[3164,2988,3183],"brand":[],"class_list":{"0":"post-6290","1":"product","2":"type-product","3":"status-publish","4":"has-post-thumbnail","6":"product_cat-bilstereo","7":"product_cat-monteringsdele","8":"product_tag-bilstereo","9":"product_tag-los","10":"product_tag-monteringsdele","12":"first","13":"instock","14":"product-type-external","15":"entry","16":"content-bg","17":"loop-entry"},"_links":{"self":[{"href":"https:\/\/bilshopping.dk\/index.php?rest_route=\/wp\/v2\/product\/6290","targetHints":{"allow":["GET"]}}],"collection":[{"href":"https:\/\/bilshopping.dk\/index.php?rest_route=\/wp\/v2\/product"}],"about":[{"href":"https:\/\/bilshopping.dk\/index.php?rest_route=\/wp\/v2\/types\/product"}],"replies":[{"embeddable":true,"href":"https:\/\/bilshopping.dk\/index.php?rest_route=%2Fwp%2Fv2%2Fcomments&post=6290"}],"wp:featuredmedia":[{"embeddable":true,"href":"https:\/\/bilshopping.dk\/index.php?rest_route=\/wp\/v2\/media\/6291"}],"wp:attachment":[{"href":"https:\/\/bilshopping.dk\/index.php?rest_route=%2Fwp%2Fv2%2Fmedia&parent=6290"}],"wp:term":[{"taxonomy":"product_cat","embeddable":true,"href":"https:\/\/bilshopping.dk\/index.php?rest_route=%2Fwp%2Fv2%2Fproduct_cat&post=6290"},{"taxonomy":"product_tag","embeddable":true,"href":"https:\/\/bilshopping.dk\/index.php?rest_route=%2Fwp%2Fv2%2Fproduct_tag&post=6290"},{"taxonomy":"brand","embeddable":true,"href":"https:\/\/bilshopping.dk\/index.php?rest_route=%2Fwp%2Fv2%2Fbrand&post=6290"}],"curies":[{"name":"wp","href":"https:\/\/api.w.org\/{rel}","templated":true}]}}