{"id":6292,"date":"2023-06-23T19:22:33","date_gmt":"2023-06-23T17:22:33","guid":{"rendered":"https:\/\/bilshopping.dk\/produkt\/pinolpaere-12v-6xled-44-mm-xenon-hvid-1-stk\/"},"modified":"2023-06-23T19:22:40","modified_gmt":"2023-06-23T17:22:40","slug":"pinolpaere-12v-6xled-44-mm-xenon-hvid-1-stk","status":"publish","type":"product","link":"https:\/\/bilshopping.dk\/?product=pinolpaere-12v-6xled-44-mm-xenon-hvid-1-stk","title":{"rendered":"Pinolp\u00e6re 12V 6xLED 44 mm &#8211; Xenon hvid &#8211; 1 stk."},"content":{"rendered":"<p>Produktid er <strong>2366<\/strong> og <strong><\/strong><\/p>\n<h2>Anmeldelse af Pinolp\u00e6re 12V 6xLED 44 mm &#8211; Xenon hvid &#8211; 1 stk.<\/h2>\n<p>Se om vi har en <a href=\"https:\/\/bilshopping.dk\/592\">anmeldelse af Pinolp\u00e6re 12V 6xLED 44 mm &#8211; Xenon hvid &#8211; 1 stk.<\/a>.<\/p>\n","protected":false},"excerpt":{"rendered":"<p>Ekstra kraftig pinolp\u00e6re med 6 stk SuperFlux dioder.<br \/>\nVores Superflux\u00c2\u00a0er lavet med 3-Chip teknologi, hvilket g\u00f8r dem 3 gange kraftigere end normale dioder.\u00c2\u00a0<br \/>\nTilmed har den ogs\u00e5 indbygget sp\u00e6ndingsregulator, s\u00e5 den er beskyttet for f.eks h\u00f8j ladesp\u00e6nding., Pinolp\u00e6re 12V 6xLED 44 mm &#8211; Xenon hvid &#8211; 1 stk..<\/p>\n","protected":false},"featured_media":6293,"comment_status":"closed","ping_status":"open","template":"","meta":{"_kad_post_transparent":"","_kad_post_title":"","_kad_post_layout":"","_kad_post_sidebar_id":"","_kad_post_content_style":"","_kad_post_vertical_padding":"","_kad_post_feature":"","_kad_post_feature_position":"","_kad_post_header":false,"_kad_post_footer":false},"product_cat":[3208,3207],"product_tag":[2988,3210,3209],"brand":[],"class_list":{"0":"post-6292","1":"product","2":"type-product","3":"status-publish","4":"has-post-thumbnail","6":"product_cat-paerer","7":"product_cat-udvendig-tilbehoer","8":"product_tag-los","9":"product_tag-paerer","10":"product_tag-udvendig-tilbehoer","12":"first","13":"instock","14":"product-type-external","15":"entry","16":"content-bg","17":"loop-entry"},"_links":{"self":[{"href":"https:\/\/bilshopping.dk\/index.php?rest_route=\/wp\/v2\/product\/6292","targetHints":{"allow":["GET"]}}],"collection":[{"href":"https:\/\/bilshopping.dk\/index.php?rest_route=\/wp\/v2\/product"}],"about":[{"href":"https:\/\/bilshopping.dk\/index.php?rest_route=\/wp\/v2\/types\/product"}],"replies":[{"embeddable":true,"href":"https:\/\/bilshopping.dk\/index.php?rest_route=%2Fwp%2Fv2%2Fcomments&post=6292"}],"wp:featuredmedia":[{"embeddable":true,"href":"https:\/\/bilshopping.dk\/index.php?rest_route=\/wp\/v2\/media\/6293"}],"wp:attachment":[{"href":"https:\/\/bilshopping.dk\/index.php?rest_route=%2Fwp%2Fv2%2Fmedia&parent=6292"}],"wp:term":[{"taxonomy":"product_cat","embeddable":true,"href":"https:\/\/bilshopping.dk\/index.php?rest_route=%2Fwp%2Fv2%2Fproduct_cat&post=6292"},{"taxonomy":"product_tag","embeddable":true,"href":"https:\/\/bilshopping.dk\/index.php?rest_route=%2Fwp%2Fv2%2Fproduct_tag&post=6292"},{"taxonomy":"brand","embeddable":true,"href":"https:\/\/bilshopping.dk\/index.php?rest_route=%2Fwp%2Fv2%2Fbrand&post=6292"}],"curies":[{"name":"wp","href":"https:\/\/api.w.org\/{rel}","templated":true}]}}