{"id":6304,"date":"2023-06-23T19:22:33","date_gmt":"2023-06-23T17:22:33","guid":{"rendered":"https:\/\/bilshopping.dk\/produkt\/alpine-kta-450-add-on-forstaerker-til-ilx-w650bt\/"},"modified":"2023-06-23T19:22:47","modified_gmt":"2023-06-23T17:22:47","slug":"alpine-kta-450-add-on-forstaerker-til-ilx-w650bt","status":"publish","type":"product","link":"https:\/\/bilshopping.dk\/?product=alpine-kta-450-add-on-forstaerker-til-ilx-w650bt","title":{"rendered":"Alpine KTA-450 add-on forst\u00e6rker til ILX-W650BT"},"content":{"rendered":"<p>Produktid er <strong>2374<\/strong> og <strong>793276242822<\/strong><\/p>\n<h2>Anmeldelse af Alpine KTA-450 add-on forst\u00e6rker til ILX-W650BT<\/h2>\n<p>Se om vi har en <a href=\"https:\/\/bilshopping.dk\/592\">anmeldelse af Alpine KTA-450 add-on forst\u00e6rker til ILX-W650BT<\/a>.<\/p>\n","protected":false},"excerpt":{"rendered":"<p>4-kanals forst\u00e6rker (til hovedenhedens str\u00f8mstik)<br \/>\nKTA-450 er en meget kompakt 4\/2-kanals forst\u00e6rker, der hovedsageligt er designet til at blive monteret bag p\u00e5 iLX-W650BT, men kan ogs\u00e5 bruges stand-alone i enhver universel konfiguration i din bil.<br \/>\nMed Alp, Alpine KTA-450 add-on forst\u00e6rker til ILX-W650BT.<\/p>\n","protected":false},"featured_media":6305,"comment_status":"closed","ping_status":"open","template":"","meta":{"_kad_post_transparent":"","_kad_post_title":"","_kad_post_layout":"","_kad_post_sidebar_id":"","_kad_post_content_style":"","_kad_post_vertical_padding":"","_kad_post_feature":"","_kad_post_feature_position":"","_kad_post_header":false,"_kad_post_footer":false},"product_cat":[3162,3176],"product_tag":[3164,3177,2988],"brand":[],"class_list":{"0":"post-6304","1":"product","2":"type-product","3":"status-publish","4":"has-post-thumbnail","6":"product_cat-bilstereo","7":"product_cat-forstaerkere","8":"product_tag-bilstereo","9":"product_tag-forstaerkere","10":"product_tag-los","12":"first","13":"instock","14":"sale","15":"product-type-external","16":"entry","17":"content-bg","18":"loop-entry"},"_links":{"self":[{"href":"https:\/\/bilshopping.dk\/index.php?rest_route=\/wp\/v2\/product\/6304","targetHints":{"allow":["GET"]}}],"collection":[{"href":"https:\/\/bilshopping.dk\/index.php?rest_route=\/wp\/v2\/product"}],"about":[{"href":"https:\/\/bilshopping.dk\/index.php?rest_route=\/wp\/v2\/types\/product"}],"replies":[{"embeddable":true,"href":"https:\/\/bilshopping.dk\/index.php?rest_route=%2Fwp%2Fv2%2Fcomments&post=6304"}],"wp:featuredmedia":[{"embeddable":true,"href":"https:\/\/bilshopping.dk\/index.php?rest_route=\/wp\/v2\/media\/6305"}],"wp:attachment":[{"href":"https:\/\/bilshopping.dk\/index.php?rest_route=%2Fwp%2Fv2%2Fmedia&parent=6304"}],"wp:term":[{"taxonomy":"product_cat","embeddable":true,"href":"https:\/\/bilshopping.dk\/index.php?rest_route=%2Fwp%2Fv2%2Fproduct_cat&post=6304"},{"taxonomy":"product_tag","embeddable":true,"href":"https:\/\/bilshopping.dk\/index.php?rest_route=%2Fwp%2Fv2%2Fproduct_tag&post=6304"},{"taxonomy":"brand","embeddable":true,"href":"https:\/\/bilshopping.dk\/index.php?rest_route=%2Fwp%2Fv2%2Fbrand&post=6304"}],"curies":[{"name":"wp","href":"https:\/\/api.w.org\/{rel}","templated":true}]}}