{"id":6311,"date":"2023-06-23T19:22:33","date_gmt":"2023-06-23T17:22:33","guid":{"rendered":"https:\/\/bilshopping.dk\/produkt\/rockford-fosgate-t1650-power-coaxial-hoejtaler-165-mm-2-vejs\/"},"modified":"2023-06-23T19:22:51","modified_gmt":"2023-06-23T17:22:51","slug":"rockford-fosgate-t1650-power-coaxial-hoejtaler-165-mm-2-vejs","status":"publish","type":"product","link":"https:\/\/bilshopping.dk\/?product=rockford-fosgate-t1650-power-coaxial-hoejtaler-165-mm-2-vejs","title":{"rendered":"Rockford Fosgate T1650 Power coaxial h\u00f8jtaler 165 mm &#8211; 2-vejs"},"content":{"rendered":"<p>Produktid er <strong>2378<\/strong> og <strong>780687345310<\/strong><\/p>\n<h2>Anmeldelse af Rockford Fosgate T1650 Power coaxial h\u00f8jtaler 165 mm &#8211; 2-vejs<\/h2>\n<p>Se om vi har en <a href=\"https:\/\/bilshopping.dk\/592\">anmeldelse af Rockford Fosgate T1650 Power coaxial h\u00f8jtaler 165 mm &#8211; 2-vejs<\/a>.<\/p>\n","protected":false},"excerpt":{"rendered":"<p>F\u00e5 Power-serien lydkvalitet i en drop-in h\u00f8jttaler. Disse 165 mm (6,5) &#8220;2-vejs full-range h\u00f8jttalere har alle de fedeste funktioner fra &#8211; deres storebror &#8211; T1 komponent systemet., Rockford Fosgate T1650 Power coaxial h\u00f8jtaler 165 mm &#8211; 2-vejs.<\/p>\n","protected":false},"featured_media":6312,"comment_status":"closed","ping_status":"open","template":"","meta":{"_kad_post_transparent":"","_kad_post_title":"","_kad_post_layout":"","_kad_post_sidebar_id":"","_kad_post_content_style":"","_kad_post_vertical_padding":"","_kad_post_feature":"","_kad_post_feature_position":"","_kad_post_header":false,"_kad_post_footer":false},"product_cat":[3162,3180],"product_tag":[3164,3181,2988],"brand":[],"class_list":{"0":"post-6311","1":"product","2":"type-product","3":"status-publish","4":"has-post-thumbnail","6":"product_cat-bilstereo","7":"product_cat-hoejttalere","8":"product_tag-bilstereo","9":"product_tag-hoejttalere","10":"product_tag-los","12":"first","13":"instock","14":"sale","15":"product-type-external","16":"entry","17":"content-bg","18":"loop-entry"},"_links":{"self":[{"href":"https:\/\/bilshopping.dk\/index.php?rest_route=\/wp\/v2\/product\/6311","targetHints":{"allow":["GET"]}}],"collection":[{"href":"https:\/\/bilshopping.dk\/index.php?rest_route=\/wp\/v2\/product"}],"about":[{"href":"https:\/\/bilshopping.dk\/index.php?rest_route=\/wp\/v2\/types\/product"}],"replies":[{"embeddable":true,"href":"https:\/\/bilshopping.dk\/index.php?rest_route=%2Fwp%2Fv2%2Fcomments&post=6311"}],"wp:featuredmedia":[{"embeddable":true,"href":"https:\/\/bilshopping.dk\/index.php?rest_route=\/wp\/v2\/media\/6312"}],"wp:attachment":[{"href":"https:\/\/bilshopping.dk\/index.php?rest_route=%2Fwp%2Fv2%2Fmedia&parent=6311"}],"wp:term":[{"taxonomy":"product_cat","embeddable":true,"href":"https:\/\/bilshopping.dk\/index.php?rest_route=%2Fwp%2Fv2%2Fproduct_cat&post=6311"},{"taxonomy":"product_tag","embeddable":true,"href":"https:\/\/bilshopping.dk\/index.php?rest_route=%2Fwp%2Fv2%2Fproduct_tag&post=6311"},{"taxonomy":"brand","embeddable":true,"href":"https:\/\/bilshopping.dk\/index.php?rest_route=%2Fwp%2Fv2%2Fbrand&post=6311"}],"curies":[{"name":"wp","href":"https:\/\/api.w.org\/{rel}","templated":true}]}}