{"id":6325,"date":"2023-06-23T19:23:04","date_gmt":"2023-06-23T17:23:04","guid":{"rendered":"https:\/\/bilshopping.dk\/produkt\/innotec-tyre-lube-500-ml\/"},"modified":"2023-06-23T19:23:10","modified_gmt":"2023-06-23T17:23:10","slug":"innotec-tyre-lube-500-ml","status":"publish","type":"product","link":"https:\/\/bilshopping.dk\/?product=innotec-tyre-lube-500-ml","title":{"rendered":"Innotec Tyre lube &#8211; 500 ml."},"content":{"rendered":"<p>Produktid er <strong>2385<\/strong> og <strong><\/strong><\/p>\n<h2>Anmeldelse af Innotec Tyre lube &#8211; 500 ml.<\/h2>\n<p>Se om vi har en <a href=\"https:\/\/bilshopping.dk\/592\">anmeldelse af Innotec Tyre lube &#8211; 500 ml.<\/a>.<\/p>\n","protected":false},"excerpt":{"rendered":"<p>Tyre Lube er et sm\u00f8remiddel af h\u00f8j kvalitet til (de)montering af gummidele s\u00e5som d\u00e6k, glaslister af gummi osv.<br \/>\nProduktet er specielt designet til professionel (de)montering af alle moderne d\u00e6k p\u00e5 st\u00e5l- eller sarte letmetal-f\u00e6lge b\u00e5de til bil, lastbil, tra, Innotec Tyre lube &#8211; 500 ml..<\/p>\n","protected":false},"featured_media":6326,"comment_status":"closed","ping_status":"open","template":"","meta":{"_kad_post_transparent":"","_kad_post_title":"","_kad_post_layout":"","_kad_post_sidebar_id":"","_kad_post_content_style":"","_kad_post_vertical_padding":"","_kad_post_feature":"","_kad_post_feature_position":"","_kad_post_header":false,"_kad_post_footer":false},"product_cat":[3127,3137],"product_tag":[2988,3129,3138],"brand":[],"class_list":{"0":"post-6325","1":"product","2":"type-product","3":"status-publish","4":"has-post-thumbnail","6":"product_cat-olie-kemi","7":"product_cat-smoeremidler","8":"product_tag-los","9":"product_tag-olie-kemi","10":"product_tag-smoeremidler","12":"first","13":"instock","14":"product-type-external","15":"entry","16":"content-bg","17":"loop-entry"},"_links":{"self":[{"href":"https:\/\/bilshopping.dk\/index.php?rest_route=\/wp\/v2\/product\/6325","targetHints":{"allow":["GET"]}}],"collection":[{"href":"https:\/\/bilshopping.dk\/index.php?rest_route=\/wp\/v2\/product"}],"about":[{"href":"https:\/\/bilshopping.dk\/index.php?rest_route=\/wp\/v2\/types\/product"}],"replies":[{"embeddable":true,"href":"https:\/\/bilshopping.dk\/index.php?rest_route=%2Fwp%2Fv2%2Fcomments&post=6325"}],"wp:featuredmedia":[{"embeddable":true,"href":"https:\/\/bilshopping.dk\/index.php?rest_route=\/wp\/v2\/media\/6326"}],"wp:attachment":[{"href":"https:\/\/bilshopping.dk\/index.php?rest_route=%2Fwp%2Fv2%2Fmedia&parent=6325"}],"wp:term":[{"taxonomy":"product_cat","embeddable":true,"href":"https:\/\/bilshopping.dk\/index.php?rest_route=%2Fwp%2Fv2%2Fproduct_cat&post=6325"},{"taxonomy":"product_tag","embeddable":true,"href":"https:\/\/bilshopping.dk\/index.php?rest_route=%2Fwp%2Fv2%2Fproduct_tag&post=6325"},{"taxonomy":"brand","embeddable":true,"href":"https:\/\/bilshopping.dk\/index.php?rest_route=%2Fwp%2Fv2%2Fbrand&post=6325"}],"curies":[{"name":"wp","href":"https:\/\/api.w.org\/{rel}","templated":true}]}}