{"id":6335,"date":"2023-06-23T19:23:04","date_gmt":"2023-06-23T17:23:04","guid":{"rendered":"https:\/\/bilshopping.dk\/produkt\/alpine-pdp-e802dsp-8-kanals-dsp-forstaerker\/"},"modified":"2023-06-23T19:23:14","modified_gmt":"2023-06-23T17:23:14","slug":"alpine-pdp-e802dsp-8-kanals-dsp-forstaerker","status":"publish","type":"product","link":"https:\/\/bilshopping.dk\/?product=alpine-pdp-e802dsp-8-kanals-dsp-forstaerker","title":{"rendered":"Alpine PDP-E802DSP 8 Kanals DSP forst\u00e6rker"},"content":{"rendered":"<p>Produktid er <strong>2392<\/strong> og <strong>4958043824809<\/strong><\/p>\n<h2>Anmeldelse af Alpine PDP-E802DSP 8 Kanals DSP forst\u00e6rker<\/h2>\n<p>Se om vi har en <a href=\"https:\/\/bilshopping.dk\/592\">anmeldelse af Alpine PDP-E802DSP 8 Kanals DSP forst\u00e6rker<\/a>.<\/p>\n","protected":false},"excerpt":{"rendered":"<p>Denne unikke alt-i-en-l\u00f8sning kan anvendes alsidigt og tilbyder, med sine forbindelsesmuligheder, lydopgraderinger til n\u00e6sten alle k\u00f8ret\u00f8jer.<br \/>\nMed 6 indgangskanaler (forforst\u00e6rker og h\u00f8jttaler) samt op til 8 frit konfigurerbare udgangskanaler kan forskelli, Alpine PDP-E802DSP 8 Kanals DSP forst\u00e6rker.<\/p>\n","protected":false},"featured_media":6336,"comment_status":"closed","ping_status":"open","template":"","meta":{"_kad_post_transparent":"","_kad_post_title":"","_kad_post_layout":"","_kad_post_sidebar_id":"","_kad_post_content_style":"","_kad_post_vertical_padding":"","_kad_post_feature":"","_kad_post_feature_position":"","_kad_post_header":false,"_kad_post_footer":false},"product_cat":[3162,3176],"product_tag":[3164,3177,2988],"brand":[],"class_list":{"0":"post-6335","1":"product","2":"type-product","3":"status-publish","4":"has-post-thumbnail","6":"product_cat-bilstereo","7":"product_cat-forstaerkere","8":"product_tag-bilstereo","9":"product_tag-forstaerkere","10":"product_tag-los","12":"first","13":"instock","14":"sale","15":"product-type-external","16":"entry","17":"content-bg","18":"loop-entry"},"_links":{"self":[{"href":"https:\/\/bilshopping.dk\/index.php?rest_route=\/wp\/v2\/product\/6335","targetHints":{"allow":["GET"]}}],"collection":[{"href":"https:\/\/bilshopping.dk\/index.php?rest_route=\/wp\/v2\/product"}],"about":[{"href":"https:\/\/bilshopping.dk\/index.php?rest_route=\/wp\/v2\/types\/product"}],"replies":[{"embeddable":true,"href":"https:\/\/bilshopping.dk\/index.php?rest_route=%2Fwp%2Fv2%2Fcomments&post=6335"}],"wp:featuredmedia":[{"embeddable":true,"href":"https:\/\/bilshopping.dk\/index.php?rest_route=\/wp\/v2\/media\/6336"}],"wp:attachment":[{"href":"https:\/\/bilshopping.dk\/index.php?rest_route=%2Fwp%2Fv2%2Fmedia&parent=6335"}],"wp:term":[{"taxonomy":"product_cat","embeddable":true,"href":"https:\/\/bilshopping.dk\/index.php?rest_route=%2Fwp%2Fv2%2Fproduct_cat&post=6335"},{"taxonomy":"product_tag","embeddable":true,"href":"https:\/\/bilshopping.dk\/index.php?rest_route=%2Fwp%2Fv2%2Fproduct_tag&post=6335"},{"taxonomy":"brand","embeddable":true,"href":"https:\/\/bilshopping.dk\/index.php?rest_route=%2Fwp%2Fv2%2Fbrand&post=6335"}],"curies":[{"name":"wp","href":"https:\/\/api.w.org\/{rel}","templated":true}]}}