{"id":6370,"date":"2023-06-23T19:23:24","date_gmt":"2023-06-23T17:23:24","guid":{"rendered":"https:\/\/bilshopping.dk\/produkt\/permanent-baglys\/"},"modified":"2023-06-23T19:23:27","modified_gmt":"2023-06-23T17:23:27","slug":"permanent-baglys","status":"publish","type":"product","link":"https:\/\/bilshopping.dk\/?product=permanent-baglys","title":{"rendered":"Permanent Baglys"},"content":{"rendered":"<p>Produktid er <strong>2412<\/strong> og <strong>5714896000789<\/strong><\/p>\n<h2>Anmeldelse af Permanent Baglys<\/h2>\n<p>Se om vi har en <a href=\"https:\/\/bilshopping.dk\/592\">anmeldelse af Permanent Baglys<\/a>.<\/p>\n","protected":false},"excerpt":{"rendered":"<p>Baglygters\u00e6ttet BL14-0600 til baglygter bruges prim\u00e6rt til f\u00f8lgende bilm\u00e6rker:<br \/>\nCitro\u00c3\u00abn<br \/>\nDacia<br \/>\nFiat<br \/>\nHonda<br \/>\nMazda<br \/>\nMercedes<br \/>\nMitsubishi<br \/>\nNissan<br \/>\nOpel<br \/>\nPeugeot<br \/>\nRenault<br \/>\nSuzuki<br \/>\nToyota<br \/>\nVW, Permanent Baglys.<\/p>\n","protected":false},"featured_media":6367,"comment_status":"closed","ping_status":"open","template":"","meta":{"_kad_post_transparent":"","_kad_post_title":"","_kad_post_layout":"","_kad_post_sidebar_id":"","_kad_post_content_style":"","_kad_post_vertical_padding":"","_kad_post_feature":"","_kad_post_feature_position":"","_kad_post_header":false,"_kad_post_footer":false},"product_cat":[3323,3207],"product_tag":[2988,3324,3209],"brand":[],"class_list":{"0":"post-6370","1":"product","2":"type-product","3":"status-publish","4":"has-post-thumbnail","6":"product_cat-permanent-baglys","7":"product_cat-udvendig-tilbehoer","8":"product_tag-los","9":"product_tag-permanent-baglys","10":"product_tag-udvendig-tilbehoer","12":"first","13":"instock","14":"product-type-external","15":"entry","16":"content-bg","17":"loop-entry"},"_links":{"self":[{"href":"https:\/\/bilshopping.dk\/index.php?rest_route=\/wp\/v2\/product\/6370","targetHints":{"allow":["GET"]}}],"collection":[{"href":"https:\/\/bilshopping.dk\/index.php?rest_route=\/wp\/v2\/product"}],"about":[{"href":"https:\/\/bilshopping.dk\/index.php?rest_route=\/wp\/v2\/types\/product"}],"replies":[{"embeddable":true,"href":"https:\/\/bilshopping.dk\/index.php?rest_route=%2Fwp%2Fv2%2Fcomments&post=6370"}],"wp:featuredmedia":[{"embeddable":true,"href":"https:\/\/bilshopping.dk\/index.php?rest_route=\/wp\/v2\/media\/6367"}],"wp:attachment":[{"href":"https:\/\/bilshopping.dk\/index.php?rest_route=%2Fwp%2Fv2%2Fmedia&parent=6370"}],"wp:term":[{"taxonomy":"product_cat","embeddable":true,"href":"https:\/\/bilshopping.dk\/index.php?rest_route=%2Fwp%2Fv2%2Fproduct_cat&post=6370"},{"taxonomy":"product_tag","embeddable":true,"href":"https:\/\/bilshopping.dk\/index.php?rest_route=%2Fwp%2Fv2%2Fproduct_tag&post=6370"},{"taxonomy":"brand","embeddable":true,"href":"https:\/\/bilshopping.dk\/index.php?rest_route=%2Fwp%2Fv2%2Fbrand&post=6370"}],"curies":[{"name":"wp","href":"https:\/\/api.w.org\/{rel}","templated":true}]}}