{"id":6437,"date":"2023-06-23T19:24:12","date_gmt":"2023-06-23T17:24:12","guid":{"rendered":"https:\/\/bilshopping.dk\/produkt\/digital-daektryksmaaler\/"},"modified":"2023-06-23T19:25:16","modified_gmt":"2023-06-23T17:25:16","slug":"digital-daektryksmaaler","status":"publish","type":"product","link":"https:\/\/bilshopping.dk\/?product=digital-daektryksmaaler","title":{"rendered":"Digital d\u00e6ktryksm\u00e5ler"},"content":{"rendered":"<p>Produktid er <strong>2448<\/strong> og <strong>8711293481101<\/strong><\/p>\n<h2>Anmeldelse af Digital d\u00e6ktryksm\u00e5ler<\/h2>\n<p>Se om vi har en <a href=\"https:\/\/bilshopping.dk\/592\">anmeldelse af Digital d\u00e6ktryksm\u00e5ler<\/a>.<\/p>\n","protected":false},"excerpt":{"rendered":"<p>Digital d\u00e6ktrykm\u00e5ler med indbygget lys.<br \/>\nSolceller s\u00f8rger for &#8220;str\u00f8mmen&#8221; i instrumentet., Digital d\u00e6ktryksm\u00e5ler.<\/p>\n","protected":false},"featured_media":6438,"comment_status":"closed","ping_status":"open","template":"","meta":{"_kad_post_transparent":"","_kad_post_title":"","_kad_post_layout":"","_kad_post_sidebar_id":"","_kad_post_content_style":"","_kad_post_vertical_padding":"","_kad_post_feature":"","_kad_post_feature_position":"","_kad_post_header":false,"_kad_post_footer":false},"product_cat":[3243],"product_tag":[2988,3244],"brand":[],"class_list":{"0":"post-6437","1":"product","2":"type-product","3":"status-publish","4":"has-post-thumbnail","6":"product_cat-vaerktoej","7":"product_tag-los","8":"product_tag-vaerktoej","10":"first","11":"instock","12":"product-type-external","13":"entry","14":"content-bg","15":"loop-entry"},"_links":{"self":[{"href":"https:\/\/bilshopping.dk\/index.php?rest_route=\/wp\/v2\/product\/6437","targetHints":{"allow":["GET"]}}],"collection":[{"href":"https:\/\/bilshopping.dk\/index.php?rest_route=\/wp\/v2\/product"}],"about":[{"href":"https:\/\/bilshopping.dk\/index.php?rest_route=\/wp\/v2\/types\/product"}],"replies":[{"embeddable":true,"href":"https:\/\/bilshopping.dk\/index.php?rest_route=%2Fwp%2Fv2%2Fcomments&post=6437"}],"wp:featuredmedia":[{"embeddable":true,"href":"https:\/\/bilshopping.dk\/index.php?rest_route=\/wp\/v2\/media\/6438"}],"wp:attachment":[{"href":"https:\/\/bilshopping.dk\/index.php?rest_route=%2Fwp%2Fv2%2Fmedia&parent=6437"}],"wp:term":[{"taxonomy":"product_cat","embeddable":true,"href":"https:\/\/bilshopping.dk\/index.php?rest_route=%2Fwp%2Fv2%2Fproduct_cat&post=6437"},{"taxonomy":"product_tag","embeddable":true,"href":"https:\/\/bilshopping.dk\/index.php?rest_route=%2Fwp%2Fv2%2Fproduct_tag&post=6437"},{"taxonomy":"brand","embeddable":true,"href":"https:\/\/bilshopping.dk\/index.php?rest_route=%2Fwp%2Fv2%2Fbrand&post=6437"}],"curies":[{"name":"wp","href":"https:\/\/api.w.org\/{rel}","templated":true}]}}