{"id":6445,"date":"2023-06-23T19:25:18","date_gmt":"2023-06-23T17:25:18","guid":{"rendered":"https:\/\/bilshopping.dk\/produkt\/sikkerhedspakke-til-bil\/"},"modified":"2023-06-23T19:25:20","modified_gmt":"2023-06-23T17:25:20","slug":"sikkerhedspakke-til-bil","status":"publish","type":"product","link":"https:\/\/bilshopping.dk\/?product=sikkerhedspakke-til-bil","title":{"rendered":"Sikkerhedspakke til bil"},"content":{"rendered":"<p>Produktid er <strong>2452<\/strong> og <strong><\/strong><\/p>\n<h2>Anmeldelse af Sikkerhedspakke til bil<\/h2>\n<p>Se om vi har en <a href=\"https:\/\/bilshopping.dk\/592\">anmeldelse af Sikkerhedspakke til bil<\/a>.<\/p>\n","protected":false},"excerpt":{"rendered":"<p>Pakken indeholder advarselstrekant som er lovligtig ved havari, samt f\u00f8rstehj\u00e6lpstaske og gule sikkerhedsveste. Et s\u00e6t indeholdende det man b\u00f8r have liggende i bilen, og som man forh\u00e5bentlig aldrig f\u00e5r brug for., Sikkerhedspakke til bil.<\/p>\n","protected":false},"featured_media":6446,"comment_status":"closed","ping_status":"open","template":"","meta":{"_kad_post_transparent":"","_kad_post_title":"","_kad_post_layout":"","_kad_post_sidebar_id":"","_kad_post_content_style":"","_kad_post_vertical_padding":"","_kad_post_feature":"","_kad_post_feature_position":"","_kad_post_header":false,"_kad_post_footer":false},"product_cat":[3211,3327],"product_tag":[3213,2988,3328],"brand":[],"class_list":{"0":"post-6445","1":"product","2":"type-product","3":"status-publish","4":"has-post-thumbnail","6":"product_cat-indvendig-tilbehoer","7":"product_cat-sikkerhed","8":"product_tag-indvendig-tilbehoer","9":"product_tag-los","10":"product_tag-sikkerhed","12":"first","13":"instock","14":"product-type-external","15":"entry","16":"content-bg","17":"loop-entry"},"_links":{"self":[{"href":"https:\/\/bilshopping.dk\/index.php?rest_route=\/wp\/v2\/product\/6445","targetHints":{"allow":["GET"]}}],"collection":[{"href":"https:\/\/bilshopping.dk\/index.php?rest_route=\/wp\/v2\/product"}],"about":[{"href":"https:\/\/bilshopping.dk\/index.php?rest_route=\/wp\/v2\/types\/product"}],"replies":[{"embeddable":true,"href":"https:\/\/bilshopping.dk\/index.php?rest_route=%2Fwp%2Fv2%2Fcomments&post=6445"}],"wp:featuredmedia":[{"embeddable":true,"href":"https:\/\/bilshopping.dk\/index.php?rest_route=\/wp\/v2\/media\/6446"}],"wp:attachment":[{"href":"https:\/\/bilshopping.dk\/index.php?rest_route=%2Fwp%2Fv2%2Fmedia&parent=6445"}],"wp:term":[{"taxonomy":"product_cat","embeddable":true,"href":"https:\/\/bilshopping.dk\/index.php?rest_route=%2Fwp%2Fv2%2Fproduct_cat&post=6445"},{"taxonomy":"product_tag","embeddable":true,"href":"https:\/\/bilshopping.dk\/index.php?rest_route=%2Fwp%2Fv2%2Fproduct_tag&post=6445"},{"taxonomy":"brand","embeddable":true,"href":"https:\/\/bilshopping.dk\/index.php?rest_route=%2Fwp%2Fv2%2Fbrand&post=6445"}],"curies":[{"name":"wp","href":"https:\/\/api.w.org\/{rel}","templated":true}]}}