{"id":6453,"date":"2023-06-23T19:25:18","date_gmt":"2023-06-23T17:25:18","guid":{"rendered":"https:\/\/bilshopping.dk\/produkt\/nikkehund-brun\/"},"modified":"2023-06-23T19:25:22","modified_gmt":"2023-06-23T17:25:22","slug":"nikkehund-brun","status":"publish","type":"product","link":"https:\/\/bilshopping.dk\/?product=nikkehund-brun","title":{"rendered":"Nikkehund brun"},"content":{"rendered":"<p>Produktid er <strong>2456<\/strong> og <strong>8711252025872<\/strong><\/p>\n<h2>Anmeldelse af Nikkehund brun<\/h2>\n<p>Se om vi har en <a href=\"https:\/\/bilshopping.dk\/592\">anmeldelse af Nikkehund brun<\/a>.<\/p>\n","protected":false},"excerpt":{"rendered":"<p>Retroklassikeren er tilbage &#8211; nikkehunden &#8211; ogs\u00e5 kaldet et bobblehead. H\u00f8rer til i enhver retrobil!\u00c2\u00a0<br \/>\nTil enhver roadtrip i en klassisk bil skal man have sin k\u00f8remakker med. Den brune nikke hund, klassikeren fra 60&#8217;erne., Nikkehund brun.<\/p>\n","protected":false},"featured_media":6454,"comment_status":"closed","ping_status":"open","template":"","meta":{"_kad_post_transparent":"","_kad_post_title":"","_kad_post_layout":"","_kad_post_sidebar_id":"","_kad_post_content_style":"","_kad_post_vertical_padding":"","_kad_post_feature":"","_kad_post_feature_position":"","_kad_post_header":false,"_kad_post_footer":false},"product_cat":[3331,3211],"product_tag":[3330,3213,2988],"brand":[],"class_list":{"0":"post-6453","1":"product","2":"type-product","3":"status-publish","4":"has-post-thumbnail","6":"product_cat-diverse-indvendig-tilbehoer","7":"product_cat-indvendig-tilbehoer","8":"product_tag-diverse","9":"product_tag-indvendig-tilbehoer","10":"product_tag-los","12":"first","13":"instock","14":"product-type-external","15":"entry","16":"content-bg","17":"loop-entry"},"_links":{"self":[{"href":"https:\/\/bilshopping.dk\/index.php?rest_route=\/wp\/v2\/product\/6453","targetHints":{"allow":["GET"]}}],"collection":[{"href":"https:\/\/bilshopping.dk\/index.php?rest_route=\/wp\/v2\/product"}],"about":[{"href":"https:\/\/bilshopping.dk\/index.php?rest_route=\/wp\/v2\/types\/product"}],"replies":[{"embeddable":true,"href":"https:\/\/bilshopping.dk\/index.php?rest_route=%2Fwp%2Fv2%2Fcomments&post=6453"}],"wp:featuredmedia":[{"embeddable":true,"href":"https:\/\/bilshopping.dk\/index.php?rest_route=\/wp\/v2\/media\/6454"}],"wp:attachment":[{"href":"https:\/\/bilshopping.dk\/index.php?rest_route=%2Fwp%2Fv2%2Fmedia&parent=6453"}],"wp:term":[{"taxonomy":"product_cat","embeddable":true,"href":"https:\/\/bilshopping.dk\/index.php?rest_route=%2Fwp%2Fv2%2Fproduct_cat&post=6453"},{"taxonomy":"product_tag","embeddable":true,"href":"https:\/\/bilshopping.dk\/index.php?rest_route=%2Fwp%2Fv2%2Fproduct_tag&post=6453"},{"taxonomy":"brand","embeddable":true,"href":"https:\/\/bilshopping.dk\/index.php?rest_route=%2Fwp%2Fv2%2Fbrand&post=6453"}],"curies":[{"name":"wp","href":"https:\/\/api.w.org\/{rel}","templated":true}]}}