{"id":6455,"date":"2023-06-23T19:25:18","date_gmt":"2023-06-23T17:25:18","guid":{"rendered":"https:\/\/bilshopping.dk\/produkt\/bosma-lommelampe-genopladelig\/"},"modified":"2023-06-23T19:25:23","modified_gmt":"2023-06-23T17:25:23","slug":"bosma-lommelampe-genopladelig","status":"publish","type":"product","link":"https:\/\/bilshopping.dk\/?product=bosma-lommelampe-genopladelig","title":{"rendered":"Bosma lommelampe &#8211; genopladelig"},"content":{"rendered":"<p>Produktid er <strong>2457<\/strong> og <strong>5902004166780<\/strong><\/p>\n<h2>Anmeldelse af Bosma lommelampe &#8211; genopladelig<\/h2>\n<p>Se om vi har en <a href=\"https:\/\/bilshopping.dk\/592\">anmeldelse af Bosma lommelampe &#8211; genopladelig<\/a>.<\/p>\n","protected":false},"excerpt":{"rendered":"<p>En genopladelig lommelygte. Udstyret med en 5W (350lm) COB diode og en energieffektiv 3W (180lm) diode med justerbar lysstyrke  &#8211;  d\u00e6mpningsfunktion. Det indbyggede 3,7V 2000mAh batteri er ogs\u00e5 en powerbank. Det holdbare gummihus har praktiske fastg\u00f8relse, Bosma lommelampe &#8211; genopladelig.<\/p>\n","protected":false},"featured_media":6456,"comment_status":"closed","ping_status":"open","template":"","meta":{"_kad_post_transparent":"","_kad_post_title":"","_kad_post_layout":"","_kad_post_sidebar_id":"","_kad_post_content_style":"","_kad_post_vertical_padding":"","_kad_post_feature":"","_kad_post_feature_position":"","_kad_post_header":false,"_kad_post_footer":false},"product_cat":[3243],"product_tag":[2988,3244],"brand":[],"class_list":{"0":"post-6455","1":"product","2":"type-product","3":"status-publish","4":"has-post-thumbnail","6":"product_cat-vaerktoej","7":"product_tag-los","8":"product_tag-vaerktoej","10":"first","11":"instock","12":"sale","13":"product-type-external","14":"entry","15":"content-bg","16":"loop-entry"},"_links":{"self":[{"href":"https:\/\/bilshopping.dk\/index.php?rest_route=\/wp\/v2\/product\/6455","targetHints":{"allow":["GET"]}}],"collection":[{"href":"https:\/\/bilshopping.dk\/index.php?rest_route=\/wp\/v2\/product"}],"about":[{"href":"https:\/\/bilshopping.dk\/index.php?rest_route=\/wp\/v2\/types\/product"}],"replies":[{"embeddable":true,"href":"https:\/\/bilshopping.dk\/index.php?rest_route=%2Fwp%2Fv2%2Fcomments&post=6455"}],"wp:featuredmedia":[{"embeddable":true,"href":"https:\/\/bilshopping.dk\/index.php?rest_route=\/wp\/v2\/media\/6456"}],"wp:attachment":[{"href":"https:\/\/bilshopping.dk\/index.php?rest_route=%2Fwp%2Fv2%2Fmedia&parent=6455"}],"wp:term":[{"taxonomy":"product_cat","embeddable":true,"href":"https:\/\/bilshopping.dk\/index.php?rest_route=%2Fwp%2Fv2%2Fproduct_cat&post=6455"},{"taxonomy":"product_tag","embeddable":true,"href":"https:\/\/bilshopping.dk\/index.php?rest_route=%2Fwp%2Fv2%2Fproduct_tag&post=6455"},{"taxonomy":"brand","embeddable":true,"href":"https:\/\/bilshopping.dk\/index.php?rest_route=%2Fwp%2Fv2%2Fbrand&post=6455"}],"curies":[{"name":"wp","href":"https:\/\/api.w.org\/{rel}","templated":true}]}}