{"id":6503,"date":"2023-06-23T19:25:37","date_gmt":"2023-06-23T17:25:37","guid":{"rendered":"https:\/\/bilshopping.dk\/produkt\/alpine-ilx-w690d-appel-carplay-android-auto-2-din-7\/"},"modified":"2023-06-23T19:25:49","modified_gmt":"2023-06-23T17:25:49","slug":"alpine-ilx-w690d-appel-carplay-android-auto-2-din-7","status":"publish","type":"product","link":"https:\/\/bilshopping.dk\/?product=alpine-ilx-w690d-appel-carplay-android-auto-2-din-7","title":{"rendered":"Alpine ILX-W690D Appel Carplay, Android auto, 2-DIN 7&#8243;"},"content":{"rendered":"<p>Produktid er <strong>2481<\/strong> og <strong>4958043824779<\/strong><\/p>\n<h2>Anmeldelse af Alpine ILX-W690D Appel Carplay, Android auto, 2-DIN 7&#8243;<\/h2>\n<p>Se om vi har en <a href=\"https:\/\/bilshopping.dk\/592\">anmeldelse af Alpine ILX-W690D Appel Carplay, Android auto, 2-DIN 7&#8243;<\/a>.<\/p>\n","protected":false},"excerpt":{"rendered":"<p>2-DIN Alpine radio med CarPlay, Android Auto, RDS FM-radio og DAB+<br \/>\nAlpine iLX-W690D Digital Media Receiver har en 7-tommer touchsk\u00e6rm med h\u00f8j opl\u00f8sning, som fungerer perfekt sammen med smartphones tilslutningsfunktioner som f.eks. Apple CarPlay og Android, Alpine ILX-W690D Appel Carplay, Android auto, 2-DIN 7&#8243;.<\/p>\n","protected":false},"featured_media":6504,"comment_status":"closed","ping_status":"open","template":"","meta":{"_kad_post_transparent":"","_kad_post_title":"","_kad_post_layout":"","_kad_post_sidebar_id":"","_kad_post_content_style":"","_kad_post_vertical_padding":"","_kad_post_feature":"","_kad_post_feature_position":"","_kad_post_header":false,"_kad_post_footer":false},"product_cat":[3162,3166],"product_tag":[3164,2988,3168],"brand":[],"class_list":{"0":"post-6503","1":"product","2":"type-product","3":"status-publish","4":"has-post-thumbnail","6":"product_cat-bilstereo","7":"product_cat-multimedie","8":"product_tag-bilstereo","9":"product_tag-los","10":"product_tag-multimedie","12":"first","13":"instock","14":"sale","15":"product-type-external","16":"entry","17":"content-bg","18":"loop-entry"},"_links":{"self":[{"href":"https:\/\/bilshopping.dk\/index.php?rest_route=\/wp\/v2\/product\/6503","targetHints":{"allow":["GET"]}}],"collection":[{"href":"https:\/\/bilshopping.dk\/index.php?rest_route=\/wp\/v2\/product"}],"about":[{"href":"https:\/\/bilshopping.dk\/index.php?rest_route=\/wp\/v2\/types\/product"}],"replies":[{"embeddable":true,"href":"https:\/\/bilshopping.dk\/index.php?rest_route=%2Fwp%2Fv2%2Fcomments&post=6503"}],"wp:featuredmedia":[{"embeddable":true,"href":"https:\/\/bilshopping.dk\/index.php?rest_route=\/wp\/v2\/media\/6504"}],"wp:attachment":[{"href":"https:\/\/bilshopping.dk\/index.php?rest_route=%2Fwp%2Fv2%2Fmedia&parent=6503"}],"wp:term":[{"taxonomy":"product_cat","embeddable":true,"href":"https:\/\/bilshopping.dk\/index.php?rest_route=%2Fwp%2Fv2%2Fproduct_cat&post=6503"},{"taxonomy":"product_tag","embeddable":true,"href":"https:\/\/bilshopping.dk\/index.php?rest_route=%2Fwp%2Fv2%2Fproduct_tag&post=6503"},{"taxonomy":"brand","embeddable":true,"href":"https:\/\/bilshopping.dk\/index.php?rest_route=%2Fwp%2Fv2%2Fbrand&post=6503"}],"curies":[{"name":"wp","href":"https:\/\/api.w.org\/{rel}","templated":true}]}}