{"id":6557,"date":"2023-06-23T19:26:25","date_gmt":"2023-06-23T17:26:25","guid":{"rendered":"https:\/\/bilshopping.dk\/produkt\/rockford-fosgate-forstaerker-power-compact-t400x2-ad-2-kanals\/"},"modified":"2023-06-23T19:28:22","modified_gmt":"2023-06-23T17:28:22","slug":"rockford-fosgate-forstaerker-power-compact-t400x2-ad-2-kanals","status":"publish","type":"product","link":"https:\/\/bilshopping.dk\/?product=rockford-fosgate-forstaerker-power-compact-t400x2-ad-2-kanals","title":{"rendered":"Rockford Fosgate forst\u00e6rker Power Compact T400X2 AD, 2-kanals"},"content":{"rendered":"<p>Produktid er <strong>2517<\/strong> og <strong>780687342371<\/strong><\/p>\n<h2>Anmeldelse af Rockford Fosgate forst\u00e6rker Power Compact T400X2 AD, 2-kanals<\/h2>\n<p>Se om vi har en <a href=\"https:\/\/bilshopping.dk\/592\">anmeldelse af Rockford Fosgate forst\u00e6rker Power Compact T400X2 AD, 2-kanals<\/a>.<\/p>\n","protected":false},"excerpt":{"rendered":"<p>P\u00e5 grund af dens lille st\u00f8rrelse, er den perfekt til hybrid biler, elektriske biler, sm\u00e5 biler, lastbiler og motorcykler.<br \/>\n\tFleksibel k\u00f8ret\u00f8js integration bliver aktiveret gennem lavt niveau og h\u00f8jt niveau udgange med auto turn-on.<br \/>\n\tTopmonteret kontrol giv, Rockford Fosgate forst\u00e6rker Power Compact T400X2 AD, 2-kanals.<\/p>\n","protected":false},"featured_media":6558,"comment_status":"closed","ping_status":"open","template":"","meta":{"_kad_post_transparent":"","_kad_post_title":"","_kad_post_layout":"","_kad_post_sidebar_id":"","_kad_post_content_style":"","_kad_post_vertical_padding":"","_kad_post_feature":"","_kad_post_feature_position":"","_kad_post_header":false,"_kad_post_footer":false},"product_cat":[3162,3176],"product_tag":[3164,3177,2988],"brand":[],"class_list":{"0":"post-6557","1":"product","2":"type-product","3":"status-publish","4":"has-post-thumbnail","6":"product_cat-bilstereo","7":"product_cat-forstaerkere","8":"product_tag-bilstereo","9":"product_tag-forstaerkere","10":"product_tag-los","12":"first","13":"instock","14":"product-type-external","15":"entry","16":"content-bg","17":"loop-entry"},"_links":{"self":[{"href":"https:\/\/bilshopping.dk\/index.php?rest_route=\/wp\/v2\/product\/6557","targetHints":{"allow":["GET"]}}],"collection":[{"href":"https:\/\/bilshopping.dk\/index.php?rest_route=\/wp\/v2\/product"}],"about":[{"href":"https:\/\/bilshopping.dk\/index.php?rest_route=\/wp\/v2\/types\/product"}],"replies":[{"embeddable":true,"href":"https:\/\/bilshopping.dk\/index.php?rest_route=%2Fwp%2Fv2%2Fcomments&post=6557"}],"wp:featuredmedia":[{"embeddable":true,"href":"https:\/\/bilshopping.dk\/index.php?rest_route=\/wp\/v2\/media\/6558"}],"wp:attachment":[{"href":"https:\/\/bilshopping.dk\/index.php?rest_route=%2Fwp%2Fv2%2Fmedia&parent=6557"}],"wp:term":[{"taxonomy":"product_cat","embeddable":true,"href":"https:\/\/bilshopping.dk\/index.php?rest_route=%2Fwp%2Fv2%2Fproduct_cat&post=6557"},{"taxonomy":"product_tag","embeddable":true,"href":"https:\/\/bilshopping.dk\/index.php?rest_route=%2Fwp%2Fv2%2Fproduct_tag&post=6557"},{"taxonomy":"brand","embeddable":true,"href":"https:\/\/bilshopping.dk\/index.php?rest_route=%2Fwp%2Fv2%2Fbrand&post=6557"}],"curies":[{"name":"wp","href":"https:\/\/api.w.org\/{rel}","templated":true}]}}