{"id":6559,"date":"2023-06-23T19:28:24","date_gmt":"2023-06-23T17:28:24","guid":{"rendered":"https:\/\/bilshopping.dk\/produkt\/rockford-fosgate-pbr300x4-punch-brt-forstaerker\/"},"modified":"2023-06-23T19:28:25","modified_gmt":"2023-06-23T17:28:25","slug":"rockford-fosgate-pbr300x4-punch-brt-forstaerker","status":"publish","type":"product","link":"https:\/\/bilshopping.dk\/?product=rockford-fosgate-pbr300x4-punch-brt-forstaerker","title":{"rendered":"Rockford Fosgate PBR300X4 Punch BRT forst\u00e6rker"},"content":{"rendered":"<p>Produktid er <strong>2518<\/strong> og <strong>780687333102<\/strong><\/p>\n<h2>Anmeldelse af Rockford Fosgate PBR300X4 Punch BRT forst\u00e6rker<\/h2>\n<p>Se om vi har en <a href=\"https:\/\/bilshopping.dk\/592\">anmeldelse af Rockford Fosgate PBR300X4 Punch BRT forst\u00e6rker<\/a>.<\/p>\n","protected":false},"excerpt":{"rendered":"<p>Rockford Fosgate&#8217;s PUNCH PBR forst\u00e6rkere med forbedret rail-teknologi, er en banebrydende serie af effektive forst\u00e6rkere som sikrer en meget h\u00f8j effekt og lav forvr\u00e6ngning.<br \/>\nHvis\u00c2\u00a0du har begr\u00e6nset plads i bilen, er disse forst\u00e6rkere perfekte til dig. PBR30, Rockford Fosgate PBR300X4 Punch BRT forst\u00e6rker.<\/p>\n","protected":false},"featured_media":6560,"comment_status":"closed","ping_status":"open","template":"","meta":{"_kad_post_transparent":"","_kad_post_title":"","_kad_post_layout":"","_kad_post_sidebar_id":"","_kad_post_content_style":"","_kad_post_vertical_padding":"","_kad_post_feature":"","_kad_post_feature_position":"","_kad_post_header":false,"_kad_post_footer":false},"product_cat":[3162,3176],"product_tag":[3164,3177,2988],"brand":[],"class_list":{"0":"post-6559","1":"product","2":"type-product","3":"status-publish","4":"has-post-thumbnail","6":"product_cat-bilstereo","7":"product_cat-forstaerkere","8":"product_tag-bilstereo","9":"product_tag-forstaerkere","10":"product_tag-los","12":"first","13":"instock","14":"product-type-external","15":"entry","16":"content-bg","17":"loop-entry"},"_links":{"self":[{"href":"https:\/\/bilshopping.dk\/index.php?rest_route=\/wp\/v2\/product\/6559","targetHints":{"allow":["GET"]}}],"collection":[{"href":"https:\/\/bilshopping.dk\/index.php?rest_route=\/wp\/v2\/product"}],"about":[{"href":"https:\/\/bilshopping.dk\/index.php?rest_route=\/wp\/v2\/types\/product"}],"replies":[{"embeddable":true,"href":"https:\/\/bilshopping.dk\/index.php?rest_route=%2Fwp%2Fv2%2Fcomments&post=6559"}],"wp:featuredmedia":[{"embeddable":true,"href":"https:\/\/bilshopping.dk\/index.php?rest_route=\/wp\/v2\/media\/6560"}],"wp:attachment":[{"href":"https:\/\/bilshopping.dk\/index.php?rest_route=%2Fwp%2Fv2%2Fmedia&parent=6559"}],"wp:term":[{"taxonomy":"product_cat","embeddable":true,"href":"https:\/\/bilshopping.dk\/index.php?rest_route=%2Fwp%2Fv2%2Fproduct_cat&post=6559"},{"taxonomy":"product_tag","embeddable":true,"href":"https:\/\/bilshopping.dk\/index.php?rest_route=%2Fwp%2Fv2%2Fproduct_tag&post=6559"},{"taxonomy":"brand","embeddable":true,"href":"https:\/\/bilshopping.dk\/index.php?rest_route=%2Fwp%2Fv2%2Fbrand&post=6559"}],"curies":[{"name":"wp","href":"https:\/\/api.w.org\/{rel}","templated":true}]}}