{"id":6603,"date":"2023-06-23T19:28:56","date_gmt":"2023-06-23T17:28:56","guid":{"rendered":"https:\/\/bilshopping.dk\/produkt\/rockford-fosgate-prime-r2-500x1-forstaerker-mono\/"},"modified":"2023-06-23T19:28:59","modified_gmt":"2023-06-23T17:28:59","slug":"rockford-fosgate-prime-r2-500x1-forstaerker-mono","status":"publish","type":"product","link":"https:\/\/bilshopping.dk\/?product=rockford-fosgate-prime-r2-500x1-forstaerker-mono","title":{"rendered":"Rockford Fosgate Prime R2-500&#215;1 forst\u00e6rker, mono"},"content":{"rendered":"<p>Produktid er <strong>2548<\/strong> og <strong>780687355869<\/strong><\/p>\n<h2>Anmeldelse af Rockford Fosgate Prime R2-500&#215;1 forst\u00e6rker, mono<\/h2>\n<p>Se om vi har en <a href=\"https:\/\/bilshopping.dk\/592\">anmeldelse af Rockford Fosgate Prime R2-500&#215;1 forst\u00e6rker, mono<\/a>.<\/p>\n","protected":false},"excerpt":{"rendered":"<p>Rockford Fosgate R2-500X1\u00c2\u00a0forst\u00e6rkeren er en 500\u00c2\u00a0watt full-range D-klasse forst\u00e6rker, der er i stand til at yde ved 4\u00ce\u00a9 eller 2\u00ce\u00a9. Denne forst\u00e6rker er ekstremt effektiv p\u00e5 grund af sin D-klasse teknologi, der reducerer str\u00f8forbruget p\u00e5 k\u00f8ret\u00f8jets elektr, Rockford Fosgate Prime R2-500&#215;1 forst\u00e6rker, mono.<\/p>\n","protected":false},"featured_media":6604,"comment_status":"closed","ping_status":"open","template":"","meta":{"_kad_post_transparent":"","_kad_post_title":"","_kad_post_layout":"","_kad_post_sidebar_id":"","_kad_post_content_style":"","_kad_post_vertical_padding":"","_kad_post_feature":"","_kad_post_feature_position":"","_kad_post_header":false,"_kad_post_footer":false},"product_cat":[3162,3176],"product_tag":[3164,3177,2988],"brand":[],"class_list":{"0":"post-6603","1":"product","2":"type-product","3":"status-publish","4":"has-post-thumbnail","6":"product_cat-bilstereo","7":"product_cat-forstaerkere","8":"product_tag-bilstereo","9":"product_tag-forstaerkere","10":"product_tag-los","12":"first","13":"instock","14":"product-type-external","15":"entry","16":"content-bg","17":"loop-entry"},"_links":{"self":[{"href":"https:\/\/bilshopping.dk\/index.php?rest_route=\/wp\/v2\/product\/6603","targetHints":{"allow":["GET"]}}],"collection":[{"href":"https:\/\/bilshopping.dk\/index.php?rest_route=\/wp\/v2\/product"}],"about":[{"href":"https:\/\/bilshopping.dk\/index.php?rest_route=\/wp\/v2\/types\/product"}],"replies":[{"embeddable":true,"href":"https:\/\/bilshopping.dk\/index.php?rest_route=%2Fwp%2Fv2%2Fcomments&post=6603"}],"wp:featuredmedia":[{"embeddable":true,"href":"https:\/\/bilshopping.dk\/index.php?rest_route=\/wp\/v2\/media\/6604"}],"wp:attachment":[{"href":"https:\/\/bilshopping.dk\/index.php?rest_route=%2Fwp%2Fv2%2Fmedia&parent=6603"}],"wp:term":[{"taxonomy":"product_cat","embeddable":true,"href":"https:\/\/bilshopping.dk\/index.php?rest_route=%2Fwp%2Fv2%2Fproduct_cat&post=6603"},{"taxonomy":"product_tag","embeddable":true,"href":"https:\/\/bilshopping.dk\/index.php?rest_route=%2Fwp%2Fv2%2Fproduct_tag&post=6603"},{"taxonomy":"brand","embeddable":true,"href":"https:\/\/bilshopping.dk\/index.php?rest_route=%2Fwp%2Fv2%2Fbrand&post=6603"}],"curies":[{"name":"wp","href":"https:\/\/api.w.org\/{rel}","templated":true}]}}