{"id":6613,"date":"2023-06-23T19:28:56","date_gmt":"2023-06-23T17:28:56","guid":{"rendered":"https:\/\/bilshopping.dk\/produkt\/rockford-fosgate-punch-p3sd2-12-subwoofer-dvc-12-shallow\/"},"modified":"2023-06-23T19:29:06","modified_gmt":"2023-06-23T17:29:06","slug":"rockford-fosgate-punch-p3sd2-12-subwoofer-dvc-12-shallow","status":"publish","type":"product","link":"https:\/\/bilshopping.dk\/?product=rockford-fosgate-punch-p3sd2-12-subwoofer-dvc-12-shallow","title":{"rendered":"Rockford Fosgate Punch P3SD2-12 subwoofer DVC 12&#8243; shallow"},"content":{"rendered":"<p>Produktid er <strong>2558<\/strong> og <strong>780687332815<\/strong><\/p>\n<h2>Anmeldelse af Rockford Fosgate Punch P3SD2-12 subwoofer DVC 12&#8243; shallow<\/h2>\n<p>Se om vi har en <a href=\"https:\/\/bilshopping.dk\/592\">anmeldelse af Rockford Fosgate Punch P3SD2-12 subwoofer DVC 12&#8243; shallow<\/a>.<\/p>\n","protected":false},"excerpt":{"rendered":"<p>F\u00e5 den legendariske &#8220;Punch&#8221; lyd med Punch subwoofere!<br \/>\nPunch subwooferne giver en dyb, h\u00f8j og aggresiv bas &#8211; og i mere end 20 \u00e5r har Punch givet bilstereo entusiater meget bas, udvidet power handling og fed design!\u00c2\u00a0P3S Shallow subwoofere giver rigtig god, Rockford Fosgate Punch P3SD2-12 subwoofer DVC 12&#8243; shallow.<\/p>\n","protected":false},"featured_media":6614,"comment_status":"closed","ping_status":"open","template":"","meta":{"_kad_post_transparent":"","_kad_post_title":"","_kad_post_layout":"","_kad_post_sidebar_id":"","_kad_post_content_style":"","_kad_post_vertical_padding":"","_kad_post_feature":"","_kad_post_feature_position":"","_kad_post_header":false,"_kad_post_footer":false},"product_cat":[3162,3178],"product_tag":[3164,2988,3179],"brand":[],"class_list":{"0":"post-6613","1":"product","2":"type-product","3":"status-publish","4":"has-post-thumbnail","6":"product_cat-bilstereo","7":"product_cat-subwoofere","8":"product_tag-bilstereo","9":"product_tag-los","10":"product_tag-subwoofere","12":"first","13":"instock","14":"sale","15":"product-type-external","16":"entry","17":"content-bg","18":"loop-entry"},"_links":{"self":[{"href":"https:\/\/bilshopping.dk\/index.php?rest_route=\/wp\/v2\/product\/6613","targetHints":{"allow":["GET"]}}],"collection":[{"href":"https:\/\/bilshopping.dk\/index.php?rest_route=\/wp\/v2\/product"}],"about":[{"href":"https:\/\/bilshopping.dk\/index.php?rest_route=\/wp\/v2\/types\/product"}],"replies":[{"embeddable":true,"href":"https:\/\/bilshopping.dk\/index.php?rest_route=%2Fwp%2Fv2%2Fcomments&post=6613"}],"wp:featuredmedia":[{"embeddable":true,"href":"https:\/\/bilshopping.dk\/index.php?rest_route=\/wp\/v2\/media\/6614"}],"wp:attachment":[{"href":"https:\/\/bilshopping.dk\/index.php?rest_route=%2Fwp%2Fv2%2Fmedia&parent=6613"}],"wp:term":[{"taxonomy":"product_cat","embeddable":true,"href":"https:\/\/bilshopping.dk\/index.php?rest_route=%2Fwp%2Fv2%2Fproduct_cat&post=6613"},{"taxonomy":"product_tag","embeddable":true,"href":"https:\/\/bilshopping.dk\/index.php?rest_route=%2Fwp%2Fv2%2Fproduct_tag&post=6613"},{"taxonomy":"brand","embeddable":true,"href":"https:\/\/bilshopping.dk\/index.php?rest_route=%2Fwp%2Fv2%2Fbrand&post=6613"}],"curies":[{"name":"wp","href":"https:\/\/api.w.org\/{rel}","templated":true}]}}