{"id":6625,"date":"2023-06-23T19:28:56","date_gmt":"2023-06-23T17:28:56","guid":{"rendered":"https:\/\/bilshopping.dk\/produkt\/rockford-fosgate-power-t152-full-range-13-cm-hoejtaler\/"},"modified":"2023-06-23T19:29:13","modified_gmt":"2023-06-23T17:29:13","slug":"rockford-fosgate-power-t152-full-range-13-cm-hoejtaler","status":"publish","type":"product","link":"https:\/\/bilshopping.dk\/?product=rockford-fosgate-power-t152-full-range-13-cm-hoejtaler","title":{"rendered":"Rockford Fosgate Power T152 Full-range 13 cm h\u00f8jtaler"},"content":{"rendered":"<p>Produktid er <strong>2564<\/strong> og <strong>780687329198<\/strong><\/p>\n<h2>Anmeldelse af Rockford Fosgate Power T152 Full-range 13 cm h\u00f8jtaler<\/h2>\n<p>Se om vi har en <a href=\"https:\/\/bilshopping.dk\/592\">anmeldelse af Rockford Fosgate Power T152 Full-range 13 cm h\u00f8jtaler<\/a>.<\/p>\n","protected":false},"excerpt":{"rendered":"<p>Disse Power h\u00f8jtalere er mere end bare et par OEM udskiftnings h\u00f8jtalere! Deres lydkvalitet er udvilklet til perfektion, s\u00e5 den \u00e6gte Rockford Fosgate fanatiker er tilfreds!\u00c2\u00a0\u00c2\u00a0, Rockford Fosgate Power T152 Full-range 13 cm h\u00f8jtaler.<\/p>\n","protected":false},"featured_media":6626,"comment_status":"closed","ping_status":"open","template":"","meta":{"_kad_post_transparent":"","_kad_post_title":"","_kad_post_layout":"","_kad_post_sidebar_id":"","_kad_post_content_style":"","_kad_post_vertical_padding":"","_kad_post_feature":"","_kad_post_feature_position":"","_kad_post_header":false,"_kad_post_footer":false},"product_cat":[3162,3180],"product_tag":[3164,3181,2988],"brand":[],"class_list":{"0":"post-6625","1":"product","2":"type-product","3":"status-publish","4":"has-post-thumbnail","6":"product_cat-bilstereo","7":"product_cat-hoejttalere","8":"product_tag-bilstereo","9":"product_tag-hoejttalere","10":"product_tag-los","12":"first","13":"instock","14":"sale","15":"product-type-external","16":"entry","17":"content-bg","18":"loop-entry"},"_links":{"self":[{"href":"https:\/\/bilshopping.dk\/index.php?rest_route=\/wp\/v2\/product\/6625","targetHints":{"allow":["GET"]}}],"collection":[{"href":"https:\/\/bilshopping.dk\/index.php?rest_route=\/wp\/v2\/product"}],"about":[{"href":"https:\/\/bilshopping.dk\/index.php?rest_route=\/wp\/v2\/types\/product"}],"replies":[{"embeddable":true,"href":"https:\/\/bilshopping.dk\/index.php?rest_route=%2Fwp%2Fv2%2Fcomments&post=6625"}],"wp:featuredmedia":[{"embeddable":true,"href":"https:\/\/bilshopping.dk\/index.php?rest_route=\/wp\/v2\/media\/6626"}],"wp:attachment":[{"href":"https:\/\/bilshopping.dk\/index.php?rest_route=%2Fwp%2Fv2%2Fmedia&parent=6625"}],"wp:term":[{"taxonomy":"product_cat","embeddable":true,"href":"https:\/\/bilshopping.dk\/index.php?rest_route=%2Fwp%2Fv2%2Fproduct_cat&post=6625"},{"taxonomy":"product_tag","embeddable":true,"href":"https:\/\/bilshopping.dk\/index.php?rest_route=%2Fwp%2Fv2%2Fproduct_tag&post=6625"},{"taxonomy":"brand","embeddable":true,"href":"https:\/\/bilshopping.dk\/index.php?rest_route=%2Fwp%2Fv2%2Fbrand&post=6625"}],"curies":[{"name":"wp","href":"https:\/\/api.w.org\/{rel}","templated":true}]}}