{"id":6631,"date":"2023-06-23T19:28:56","date_gmt":"2023-06-23T17:28:56","guid":{"rendered":"https:\/\/bilshopping.dk\/produkt\/rockford-fosgate-p152-s-punch-hoejtaler-split-saet\/"},"modified":"2023-06-23T19:29:17","modified_gmt":"2023-06-23T17:29:17","slug":"rockford-fosgate-p152-s-punch-hoejtaler-split-saet","status":"publish","type":"product","link":"https:\/\/bilshopping.dk\/?product=rockford-fosgate-p152-s-punch-hoejtaler-split-saet","title":{"rendered":"Rockford Fosgate P152-S Punch h\u00f8jtaler split-s\u00e6t"},"content":{"rendered":"<p>Produktid er <strong>2568<\/strong> og <strong>780687329075<\/strong><\/p>\n<h2>Anmeldelse af Rockford Fosgate P152-S Punch h\u00f8jtaler split-s\u00e6t<\/h2>\n<p>Se om vi har en <a href=\"https:\/\/bilshopping.dk\/592\">anmeldelse af Rockford Fosgate P152-S Punch h\u00f8jtaler split-s\u00e6t<\/a>.<\/p>\n","protected":false},"excerpt":{"rendered":"<p>unch P152-S er et 13 cm 2-vejs\u00c2\u00a0komponent\u00c2\u00a0system med en\u00c2\u00a01\u00e2\u0080\u009d soft dome diskant\u00c2\u00a0der kan h\u00e5ndtere 50 watt\u00c2\u00a0RMS. Systemet indeholder et s\u00e6t\u00c2\u00a0diskanter, 2 subwoofere inkl. grill og\u00c2\u00a0integreret crossovers samt monteringsv\u00e6rkt\u00f8j., Rockford Fosgate P152-S Punch h\u00f8jtaler split-s\u00e6t.<\/p>\n","protected":false},"featured_media":6632,"comment_status":"closed","ping_status":"open","template":"","meta":{"_kad_post_transparent":"","_kad_post_title":"","_kad_post_layout":"","_kad_post_sidebar_id":"","_kad_post_content_style":"","_kad_post_vertical_padding":"","_kad_post_feature":"","_kad_post_feature_position":"","_kad_post_header":false,"_kad_post_footer":false},"product_cat":[3162,3180],"product_tag":[3164,3181,2988],"brand":[],"class_list":{"0":"post-6631","1":"product","2":"type-product","3":"status-publish","4":"has-post-thumbnail","6":"product_cat-bilstereo","7":"product_cat-hoejttalere","8":"product_tag-bilstereo","9":"product_tag-hoejttalere","10":"product_tag-los","12":"first","13":"instock","14":"product-type-external","15":"entry","16":"content-bg","17":"loop-entry"},"_links":{"self":[{"href":"https:\/\/bilshopping.dk\/index.php?rest_route=\/wp\/v2\/product\/6631","targetHints":{"allow":["GET"]}}],"collection":[{"href":"https:\/\/bilshopping.dk\/index.php?rest_route=\/wp\/v2\/product"}],"about":[{"href":"https:\/\/bilshopping.dk\/index.php?rest_route=\/wp\/v2\/types\/product"}],"replies":[{"embeddable":true,"href":"https:\/\/bilshopping.dk\/index.php?rest_route=%2Fwp%2Fv2%2Fcomments&post=6631"}],"wp:featuredmedia":[{"embeddable":true,"href":"https:\/\/bilshopping.dk\/index.php?rest_route=\/wp\/v2\/media\/6632"}],"wp:attachment":[{"href":"https:\/\/bilshopping.dk\/index.php?rest_route=%2Fwp%2Fv2%2Fmedia&parent=6631"}],"wp:term":[{"taxonomy":"product_cat","embeddable":true,"href":"https:\/\/bilshopping.dk\/index.php?rest_route=%2Fwp%2Fv2%2Fproduct_cat&post=6631"},{"taxonomy":"product_tag","embeddable":true,"href":"https:\/\/bilshopping.dk\/index.php?rest_route=%2Fwp%2Fv2%2Fproduct_tag&post=6631"},{"taxonomy":"brand","embeddable":true,"href":"https:\/\/bilshopping.dk\/index.php?rest_route=%2Fwp%2Fv2%2Fbrand&post=6631"}],"curies":[{"name":"wp","href":"https:\/\/api.w.org\/{rel}","templated":true}]}}