{"id":6633,"date":"2023-06-23T19:28:56","date_gmt":"2023-06-23T17:28:56","guid":{"rendered":"https:\/\/bilshopping.dk\/produkt\/rockford-fosgate-punch-p142-coaxial-10-cm-hoejttalersaet-2-vejs\/"},"modified":"2023-06-23T19:29:18","modified_gmt":"2023-06-23T17:29:18","slug":"rockford-fosgate-punch-p142-coaxial-10-cm-hoejttalersaet-2-vejs","status":"publish","type":"product","link":"https:\/\/bilshopping.dk\/?product=rockford-fosgate-punch-p142-coaxial-10-cm-hoejttalersaet-2-vejs","title":{"rendered":"Rockford Fosgate Punch P142 coaxial 10 cm h\u00f8jttalers\u00e6t &#8211; 2-vejs"},"content":{"rendered":"<p>Produktid er <strong>2570<\/strong> og <strong>780687328986<\/strong><\/p>\n<h2>Anmeldelse af Rockford Fosgate Punch P142 coaxial 10 cm h\u00f8jttalers\u00e6t &#8211; 2-vejs<\/h2>\n<p>Se om vi har en <a href=\"https:\/\/bilshopping.dk\/592\">anmeldelse af Rockford Fosgate Punch P142 coaxial 10 cm h\u00f8jttalers\u00e6t &#8211; 2-vejs<\/a>.<\/p>\n","protected":false},"excerpt":{"rendered":"<p>Punch P142 er en 10 cm\u00c2\u00a02-way full-range h\u00f8jtaler, der kan h\u00e5ndtere\u00c2\u00a030 watts RMS og som er designet til fanaticeren, der \u00f8nsker at udskifte fabriksh\u00f8jtalerne.<br \/>\nS\u00e6ttet indeholder 2 h\u00f8jtalere, integret high-pass crossovers samt monterings udstyr., Rockford Fosgate Punch P142 coaxial 10 cm h\u00f8jttalers\u00e6t &#8211; 2-vejs.<\/p>\n","protected":false},"featured_media":6634,"comment_status":"closed","ping_status":"open","template":"","meta":{"_kad_post_transparent":"","_kad_post_title":"","_kad_post_layout":"","_kad_post_sidebar_id":"","_kad_post_content_style":"","_kad_post_vertical_padding":"","_kad_post_feature":"","_kad_post_feature_position":"","_kad_post_header":false,"_kad_post_footer":false},"product_cat":[3162,3180],"product_tag":[3164,3181,2988],"brand":[],"class_list":{"0":"post-6633","1":"product","2":"type-product","3":"status-publish","4":"has-post-thumbnail","6":"product_cat-bilstereo","7":"product_cat-hoejttalere","8":"product_tag-bilstereo","9":"product_tag-hoejttalere","10":"product_tag-los","12":"first","13":"instock","14":"product-type-external","15":"entry","16":"content-bg","17":"loop-entry"},"_links":{"self":[{"href":"https:\/\/bilshopping.dk\/index.php?rest_route=\/wp\/v2\/product\/6633","targetHints":{"allow":["GET"]}}],"collection":[{"href":"https:\/\/bilshopping.dk\/index.php?rest_route=\/wp\/v2\/product"}],"about":[{"href":"https:\/\/bilshopping.dk\/index.php?rest_route=\/wp\/v2\/types\/product"}],"replies":[{"embeddable":true,"href":"https:\/\/bilshopping.dk\/index.php?rest_route=%2Fwp%2Fv2%2Fcomments&post=6633"}],"wp:featuredmedia":[{"embeddable":true,"href":"https:\/\/bilshopping.dk\/index.php?rest_route=\/wp\/v2\/media\/6634"}],"wp:attachment":[{"href":"https:\/\/bilshopping.dk\/index.php?rest_route=%2Fwp%2Fv2%2Fmedia&parent=6633"}],"wp:term":[{"taxonomy":"product_cat","embeddable":true,"href":"https:\/\/bilshopping.dk\/index.php?rest_route=%2Fwp%2Fv2%2Fproduct_cat&post=6633"},{"taxonomy":"product_tag","embeddable":true,"href":"https:\/\/bilshopping.dk\/index.php?rest_route=%2Fwp%2Fv2%2Fproduct_tag&post=6633"},{"taxonomy":"brand","embeddable":true,"href":"https:\/\/bilshopping.dk\/index.php?rest_route=%2Fwp%2Fv2%2Fbrand&post=6633"}],"curies":[{"name":"wp","href":"https:\/\/api.w.org\/{rel}","templated":true}]}}