{"id":6651,"date":"2023-06-23T19:29:22","date_gmt":"2023-06-23T17:29:22","guid":{"rendered":"https:\/\/bilshopping.dk\/produkt\/osram-dash-cam-roadsight-30-wifi-1080p\/"},"modified":"2023-06-23T19:29:29","modified_gmt":"2023-06-23T17:29:29","slug":"osram-dash-cam-roadsight-30-wifi-1080p","status":"publish","type":"product","link":"https:\/\/bilshopping.dk\/?product=osram-dash-cam-roadsight-30-wifi-1080p","title":{"rendered":"Osram dash cam Roadsight 30 WIFI\/1080P"},"content":{"rendered":"<p>Produktid er <strong>2708<\/strong> og <strong>4062172182720<\/strong><\/p>\n<h2>Anmeldelse af Osram dash cam Roadsight 30 WIFI\/1080P<\/h2>\n<p>Se om vi har en <a href=\"https:\/\/bilshopping.dk\/592\">anmeldelse af Osram dash cam Roadsight 30 WIFI\/1080P<\/a>.<\/p>\n","protected":false},"excerpt":{"rendered":"<p>Dette kamera optager i full HD 1080p og med en vinkel p\u00e5 130 grader. S\u00e5 hvis uheldet er ude, kan du nemt f\u00e5 billeder og info p\u00e5 f.eks nummerplade., Osram dash cam Roadsight 30 WIFI\/1080P.<\/p>\n","protected":false},"featured_media":6652,"comment_status":"closed","ping_status":"open","template":"","meta":{"_kad_post_transparent":"","_kad_post_title":"","_kad_post_layout":"","_kad_post_sidebar_id":"","_kad_post_content_style":"","_kad_post_vertical_padding":"","_kad_post_feature":"","_kad_post_feature_position":"","_kad_post_header":false,"_kad_post_footer":false},"product_cat":[3162,3258],"product_tag":[3164,3259,2988],"brand":[],"class_list":{"0":"post-6651","1":"product","2":"type-product","3":"status-publish","4":"has-post-thumbnail","6":"product_cat-bilstereo","7":"product_cat-dash-cam","8":"product_tag-bilstereo","9":"product_tag-dash-cam","10":"product_tag-los","12":"first","13":"instock","14":"sale","15":"product-type-external","16":"entry","17":"content-bg","18":"loop-entry"},"_links":{"self":[{"href":"https:\/\/bilshopping.dk\/index.php?rest_route=\/wp\/v2\/product\/6651","targetHints":{"allow":["GET"]}}],"collection":[{"href":"https:\/\/bilshopping.dk\/index.php?rest_route=\/wp\/v2\/product"}],"about":[{"href":"https:\/\/bilshopping.dk\/index.php?rest_route=\/wp\/v2\/types\/product"}],"replies":[{"embeddable":true,"href":"https:\/\/bilshopping.dk\/index.php?rest_route=%2Fwp%2Fv2%2Fcomments&post=6651"}],"wp:featuredmedia":[{"embeddable":true,"href":"https:\/\/bilshopping.dk\/index.php?rest_route=\/wp\/v2\/media\/6652"}],"wp:attachment":[{"href":"https:\/\/bilshopping.dk\/index.php?rest_route=%2Fwp%2Fv2%2Fmedia&parent=6651"}],"wp:term":[{"taxonomy":"product_cat","embeddable":true,"href":"https:\/\/bilshopping.dk\/index.php?rest_route=%2Fwp%2Fv2%2Fproduct_cat&post=6651"},{"taxonomy":"product_tag","embeddable":true,"href":"https:\/\/bilshopping.dk\/index.php?rest_route=%2Fwp%2Fv2%2Fproduct_tag&post=6651"},{"taxonomy":"brand","embeddable":true,"href":"https:\/\/bilshopping.dk\/index.php?rest_route=%2Fwp%2Fv2%2Fbrand&post=6651"}],"curies":[{"name":"wp","href":"https:\/\/api.w.org\/{rel}","templated":true}]}}