{"id":6653,"date":"2023-06-23T19:29:22","date_gmt":"2023-06-23T17:29:22","guid":{"rendered":"https:\/\/bilshopping.dk\/produkt\/alpine-dvr-c310s-dash-cam-til-frontrude-med-gps\/"},"modified":"2023-06-23T19:29:30","modified_gmt":"2023-06-23T17:29:30","slug":"alpine-dvr-c310s-dash-cam-til-frontrude-med-gps","status":"publish","type":"product","link":"https:\/\/bilshopping.dk\/?product=alpine-dvr-c310s-dash-cam-til-frontrude-med-gps","title":{"rendered":"Alpine DVR-C310S dash cam til frontrude med GPS"},"content":{"rendered":"<p>Produktid er <strong>2710<\/strong> og <strong>4958043824922<\/strong><\/p>\n<h2>Anmeldelse af Alpine DVR-C310S dash cam til frontrude med GPS<\/h2>\n<p>Se om vi har en <a href=\"https:\/\/bilshopping.dk\/592\">anmeldelse af Alpine DVR-C310S dash cam til frontrude med GPS<\/a>.<\/p>\n","protected":false},"excerpt":{"rendered":"<p>Et kamera, der kontinuerligt optager gennem k\u00f8ret\u00f8jets forrude. Optagelserne kan anvendes som digitalt bevis i tilf\u00e6lde af en trafikulykke, et indbrud eller h\u00e6rv\u00e6rk. Kameraet optager i Full HD video, 30 billeder pr. sekund.\u00c2\u00a0<br \/>\nAlpine DVR-C310S giver dig:, Alpine DVR-C310S dash cam til frontrude med GPS.<\/p>\n","protected":false},"featured_media":6654,"comment_status":"closed","ping_status":"open","template":"","meta":{"_kad_post_transparent":"","_kad_post_title":"","_kad_post_layout":"","_kad_post_sidebar_id":"","_kad_post_content_style":"","_kad_post_vertical_padding":"","_kad_post_feature":"","_kad_post_feature_position":"","_kad_post_header":false,"_kad_post_footer":false},"product_cat":[3162,3258],"product_tag":[3164,3259,2988],"brand":[],"class_list":{"0":"post-6653","1":"product","2":"type-product","3":"status-publish","4":"has-post-thumbnail","6":"product_cat-bilstereo","7":"product_cat-dash-cam","8":"product_tag-bilstereo","9":"product_tag-dash-cam","10":"product_tag-los","12":"first","13":"instock","14":"sale","15":"product-type-external","16":"entry","17":"content-bg","18":"loop-entry"},"_links":{"self":[{"href":"https:\/\/bilshopping.dk\/index.php?rest_route=\/wp\/v2\/product\/6653","targetHints":{"allow":["GET"]}}],"collection":[{"href":"https:\/\/bilshopping.dk\/index.php?rest_route=\/wp\/v2\/product"}],"about":[{"href":"https:\/\/bilshopping.dk\/index.php?rest_route=\/wp\/v2\/types\/product"}],"replies":[{"embeddable":true,"href":"https:\/\/bilshopping.dk\/index.php?rest_route=%2Fwp%2Fv2%2Fcomments&post=6653"}],"wp:featuredmedia":[{"embeddable":true,"href":"https:\/\/bilshopping.dk\/index.php?rest_route=\/wp\/v2\/media\/6654"}],"wp:attachment":[{"href":"https:\/\/bilshopping.dk\/index.php?rest_route=%2Fwp%2Fv2%2Fmedia&parent=6653"}],"wp:term":[{"taxonomy":"product_cat","embeddable":true,"href":"https:\/\/bilshopping.dk\/index.php?rest_route=%2Fwp%2Fv2%2Fproduct_cat&post=6653"},{"taxonomy":"product_tag","embeddable":true,"href":"https:\/\/bilshopping.dk\/index.php?rest_route=%2Fwp%2Fv2%2Fproduct_tag&post=6653"},{"taxonomy":"brand","embeddable":true,"href":"https:\/\/bilshopping.dk\/index.php?rest_route=%2Fwp%2Fv2%2Fbrand&post=6653"}],"curies":[{"name":"wp","href":"https:\/\/api.w.org\/{rel}","templated":true}]}}