{"id":6673,"date":"2023-06-23T19:29:22","date_gmt":"2023-06-23T17:29:22","guid":{"rendered":"https:\/\/bilshopping.dk\/produkt\/t-kabel-til-mazda\/"},"modified":"2023-06-23T19:29:38","modified_gmt":"2023-06-23T17:29:38","slug":"t-kabel-til-mazda","status":"publish","type":"product","link":"https:\/\/bilshopping.dk\/?product=t-kabel-til-mazda","title":{"rendered":"T-kabel til Mazda"},"content":{"rendered":"<p>Produktid er <strong>2720<\/strong> og <strong><\/strong><\/p>\n<h2>Anmeldelse af T-kabel til Mazda<\/h2>\n<p>Se om vi har en <a href=\"https:\/\/bilshopping.dk\/592\">anmeldelse af T-kabel til Mazda<\/a>.<\/p>\n","protected":false},"excerpt":{"rendered":"<p>&#8220;T-KABLET&#8221; er den rigtige l\u00f8sning hvis man skal montere h\u00e5ndfrit s\u00e6t til den originale radio. Det er ogs\u00e5 den ideelle l\u00f8sning hvis man vil udbygge den original radio med forst\u00e6rker eller en aktiv subwoofer., T-kabel til Mazda.<\/p>\n","protected":false},"featured_media":6674,"comment_status":"closed","ping_status":"open","template":"","meta":{"_kad_post_transparent":"","_kad_post_title":"","_kad_post_layout":"","_kad_post_sidebar_id":"","_kad_post_content_style":"","_kad_post_vertical_padding":"","_kad_post_feature":"","_kad_post_feature_position":"","_kad_post_header":false,"_kad_post_footer":false},"product_cat":[3162,3182],"product_tag":[3164,2988,3183],"brand":[],"class_list":{"0":"post-6673","1":"product","2":"type-product","3":"status-publish","4":"has-post-thumbnail","6":"product_cat-bilstereo","7":"product_cat-monteringsdele","8":"product_tag-bilstereo","9":"product_tag-los","10":"product_tag-monteringsdele","12":"first","13":"instock","14":"product-type-external","15":"entry","16":"content-bg","17":"loop-entry"},"_links":{"self":[{"href":"https:\/\/bilshopping.dk\/index.php?rest_route=\/wp\/v2\/product\/6673","targetHints":{"allow":["GET"]}}],"collection":[{"href":"https:\/\/bilshopping.dk\/index.php?rest_route=\/wp\/v2\/product"}],"about":[{"href":"https:\/\/bilshopping.dk\/index.php?rest_route=\/wp\/v2\/types\/product"}],"replies":[{"embeddable":true,"href":"https:\/\/bilshopping.dk\/index.php?rest_route=%2Fwp%2Fv2%2Fcomments&post=6673"}],"wp:featuredmedia":[{"embeddable":true,"href":"https:\/\/bilshopping.dk\/index.php?rest_route=\/wp\/v2\/media\/6674"}],"wp:attachment":[{"href":"https:\/\/bilshopping.dk\/index.php?rest_route=%2Fwp%2Fv2%2Fmedia&parent=6673"}],"wp:term":[{"taxonomy":"product_cat","embeddable":true,"href":"https:\/\/bilshopping.dk\/index.php?rest_route=%2Fwp%2Fv2%2Fproduct_cat&post=6673"},{"taxonomy":"product_tag","embeddable":true,"href":"https:\/\/bilshopping.dk\/index.php?rest_route=%2Fwp%2Fv2%2Fproduct_tag&post=6673"},{"taxonomy":"brand","embeddable":true,"href":"https:\/\/bilshopping.dk\/index.php?rest_route=%2Fwp%2Fv2%2Fbrand&post=6673"}],"curies":[{"name":"wp","href":"https:\/\/api.w.org\/{rel}","templated":true}]}}