{"id":6688,"date":"2023-06-23T19:29:44","date_gmt":"2023-06-23T17:29:44","guid":{"rendered":"https:\/\/bilshopping.dk\/produkt\/clack-go-prestige-snekaede-11-ta%c2%9cv-a%c2%96-norm\/"},"modified":"2023-06-23T19:29:47","modified_gmt":"2023-06-23T17:29:47","slug":"clack-go-prestige-snekaede-11-ta%c2%9cv-a%c2%96-norm","status":"publish","type":"product","link":"https:\/\/bilshopping.dk\/?product=clack-go-prestige-snekaede-11-ta%c2%9cv-a%c2%96-norm","title":{"rendered":"Clack &#038; GO Prestige snek\u00e6de 11 T\u00c3\u009cV\/\u00c3\u0096-NORM"},"content":{"rendered":"<p>Produktid er <strong>2734<\/strong> og <strong>4008244316044<\/strong><\/p>\n<h2>Anmeldelse af Clack &#038; GO Prestige snek\u00e6de 11 T\u00c3\u009cV\/\u00c3\u0096-NORM<\/h2>\n<p>Se om vi har en <a href=\"https:\/\/bilshopping.dk\/592\">anmeldelse af Clack &#038; GO Prestige snek\u00e6de 11 T\u00c3\u009cV\/\u00c3\u0096-NORM<\/a>.<\/p>\n","protected":false},"excerpt":{"rendered":"<p>Netsnek\u00e6der leveret i praktisk b\u00e6rbar boks.<br \/>\nSpecifikationer:\u00c2\u00a0<br \/>\n\tSpeciel sort finish.<br \/>\n\tH\u00f8jdeminimerede k\u00e6deled i h\u00e6rdet st\u00e5l af h\u00f8j kvalitet.<br \/>\n\tHurtigere og nemmere forsp\u00e6nding og vedvarende stramning af k\u00e6den.<br \/>\n\tPatenteret Clack&#038;Go-teknologi.<br \/>\n\tPlastbeskytte, Clack &#038; GO Prestige snek\u00e6de 11 T\u00c3\u009cV\/\u00c3\u0096-NORM.<\/p>\n","protected":false},"featured_media":6689,"comment_status":"closed","ping_status":"open","template":"","meta":{"_kad_post_transparent":"","_kad_post_title":"","_kad_post_layout":"","_kad_post_sidebar_id":"","_kad_post_content_style":"","_kad_post_vertical_padding":"","_kad_post_feature":"","_kad_post_feature_position":"","_kad_post_header":false,"_kad_post_footer":false},"product_cat":[3338,3207],"product_tag":[2988,3339,3209],"brand":[],"class_list":{"0":"post-6688","1":"product","2":"type-product","3":"status-publish","4":"has-post-thumbnail","6":"product_cat-snekaeder","7":"product_cat-udvendig-tilbehoer","8":"product_tag-los","9":"product_tag-snekaeder","10":"product_tag-udvendig-tilbehoer","12":"first","13":"instock","14":"product-type-external","15":"entry","16":"content-bg","17":"loop-entry"},"_links":{"self":[{"href":"https:\/\/bilshopping.dk\/index.php?rest_route=\/wp\/v2\/product\/6688","targetHints":{"allow":["GET"]}}],"collection":[{"href":"https:\/\/bilshopping.dk\/index.php?rest_route=\/wp\/v2\/product"}],"about":[{"href":"https:\/\/bilshopping.dk\/index.php?rest_route=\/wp\/v2\/types\/product"}],"replies":[{"embeddable":true,"href":"https:\/\/bilshopping.dk\/index.php?rest_route=%2Fwp%2Fv2%2Fcomments&post=6688"}],"wp:featuredmedia":[{"embeddable":true,"href":"https:\/\/bilshopping.dk\/index.php?rest_route=\/wp\/v2\/media\/6689"}],"wp:attachment":[{"href":"https:\/\/bilshopping.dk\/index.php?rest_route=%2Fwp%2Fv2%2Fmedia&parent=6688"}],"wp:term":[{"taxonomy":"product_cat","embeddable":true,"href":"https:\/\/bilshopping.dk\/index.php?rest_route=%2Fwp%2Fv2%2Fproduct_cat&post=6688"},{"taxonomy":"product_tag","embeddable":true,"href":"https:\/\/bilshopping.dk\/index.php?rest_route=%2Fwp%2Fv2%2Fproduct_tag&post=6688"},{"taxonomy":"brand","embeddable":true,"href":"https:\/\/bilshopping.dk\/index.php?rest_route=%2Fwp%2Fv2%2Fbrand&post=6688"}],"curies":[{"name":"wp","href":"https:\/\/api.w.org\/{rel}","templated":true}]}}