{"id":6813,"date":"2023-06-23T19:30:52","date_gmt":"2023-06-23T17:30:52","guid":{"rendered":"https:\/\/bilshopping.dk\/produkt\/konig-snekaede-xb-16-ta%c2%9cv-a%c2%96-norm\/"},"modified":"2023-06-23T19:30:58","modified_gmt":"2023-06-23T17:30:58","slug":"konig-snekaede-xb-16-ta%c2%9cv-a%c2%96-norm","status":"publish","type":"product","link":"https:\/\/bilshopping.dk\/?product=konig-snekaede-xb-16-ta%c2%9cv-a%c2%96-norm","title":{"rendered":"K\u00f6nig snek\u00e6de XB-16, T\u00c3\u009cV\/\u00c3\u0096-NORM"},"content":{"rendered":"<p>Produktid er <strong>2817<\/strong> og <strong>8005438010548<\/strong><\/p>\n<h2>Anmeldelse af K\u00f6nig snek\u00e6de XB-16, T\u00c3\u009cV\/\u00c3\u0096-NORM<\/h2>\n<p>Se om vi har en <a href=\"https:\/\/bilshopping.dk\/592\">anmeldelse af K\u00f6nig snek\u00e6de XB-16, T\u00c3\u009cV\/\u00c3\u0096-NORM<\/a>.<\/p>\n","protected":false},"excerpt":{"rendered":"<p>Thule K\u00f6nig XB-16 er en 16 mm k\u00e6de med manual stramning. Dvs. at der kr\u00e6ves 2 stop for at k\u00e6den er monteret korrekt. \u00c3\u0089t stop for at montere k\u00e6den og \u00e9t stop for at eftersp\u00e6nde den.<br \/>\nBem\u00e6rk! Ved k\u00f8rsel med 4-hjulstr\u00e6k er det i visse lande et lovkrav, at de, K\u00f6nig snek\u00e6de XB-16, T\u00c3\u009cV\/\u00c3\u0096-NORM.<\/p>\n","protected":false},"featured_media":6814,"comment_status":"closed","ping_status":"open","template":"","meta":{"_kad_post_transparent":"","_kad_post_title":"","_kad_post_layout":"","_kad_post_sidebar_id":"","_kad_post_content_style":"","_kad_post_vertical_padding":"","_kad_post_feature":"","_kad_post_feature_position":"","_kad_post_header":false,"_kad_post_footer":false},"product_cat":[3338,3207],"product_tag":[2988,3339,3209],"brand":[],"class_list":{"0":"post-6813","1":"product","2":"type-product","3":"status-publish","4":"has-post-thumbnail","6":"product_cat-snekaeder","7":"product_cat-udvendig-tilbehoer","8":"product_tag-los","9":"product_tag-snekaeder","10":"product_tag-udvendig-tilbehoer","12":"first","13":"instock","14":"product-type-external","15":"entry","16":"content-bg","17":"loop-entry"},"_links":{"self":[{"href":"https:\/\/bilshopping.dk\/index.php?rest_route=\/wp\/v2\/product\/6813","targetHints":{"allow":["GET"]}}],"collection":[{"href":"https:\/\/bilshopping.dk\/index.php?rest_route=\/wp\/v2\/product"}],"about":[{"href":"https:\/\/bilshopping.dk\/index.php?rest_route=\/wp\/v2\/types\/product"}],"replies":[{"embeddable":true,"href":"https:\/\/bilshopping.dk\/index.php?rest_route=%2Fwp%2Fv2%2Fcomments&post=6813"}],"wp:featuredmedia":[{"embeddable":true,"href":"https:\/\/bilshopping.dk\/index.php?rest_route=\/wp\/v2\/media\/6814"}],"wp:attachment":[{"href":"https:\/\/bilshopping.dk\/index.php?rest_route=%2Fwp%2Fv2%2Fmedia&parent=6813"}],"wp:term":[{"taxonomy":"product_cat","embeddable":true,"href":"https:\/\/bilshopping.dk\/index.php?rest_route=%2Fwp%2Fv2%2Fproduct_cat&post=6813"},{"taxonomy":"product_tag","embeddable":true,"href":"https:\/\/bilshopping.dk\/index.php?rest_route=%2Fwp%2Fv2%2Fproduct_tag&post=6813"},{"taxonomy":"brand","embeddable":true,"href":"https:\/\/bilshopping.dk\/index.php?rest_route=%2Fwp%2Fv2%2Fbrand&post=6813"}],"curies":[{"name":"wp","href":"https:\/\/api.w.org\/{rel}","templated":true}]}}