{"id":6821,"date":"2023-06-23T19:30:52","date_gmt":"2023-06-23T17:30:52","guid":{"rendered":"https:\/\/bilshopping.dk\/produkt\/hoejtaler-rammer-til-opel-diverse-fordoer-165-mm\/"},"modified":"2023-06-23T19:31:13","modified_gmt":"2023-06-23T17:31:13","slug":"hoejtaler-rammer-til-opel-diverse-fordoer-165-mm","status":"publish","type":"product","link":"https:\/\/bilshopping.dk\/?product=hoejtaler-rammer-til-opel-diverse-fordoer-165-mm","title":{"rendered":"H\u00f8jtaler rammer til Opel diverse ford\u00f8r 165 mm"},"content":{"rendered":"<p>Produktid er <strong>2822<\/strong> og <strong>4026724120981<\/strong><\/p>\n<h2>Anmeldelse af H\u00f8jtaler rammer til Opel diverse ford\u00f8r 165 mm<\/h2>\n<p>Se om vi har en <a href=\"https:\/\/bilshopping.dk\/592\">anmeldelse af H\u00f8jtaler rammer til Opel diverse ford\u00f8r 165 mm<\/a>.<\/p>\n","protected":false},"excerpt":{"rendered":"<p>H\u00f8jttalerrammes\u00e6t 165\u00c2\u00a0mm ford\u00f8r<br \/>\nPasser til:\u00c2\u00a0<br \/>\n\tOpel Astra og Meriva II \u00e5rg. 2010-\u00c2\u00a0<br \/>\n\tOpel Insignia \u00e5rg. 2009, H\u00f8jtaler rammer til Opel diverse ford\u00f8r 165 mm.<\/p>\n","protected":false},"featured_media":6822,"comment_status":"closed","ping_status":"open","template":"","meta":{"_kad_post_transparent":"","_kad_post_title":"","_kad_post_layout":"","_kad_post_sidebar_id":"","_kad_post_content_style":"","_kad_post_vertical_padding":"","_kad_post_feature":"","_kad_post_feature_position":"","_kad_post_header":false,"_kad_post_footer":false},"product_cat":[3162,3182],"product_tag":[3164,2988,3183],"brand":[],"class_list":{"0":"post-6821","1":"product","2":"type-product","3":"status-publish","4":"has-post-thumbnail","6":"product_cat-bilstereo","7":"product_cat-monteringsdele","8":"product_tag-bilstereo","9":"product_tag-los","10":"product_tag-monteringsdele","12":"first","13":"instock","14":"product-type-external","15":"entry","16":"content-bg","17":"loop-entry"},"_links":{"self":[{"href":"https:\/\/bilshopping.dk\/index.php?rest_route=\/wp\/v2\/product\/6821","targetHints":{"allow":["GET"]}}],"collection":[{"href":"https:\/\/bilshopping.dk\/index.php?rest_route=\/wp\/v2\/product"}],"about":[{"href":"https:\/\/bilshopping.dk\/index.php?rest_route=\/wp\/v2\/types\/product"}],"replies":[{"embeddable":true,"href":"https:\/\/bilshopping.dk\/index.php?rest_route=%2Fwp%2Fv2%2Fcomments&post=6821"}],"wp:featuredmedia":[{"embeddable":true,"href":"https:\/\/bilshopping.dk\/index.php?rest_route=\/wp\/v2\/media\/6822"}],"wp:attachment":[{"href":"https:\/\/bilshopping.dk\/index.php?rest_route=%2Fwp%2Fv2%2Fmedia&parent=6821"}],"wp:term":[{"taxonomy":"product_cat","embeddable":true,"href":"https:\/\/bilshopping.dk\/index.php?rest_route=%2Fwp%2Fv2%2Fproduct_cat&post=6821"},{"taxonomy":"product_tag","embeddable":true,"href":"https:\/\/bilshopping.dk\/index.php?rest_route=%2Fwp%2Fv2%2Fproduct_tag&post=6821"},{"taxonomy":"brand","embeddable":true,"href":"https:\/\/bilshopping.dk\/index.php?rest_route=%2Fwp%2Fv2%2Fbrand&post=6821"}],"curies":[{"name":"wp","href":"https:\/\/api.w.org\/{rel}","templated":true}]}}