{"id":6851,"date":"2023-06-23T19:31:32","date_gmt":"2023-06-23T17:31:32","guid":{"rendered":"https:\/\/bilshopping.dk\/produkt\/quixx-stenslag-reparationssaet-sort\/"},"modified":"2023-06-23T19:31:38","modified_gmt":"2023-06-23T17:31:38","slug":"quixx-stenslag-reparationssaet-sort","status":"publish","type":"product","link":"https:\/\/bilshopping.dk\/?product=quixx-stenslag-reparationssaet-sort","title":{"rendered":"QUIXX Stenslag reparationss\u00e6t sort"},"content":{"rendered":"<p>Produktid er <strong>2845<\/strong> og <strong>4028778005757<\/strong><\/p>\n<h2>Anmeldelse af QUIXX Stenslag reparationss\u00e6t sort<\/h2>\n<p>Se om vi har en <a href=\"https:\/\/bilshopping.dk\/592\">anmeldelse af QUIXX Stenslag reparationss\u00e6t sort<\/a>.<\/p>\n","protected":false},"excerpt":{"rendered":"<p>Reparationss\u00e6t til stenslag i lakken i sort<br \/>\nStenslag i lakken p\u00e5 motorhjelmen og p\u00e5 kofangeren kan ikke undg\u00e5s, is\u00e6r ikke hvis du k\u00f8rer meget p\u00e5 motorvej.<br \/>\nJo m\u00f8rkere farven din bil er, jo nemmere kan man se de hvide stenslag. Dybe stenslag kan ogs\u00e5 g\u00e5 ige, QUIXX Stenslag reparationss\u00e6t sort.<\/p>\n","protected":false},"featured_media":6852,"comment_status":"closed","ping_status":"open","template":"","meta":{"_kad_post_transparent":"","_kad_post_title":"","_kad_post_layout":"","_kad_post_sidebar_id":"","_kad_post_content_style":"","_kad_post_vertical_padding":"","_kad_post_feature":"","_kad_post_feature_position":"","_kad_post_header":false,"_kad_post_footer":false},"product_cat":[3145,3342],"product_tag":[3147,2988,3343],"brand":[],"class_list":{"0":"post-6851","1":"product","2":"type-product","3":"status-publish","4":"has-post-thumbnail","6":"product_cat-bilpleje","7":"product_cat-reparationskit","8":"product_tag-bilpleje","9":"product_tag-los","10":"product_tag-reparationskit","12":"first","13":"instock","14":"product-type-external","15":"entry","16":"content-bg","17":"loop-entry"},"_links":{"self":[{"href":"https:\/\/bilshopping.dk\/index.php?rest_route=\/wp\/v2\/product\/6851","targetHints":{"allow":["GET"]}}],"collection":[{"href":"https:\/\/bilshopping.dk\/index.php?rest_route=\/wp\/v2\/product"}],"about":[{"href":"https:\/\/bilshopping.dk\/index.php?rest_route=\/wp\/v2\/types\/product"}],"replies":[{"embeddable":true,"href":"https:\/\/bilshopping.dk\/index.php?rest_route=%2Fwp%2Fv2%2Fcomments&post=6851"}],"wp:featuredmedia":[{"embeddable":true,"href":"https:\/\/bilshopping.dk\/index.php?rest_route=\/wp\/v2\/media\/6852"}],"wp:attachment":[{"href":"https:\/\/bilshopping.dk\/index.php?rest_route=%2Fwp%2Fv2%2Fmedia&parent=6851"}],"wp:term":[{"taxonomy":"product_cat","embeddable":true,"href":"https:\/\/bilshopping.dk\/index.php?rest_route=%2Fwp%2Fv2%2Fproduct_cat&post=6851"},{"taxonomy":"product_tag","embeddable":true,"href":"https:\/\/bilshopping.dk\/index.php?rest_route=%2Fwp%2Fv2%2Fproduct_tag&post=6851"},{"taxonomy":"brand","embeddable":true,"href":"https:\/\/bilshopping.dk\/index.php?rest_route=%2Fwp%2Fv2%2Fbrand&post=6851"}],"curies":[{"name":"wp","href":"https:\/\/api.w.org\/{rel}","templated":true}]}}