{"id":6870,"date":"2023-06-23T19:31:51","date_gmt":"2023-06-23T17:31:51","guid":{"rendered":"https:\/\/bilshopping.dk\/produkt\/alpine-halo11-ilxf115d-appel-carplay-android\/"},"modified":"2023-06-23T19:31:54","modified_gmt":"2023-06-23T17:31:54","slug":"alpine-halo11-ilxf115d-appel-carplay-android","status":"publish","type":"product","link":"https:\/\/bilshopping.dk\/?product=alpine-halo11-ilxf115d-appel-carplay-android","title":{"rendered":"Alpine HALO11 ILXF115D Appel Carplay, Android"},"content":{"rendered":"<p>Produktid er <strong>2857<\/strong> og <strong>4958043905232<\/strong><\/p>\n<h2>Anmeldelse af Alpine HALO11 ILXF115D Appel Carplay, Android<\/h2>\n<p>Se om vi har en <a href=\"https:\/\/bilshopping.dk\/592\">anmeldelse af Alpine HALO11 ILXF115D Appel Carplay, Android<\/a>.<\/p>\n","protected":false},"excerpt":{"rendered":"<p>Alpine Halo 11 (iLX-F115D) giver dig en 11-tommers WXGA h\u00f8jopl\u00f8selig ber\u00f8ringssk\u00e6rm, som kan monteres i ethvert k\u00f8ret\u00f8j med 1-DIN radio forberedelse. Denne model er MAX version af den kendte Alpine Halo 9, med en meget st\u00f8rre sk\u00e6rm end set f\u00f8r.<br \/>\nDu f\u00e5r tr\u00e5, Alpine HALO11 ILXF115D Appel Carplay, Android.<\/p>\n","protected":false},"featured_media":6871,"comment_status":"closed","ping_status":"open","template":"","meta":{"_kad_post_transparent":"","_kad_post_title":"","_kad_post_layout":"","_kad_post_sidebar_id":"","_kad_post_content_style":"","_kad_post_vertical_padding":"","_kad_post_feature":"","_kad_post_feature_position":"","_kad_post_header":false,"_kad_post_footer":false},"product_cat":[3162,3166],"product_tag":[3164,2988,3168],"brand":[],"class_list":{"0":"post-6870","1":"product","2":"type-product","3":"status-publish","4":"has-post-thumbnail","6":"product_cat-bilstereo","7":"product_cat-multimedie","8":"product_tag-bilstereo","9":"product_tag-los","10":"product_tag-multimedie","12":"first","13":"instock","14":"sale","15":"product-type-external","16":"entry","17":"content-bg","18":"loop-entry"},"_links":{"self":[{"href":"https:\/\/bilshopping.dk\/index.php?rest_route=\/wp\/v2\/product\/6870","targetHints":{"allow":["GET"]}}],"collection":[{"href":"https:\/\/bilshopping.dk\/index.php?rest_route=\/wp\/v2\/product"}],"about":[{"href":"https:\/\/bilshopping.dk\/index.php?rest_route=\/wp\/v2\/types\/product"}],"replies":[{"embeddable":true,"href":"https:\/\/bilshopping.dk\/index.php?rest_route=%2Fwp%2Fv2%2Fcomments&post=6870"}],"wp:featuredmedia":[{"embeddable":true,"href":"https:\/\/bilshopping.dk\/index.php?rest_route=\/wp\/v2\/media\/6871"}],"wp:attachment":[{"href":"https:\/\/bilshopping.dk\/index.php?rest_route=%2Fwp%2Fv2%2Fmedia&parent=6870"}],"wp:term":[{"taxonomy":"product_cat","embeddable":true,"href":"https:\/\/bilshopping.dk\/index.php?rest_route=%2Fwp%2Fv2%2Fproduct_cat&post=6870"},{"taxonomy":"product_tag","embeddable":true,"href":"https:\/\/bilshopping.dk\/index.php?rest_route=%2Fwp%2Fv2%2Fproduct_tag&post=6870"},{"taxonomy":"brand","embeddable":true,"href":"https:\/\/bilshopping.dk\/index.php?rest_route=%2Fwp%2Fv2%2Fbrand&post=6870"}],"curies":[{"name":"wp","href":"https:\/\/api.w.org\/{rel}","templated":true}]}}