{"id":6882,"date":"2023-06-23T19:31:51","date_gmt":"2023-06-23T17:31:51","guid":{"rendered":"https:\/\/bilshopping.dk\/produkt\/alpine-style-x903d-v447-mercedes-vito-2014-multimedia-navigation\/"},"modified":"2023-06-23T19:32:02","modified_gmt":"2023-06-23T17:32:02","slug":"alpine-style-x903d-v447-mercedes-vito-2014-multimedia-navigation","status":"publish","type":"product","link":"https:\/\/bilshopping.dk\/?product=alpine-style-x903d-v447-mercedes-vito-2014-multimedia-navigation","title":{"rendered":"Alpine Style X903D-V447 Mercedes Vito 2014- &#8211; Multimedia Navigation"},"content":{"rendered":"<p>Produktid er <strong>2863<\/strong> og <strong>4958043622658<\/strong><\/p>\n<h2>Anmeldelse af Alpine Style X903D-V447 Mercedes Vito 2014- &#8211; Multimedia Navigation<\/h2>\n<p>Se om vi har en <a href=\"https:\/\/bilshopping.dk\/592\">anmeldelse af Alpine Style X903D-V447 Mercedes Vito 2014- &#8211; Multimedia Navigation<\/a>.<\/p>\n","protected":false},"excerpt":{"rendered":"<p>Alpine X903DV447 giver dig muligheden for at opgradere din Mercedes Benz Vito (447), med dette navigations- og infotainmentssystem. Du f\u00e5r en 9&#8243; h\u00f8jopl\u00f8snings touchsk\u00f8rm med DAB+ digital radio, iGO navigationssystem med 48 lande.<br \/>\n\t9&#8243; touchsk\u00e6rm<br \/>\n\tApple Car, Alpine Style X903D-V447 Mercedes Vito 2014- &#8211; Multimedia Navigation.<\/p>\n","protected":false},"featured_media":6883,"comment_status":"closed","ping_status":"open","template":"","meta":{"_kad_post_transparent":"","_kad_post_title":"","_kad_post_layout":"","_kad_post_sidebar_id":"","_kad_post_content_style":"","_kad_post_vertical_padding":"","_kad_post_feature":"","_kad_post_feature_position":"","_kad_post_header":false,"_kad_post_footer":false},"product_cat":[3162,3201,3189],"product_tag":[3164,2988,3202,3190],"brand":[],"class_list":{"0":"post-6882","1":"product","2":"type-product","3":"status-publish","4":"has-post-thumbnail","6":"product_cat-bilstereo","7":"product_cat-mercedes","8":"product_cat-navigation-til-bil","9":"product_tag-bilstereo","10":"product_tag-los","11":"product_tag-mercedes","12":"product_tag-navigation-til-bil","14":"first","15":"instock","16":"sale","17":"product-type-external","18":"entry","19":"content-bg","20":"loop-entry"},"_links":{"self":[{"href":"https:\/\/bilshopping.dk\/index.php?rest_route=\/wp\/v2\/product\/6882","targetHints":{"allow":["GET"]}}],"collection":[{"href":"https:\/\/bilshopping.dk\/index.php?rest_route=\/wp\/v2\/product"}],"about":[{"href":"https:\/\/bilshopping.dk\/index.php?rest_route=\/wp\/v2\/types\/product"}],"replies":[{"embeddable":true,"href":"https:\/\/bilshopping.dk\/index.php?rest_route=%2Fwp%2Fv2%2Fcomments&post=6882"}],"wp:featuredmedia":[{"embeddable":true,"href":"https:\/\/bilshopping.dk\/index.php?rest_route=\/wp\/v2\/media\/6883"}],"wp:attachment":[{"href":"https:\/\/bilshopping.dk\/index.php?rest_route=%2Fwp%2Fv2%2Fmedia&parent=6882"}],"wp:term":[{"taxonomy":"product_cat","embeddable":true,"href":"https:\/\/bilshopping.dk\/index.php?rest_route=%2Fwp%2Fv2%2Fproduct_cat&post=6882"},{"taxonomy":"product_tag","embeddable":true,"href":"https:\/\/bilshopping.dk\/index.php?rest_route=%2Fwp%2Fv2%2Fproduct_tag&post=6882"},{"taxonomy":"brand","embeddable":true,"href":"https:\/\/bilshopping.dk\/index.php?rest_route=%2Fwp%2Fv2%2Fbrand&post=6882"}],"curies":[{"name":"wp","href":"https:\/\/api.w.org\/{rel}","templated":true}]}}