{"id":6886,"date":"2023-06-23T19:31:51","date_gmt":"2023-06-23T17:31:51","guid":{"rendered":"https:\/\/bilshopping.dk\/produkt\/connect2-ratintbetjening-ctsad00c-2-fakra-iso-til-audi\/"},"modified":"2023-06-23T19:32:05","modified_gmt":"2023-06-23T17:32:05","slug":"connect2-ratintbetjening-ctsad00c-2-fakra-iso-til-audi","status":"publish","type":"product","link":"https:\/\/bilshopping.dk\/?product=connect2-ratintbetjening-ctsad00c-2-fakra-iso-til-audi","title":{"rendered":"Connect2 Ratintbetjening CTSAD00C.2 Fakra\/ISO til Audi"},"content":{"rendered":"<p>Produktid er <strong>2865<\/strong> og <strong>5055193348779<\/strong><\/p>\n<h2>Anmeldelse af Connect2 Ratintbetjening CTSAD00C.2 Fakra\/ISO til Audi<\/h2>\n<p>Se om vi har en <a href=\"https:\/\/bilshopping.dk\/592\">anmeldelse af Connect2 Ratintbetjening CTSAD00C.2 Fakra\/ISO til Audi<\/a>.<\/p>\n","protected":false},"excerpt":{"rendered":"<p>Interface til CAN-Bus styringskontrol, som indeholder b\u00e5de ISO og Quadlock forbindelsesledninger. Den har RCA forbindelse til BOSE og halvforst\u00e6rkede systemer. OBS nye radioer skal have RCA \u00e2\u0080\u009dlyd-ud\u00e2\u0080\u009d forbindelse. Stemmeassistent er tilg\u00e6ngeligt med sof, Connect2 Ratintbetjening CTSAD00C.2 Fakra\/ISO til Audi.<\/p>\n","protected":false},"featured_media":6887,"comment_status":"closed","ping_status":"open","template":"","meta":{"_kad_post_transparent":"","_kad_post_title":"","_kad_post_layout":"","_kad_post_sidebar_id":"","_kad_post_content_style":"","_kad_post_vertical_padding":"","_kad_post_feature":"","_kad_post_feature_position":"","_kad_post_header":false,"_kad_post_footer":false},"product_cat":[3162,3172],"product_tag":[3164,2988,3173],"brand":[],"class_list":{"0":"post-6886","1":"product","2":"type-product","3":"status-publish","4":"has-post-thumbnail","6":"product_cat-bilstereo","7":"product_cat-ratstyring","8":"product_tag-bilstereo","9":"product_tag-los","10":"product_tag-ratstyring","12":"first","13":"instock","14":"product-type-external","15":"entry","16":"content-bg","17":"loop-entry"},"_links":{"self":[{"href":"https:\/\/bilshopping.dk\/index.php?rest_route=\/wp\/v2\/product\/6886","targetHints":{"allow":["GET"]}}],"collection":[{"href":"https:\/\/bilshopping.dk\/index.php?rest_route=\/wp\/v2\/product"}],"about":[{"href":"https:\/\/bilshopping.dk\/index.php?rest_route=\/wp\/v2\/types\/product"}],"replies":[{"embeddable":true,"href":"https:\/\/bilshopping.dk\/index.php?rest_route=%2Fwp%2Fv2%2Fcomments&post=6886"}],"wp:featuredmedia":[{"embeddable":true,"href":"https:\/\/bilshopping.dk\/index.php?rest_route=\/wp\/v2\/media\/6887"}],"wp:attachment":[{"href":"https:\/\/bilshopping.dk\/index.php?rest_route=%2Fwp%2Fv2%2Fmedia&parent=6886"}],"wp:term":[{"taxonomy":"product_cat","embeddable":true,"href":"https:\/\/bilshopping.dk\/index.php?rest_route=%2Fwp%2Fv2%2Fproduct_cat&post=6886"},{"taxonomy":"product_tag","embeddable":true,"href":"https:\/\/bilshopping.dk\/index.php?rest_route=%2Fwp%2Fv2%2Fproduct_tag&post=6886"},{"taxonomy":"brand","embeddable":true,"href":"https:\/\/bilshopping.dk\/index.php?rest_route=%2Fwp%2Fv2%2Fbrand&post=6886"}],"curies":[{"name":"wp","href":"https:\/\/api.w.org\/{rel}","templated":true}]}}