{"id":6905,"date":"2023-06-23T19:32:15","date_gmt":"2023-06-23T17:32:15","guid":{"rendered":"https:\/\/bilshopping.dk\/produkt\/pioneer-mvh-ms410bt-enkelt-din-marineradio\/"},"modified":"2023-06-23T19:32:16","modified_gmt":"2023-06-23T17:32:16","slug":"pioneer-mvh-ms410bt-enkelt-din-marineradio","status":"publish","type":"product","link":"https:\/\/bilshopping.dk\/?product=pioneer-mvh-ms410bt-enkelt-din-marineradio","title":{"rendered":"Pioneer Mvh-MS410BT &#8211; Enkelt DIN Marineradio"},"content":{"rendered":"<p>Produktid er <strong>2878<\/strong> og <strong>4988028428029<\/strong><\/p>\n<h2>Anmeldelse af Pioneer Mvh-MS410BT &#8211; Enkelt DIN Marineradio<\/h2>\n<p>Se om vi har en <a href=\"https:\/\/bilshopping.dk\/592\">anmeldelse af Pioneer Mvh-MS410BT &#8211; Enkelt DIN Marineradio<\/a>.<\/p>\n","protected":false},"excerpt":{"rendered":"<p>Pioneer Marine 1-DIN digital mediereceiver med Bluetooth, USB og Spotify. Kan tilsluttes til iPhone og Android-enheder.<br \/>\nPioneers MVH-MS410BT er designet til at modst\u00e5 milj\u00f8et i en b\u00e5d, og er udstyret med Bluetooth, USB, Spotify og kompatibilitet med Pione, Pioneer Mvh-MS410BT &#8211; Enkelt DIN Marineradio.<\/p>\n","protected":false},"featured_media":6906,"comment_status":"closed","ping_status":"open","template":"","meta":{"_kad_post_transparent":"","_kad_post_title":"","_kad_post_layout":"","_kad_post_sidebar_id":"","_kad_post_content_style":"","_kad_post_vertical_padding":"","_kad_post_feature":"","_kad_post_feature_position":"","_kad_post_header":false,"_kad_post_footer":false},"product_cat":[3162,3249],"product_tag":[3164,2988,3250],"brand":[],"class_list":{"0":"post-6905","1":"product","2":"type-product","3":"status-publish","4":"has-post-thumbnail","6":"product_cat-bilstereo","7":"product_cat-marine","8":"product_tag-bilstereo","9":"product_tag-los","10":"product_tag-marine","12":"first","13":"instock","14":"product-type-external","15":"entry","16":"content-bg","17":"loop-entry"},"_links":{"self":[{"href":"https:\/\/bilshopping.dk\/index.php?rest_route=\/wp\/v2\/product\/6905","targetHints":{"allow":["GET"]}}],"collection":[{"href":"https:\/\/bilshopping.dk\/index.php?rest_route=\/wp\/v2\/product"}],"about":[{"href":"https:\/\/bilshopping.dk\/index.php?rest_route=\/wp\/v2\/types\/product"}],"replies":[{"embeddable":true,"href":"https:\/\/bilshopping.dk\/index.php?rest_route=%2Fwp%2Fv2%2Fcomments&post=6905"}],"wp:featuredmedia":[{"embeddable":true,"href":"https:\/\/bilshopping.dk\/index.php?rest_route=\/wp\/v2\/media\/6906"}],"wp:attachment":[{"href":"https:\/\/bilshopping.dk\/index.php?rest_route=%2Fwp%2Fv2%2Fmedia&parent=6905"}],"wp:term":[{"taxonomy":"product_cat","embeddable":true,"href":"https:\/\/bilshopping.dk\/index.php?rest_route=%2Fwp%2Fv2%2Fproduct_cat&post=6905"},{"taxonomy":"product_tag","embeddable":true,"href":"https:\/\/bilshopping.dk\/index.php?rest_route=%2Fwp%2Fv2%2Fproduct_tag&post=6905"},{"taxonomy":"brand","embeddable":true,"href":"https:\/\/bilshopping.dk\/index.php?rest_route=%2Fwp%2Fv2%2Fbrand&post=6905"}],"curies":[{"name":"wp","href":"https:\/\/api.w.org\/{rel}","templated":true}]}}