{"id":6909,"date":"2023-06-23T19:32:15","date_gmt":"2023-06-23T17:32:15","guid":{"rendered":"https:\/\/bilshopping.dk\/produkt\/thule-one-key-system-4-pak\/"},"modified":"2023-06-23T19:32:20","modified_gmt":"2023-06-23T17:32:20","slug":"thule-one-key-system-4-pak","status":"publish","type":"product","link":"https:\/\/bilshopping.dk\/?product=thule-one-key-system-4-pak","title":{"rendered":"Thule one key system &#8211; 4 pak"},"content":{"rendered":"<p>Produktid er <strong>2880<\/strong> og <strong>091021554429<\/strong><\/p>\n<h2>Anmeldelse af Thule one key system &#8211; 4 pak<\/h2>\n<p>Se om vi har en <a href=\"https:\/\/bilshopping.dk\/592\">anmeldelse af Thule one key system &#8211; 4 pak<\/a>.<\/p>\n","protected":false},"excerpt":{"rendered":"<p>N\u00f8gles\u00e6t med 2 n\u00f8gler og 4 cylindere.<br \/>\nHer har du mulighed for at montere eller udskifte alle l\u00e5secylindere i dine Thule-produkter og dermed bruge den samme n\u00f8gle til alle.<br \/>\nFunktioner:<br \/>\n\tS\u00e6t med 1 l\u00e5se til den samme n\u00f8gle.<br \/>\n\tInklusive gribevenlig Thule Comfo, Thule one key system &#8211; 4 pak.<\/p>\n","protected":false},"featured_media":6910,"comment_status":"closed","ping_status":"open","template":"","meta":{"_kad_post_transparent":"","_kad_post_title":"","_kad_post_layout":"","_kad_post_sidebar_id":"","_kad_post_content_style":"","_kad_post_vertical_padding":"","_kad_post_feature":"","_kad_post_feature_position":"","_kad_post_header":false,"_kad_post_footer":false},"product_cat":[3239,3184],"product_tag":[2988,3240,3186],"brand":[],"class_list":{"0":"post-6909","1":"product","2":"type-product","3":"status-publish","4":"has-post-thumbnail","6":"product_cat-tagboejler","7":"product_cat-transportudstyr","8":"product_tag-los","9":"product_tag-tagboejler","10":"product_tag-transportudstyr","12":"first","13":"instock","14":"product-type-external","15":"entry","16":"content-bg","17":"loop-entry"},"_links":{"self":[{"href":"https:\/\/bilshopping.dk\/index.php?rest_route=\/wp\/v2\/product\/6909","targetHints":{"allow":["GET"]}}],"collection":[{"href":"https:\/\/bilshopping.dk\/index.php?rest_route=\/wp\/v2\/product"}],"about":[{"href":"https:\/\/bilshopping.dk\/index.php?rest_route=\/wp\/v2\/types\/product"}],"replies":[{"embeddable":true,"href":"https:\/\/bilshopping.dk\/index.php?rest_route=%2Fwp%2Fv2%2Fcomments&post=6909"}],"wp:featuredmedia":[{"embeddable":true,"href":"https:\/\/bilshopping.dk\/index.php?rest_route=\/wp\/v2\/media\/6910"}],"wp:attachment":[{"href":"https:\/\/bilshopping.dk\/index.php?rest_route=%2Fwp%2Fv2%2Fmedia&parent=6909"}],"wp:term":[{"taxonomy":"product_cat","embeddable":true,"href":"https:\/\/bilshopping.dk\/index.php?rest_route=%2Fwp%2Fv2%2Fproduct_cat&post=6909"},{"taxonomy":"product_tag","embeddable":true,"href":"https:\/\/bilshopping.dk\/index.php?rest_route=%2Fwp%2Fv2%2Fproduct_tag&post=6909"},{"taxonomy":"brand","embeddable":true,"href":"https:\/\/bilshopping.dk\/index.php?rest_route=%2Fwp%2Fv2%2Fbrand&post=6909"}],"curies":[{"name":"wp","href":"https:\/\/api.w.org\/{rel}","templated":true}]}}