{"id":6913,"date":"2023-06-23T19:32:15","date_gmt":"2023-06-23T17:32:15","guid":{"rendered":"https:\/\/bilshopping.dk\/produkt\/hoejtaler-rammer-til-opel-diverse-fordoer-165-mm-2\/"},"modified":"2023-06-23T19:32:23","modified_gmt":"2023-06-23T17:32:23","slug":"hoejtaler-rammer-til-opel-diverse-fordoer-165-mm-2","status":"publish","type":"product","link":"https:\/\/bilshopping.dk\/?product=hoejtaler-rammer-til-opel-diverse-fordoer-165-mm-2","title":{"rendered":"H\u00f8jtaler rammer til Opel diverse ford\u00f8r 165 mm"},"content":{"rendered":"<p>Produktid er <strong>2882<\/strong> og <strong>4026724005790<\/strong><\/p>\n<h2>Anmeldelse af H\u00f8jtaler rammer til Opel diverse ford\u00f8r 165 mm<\/h2>\n<p>Se om vi har en <a href=\"https:\/\/bilshopping.dk\/592\">anmeldelse af H\u00f8jtaler rammer til Opel diverse ford\u00f8r 165 mm<\/a>.<\/p>\n","protected":false},"excerpt":{"rendered":"<p>H\u00f8jttalerrammes\u00e6t 165\u00c2\u00a0mm ford\u00f8r<br \/>\nPasser til:\u00c2\u00a0<br \/>\n\tAlfa MiTo 2008-\u00c2\u00a0Ford\u00f8r<br \/>\n\tCitro\u00c3\u00abn Jumper 2006-\u00c2\u00a0side panel \u00c2\u00a0Door Front<br \/>\n\tFiat Grande Punto 10\/2005- Ford\u00f8r<br \/>\n\tFiat Ducato 2006- Ford\u00f8r<br \/>\n\tVauxhall \/ Opel Astra H 2005- Ford\u00f8r<br \/>\n\tVauxhall \/ Opel Corsa D 2006- frod\u00f8, H\u00f8jtaler rammer til Opel diverse ford\u00f8r 165 mm.<\/p>\n","protected":false},"featured_media":6914,"comment_status":"closed","ping_status":"open","template":"","meta":{"_kad_post_transparent":"","_kad_post_title":"","_kad_post_layout":"","_kad_post_sidebar_id":"","_kad_post_content_style":"","_kad_post_vertical_padding":"","_kad_post_feature":"","_kad_post_feature_position":"","_kad_post_header":false,"_kad_post_footer":false},"product_cat":[3162,3182],"product_tag":[3164,2988,3183],"brand":[],"class_list":{"0":"post-6913","1":"product","2":"type-product","3":"status-publish","4":"has-post-thumbnail","6":"product_cat-bilstereo","7":"product_cat-monteringsdele","8":"product_tag-bilstereo","9":"product_tag-los","10":"product_tag-monteringsdele","12":"first","13":"instock","14":"product-type-external","15":"entry","16":"content-bg","17":"loop-entry"},"_links":{"self":[{"href":"https:\/\/bilshopping.dk\/index.php?rest_route=\/wp\/v2\/product\/6913","targetHints":{"allow":["GET"]}}],"collection":[{"href":"https:\/\/bilshopping.dk\/index.php?rest_route=\/wp\/v2\/product"}],"about":[{"href":"https:\/\/bilshopping.dk\/index.php?rest_route=\/wp\/v2\/types\/product"}],"replies":[{"embeddable":true,"href":"https:\/\/bilshopping.dk\/index.php?rest_route=%2Fwp%2Fv2%2Fcomments&post=6913"}],"wp:featuredmedia":[{"embeddable":true,"href":"https:\/\/bilshopping.dk\/index.php?rest_route=\/wp\/v2\/media\/6914"}],"wp:attachment":[{"href":"https:\/\/bilshopping.dk\/index.php?rest_route=%2Fwp%2Fv2%2Fmedia&parent=6913"}],"wp:term":[{"taxonomy":"product_cat","embeddable":true,"href":"https:\/\/bilshopping.dk\/index.php?rest_route=%2Fwp%2Fv2%2Fproduct_cat&post=6913"},{"taxonomy":"product_tag","embeddable":true,"href":"https:\/\/bilshopping.dk\/index.php?rest_route=%2Fwp%2Fv2%2Fproduct_tag&post=6913"},{"taxonomy":"brand","embeddable":true,"href":"https:\/\/bilshopping.dk\/index.php?rest_route=%2Fwp%2Fv2%2Fbrand&post=6913"}],"curies":[{"name":"wp","href":"https:\/\/api.w.org\/{rel}","templated":true}]}}