{"id":6921,"date":"2023-06-23T19:32:15","date_gmt":"2023-06-23T17:32:15","guid":{"rendered":"https:\/\/bilshopping.dk\/produkt\/led-forlygte-kit-adapter-h7-l04\/"},"modified":"2023-06-23T19:32:32","modified_gmt":"2023-06-23T17:32:32","slug":"led-forlygte-kit-adapter-h7-l04","status":"publish","type":"product","link":"https:\/\/bilshopping.dk\/?product=led-forlygte-kit-adapter-h7-l04","title":{"rendered":"LED Forlygte Kit adapter H7 L04"},"content":{"rendered":"<p>Produktid er <strong>2886-1653<\/strong> og <strong><\/strong><\/p>\n<h2>Anmeldelse af LED Forlygte Kit adapter H7 L04<\/h2>\n<p>Se om vi har en <a href=\"https:\/\/bilshopping.dk\/592\">anmeldelse af LED Forlygte Kit adapter H7 L04<\/a>.<\/p>\n","protected":false},"excerpt":{"rendered":"<p>Visse biler har en special sokkel eller adapter som holder halogenp\u00e6rerne p\u00e5 plads i forlygten. Dette kan v\u00e6re en udfordring n\u00e5r man skal eftermontere et LED kit, da LED p\u00e6rerne typisk har en st\u00f8rre base og kr\u00e6ver plads til k\u00f8lepladerne. Her kan vi tilbyd, LED Forlygte Kit adapter H7 L04.<\/p>\n","protected":false},"featured_media":6922,"comment_status":"closed","ping_status":"open","template":"","meta":{"_kad_post_transparent":"","_kad_post_title":"","_kad_post_layout":"","_kad_post_sidebar_id":"","_kad_post_content_style":"","_kad_post_vertical_padding":"","_kad_post_feature":"","_kad_post_feature_position":"","_kad_post_header":false,"_kad_post_footer":false},"product_cat":[3208,3207],"product_tag":[2988,3210,3209],"brand":[],"class_list":{"0":"post-6921","1":"product","2":"type-product","3":"status-publish","4":"has-post-thumbnail","6":"product_cat-paerer","7":"product_cat-udvendig-tilbehoer","8":"product_tag-los","9":"product_tag-paerer","10":"product_tag-udvendig-tilbehoer","12":"first","13":"instock","14":"product-type-external","15":"entry","16":"content-bg","17":"loop-entry"},"_links":{"self":[{"href":"https:\/\/bilshopping.dk\/index.php?rest_route=\/wp\/v2\/product\/6921","targetHints":{"allow":["GET"]}}],"collection":[{"href":"https:\/\/bilshopping.dk\/index.php?rest_route=\/wp\/v2\/product"}],"about":[{"href":"https:\/\/bilshopping.dk\/index.php?rest_route=\/wp\/v2\/types\/product"}],"replies":[{"embeddable":true,"href":"https:\/\/bilshopping.dk\/index.php?rest_route=%2Fwp%2Fv2%2Fcomments&post=6921"}],"wp:featuredmedia":[{"embeddable":true,"href":"https:\/\/bilshopping.dk\/index.php?rest_route=\/wp\/v2\/media\/6922"}],"wp:attachment":[{"href":"https:\/\/bilshopping.dk\/index.php?rest_route=%2Fwp%2Fv2%2Fmedia&parent=6921"}],"wp:term":[{"taxonomy":"product_cat","embeddable":true,"href":"https:\/\/bilshopping.dk\/index.php?rest_route=%2Fwp%2Fv2%2Fproduct_cat&post=6921"},{"taxonomy":"product_tag","embeddable":true,"href":"https:\/\/bilshopping.dk\/index.php?rest_route=%2Fwp%2Fv2%2Fproduct_tag&post=6921"},{"taxonomy":"brand","embeddable":true,"href":"https:\/\/bilshopping.dk\/index.php?rest_route=%2Fwp%2Fv2%2Fbrand&post=6921"}],"curies":[{"name":"wp","href":"https:\/\/api.w.org\/{rel}","templated":true}]}}