{"id":6955,"date":"2023-06-23T19:32:51","date_gmt":"2023-06-23T17:32:51","guid":{"rendered":"https:\/\/bilshopping.dk\/produkt\/tuga-alu-teufel-spezial-faelgrens-1-ltr\/"},"modified":"2023-06-23T19:32:58","modified_gmt":"2023-06-23T17:32:58","slug":"tuga-alu-teufel-spezial-faelgrens-1-ltr","status":"publish","type":"product","link":"https:\/\/bilshopping.dk\/?product=tuga-alu-teufel-spezial-faelgrens-1-ltr","title":{"rendered":"Tuga Alu-teufel spezial F\u00e6lgrens &#8211; 1 ltr."},"content":{"rendered":"<p>Produktid er <strong>2890<\/strong> og <strong>4032518040014<\/strong><\/p>\n<h2>Anmeldelse af Tuga Alu-teufel spezial F\u00e6lgrens &#8211; 1 ltr.<\/h2>\n<p>Se om vi har en <a href=\"https:\/\/bilshopping.dk\/592\">anmeldelse af Tuga Alu-teufel spezial F\u00e6lgrens &#8211; 1 ltr.<\/a>.<\/p>\n","protected":false},"excerpt":{"rendered":"<p>Alu-Teufel Spezial imponerer alle, der pr\u00f8ver det, og kan da ogs\u00e5 pryde sig med titlen som flere gange TESTVINDER. Produktet er velegnet \u00c2\u00a0til alle slags f\u00e6lge, uanset overflade. F.eks. blank- og matlakerede, h\u00f8jglanspolerede og forkromede m.m. Med andre, Tuga Alu-teufel spezial F\u00e6lgrens &#8211; 1 ltr..<\/p>\n","protected":false},"featured_media":6956,"comment_status":"closed","ping_status":"open","template":"","meta":{"_kad_post_transparent":"","_kad_post_title":"","_kad_post_layout":"","_kad_post_sidebar_id":"","_kad_post_content_style":"","_kad_post_vertical_padding":"","_kad_post_feature":"","_kad_post_feature_position":"","_kad_post_header":false,"_kad_post_footer":false},"product_cat":[3145,3158],"product_tag":[3147,3159,2988],"brand":[],"class_list":{"0":"post-6955","1":"product","2":"type-product","3":"status-publish","4":"has-post-thumbnail","6":"product_cat-bilpleje","7":"product_cat-daek-faelg-pleje","8":"product_tag-bilpleje","9":"product_tag-daek-faelg-pleje","10":"product_tag-los","12":"first","13":"instock","14":"sale","15":"product-type-external","16":"entry","17":"content-bg","18":"loop-entry"},"_links":{"self":[{"href":"https:\/\/bilshopping.dk\/index.php?rest_route=\/wp\/v2\/product\/6955","targetHints":{"allow":["GET"]}}],"collection":[{"href":"https:\/\/bilshopping.dk\/index.php?rest_route=\/wp\/v2\/product"}],"about":[{"href":"https:\/\/bilshopping.dk\/index.php?rest_route=\/wp\/v2\/types\/product"}],"replies":[{"embeddable":true,"href":"https:\/\/bilshopping.dk\/index.php?rest_route=%2Fwp%2Fv2%2Fcomments&post=6955"}],"wp:featuredmedia":[{"embeddable":true,"href":"https:\/\/bilshopping.dk\/index.php?rest_route=\/wp\/v2\/media\/6956"}],"wp:attachment":[{"href":"https:\/\/bilshopping.dk\/index.php?rest_route=%2Fwp%2Fv2%2Fmedia&parent=6955"}],"wp:term":[{"taxonomy":"product_cat","embeddable":true,"href":"https:\/\/bilshopping.dk\/index.php?rest_route=%2Fwp%2Fv2%2Fproduct_cat&post=6955"},{"taxonomy":"product_tag","embeddable":true,"href":"https:\/\/bilshopping.dk\/index.php?rest_route=%2Fwp%2Fv2%2Fproduct_tag&post=6955"},{"taxonomy":"brand","embeddable":true,"href":"https:\/\/bilshopping.dk\/index.php?rest_route=%2Fwp%2Fv2%2Fbrand&post=6955"}],"curies":[{"name":"wp","href":"https:\/\/api.w.org\/{rel}","templated":true}]}}