{"id":6961,"date":"2023-06-23T19:32:51","date_gmt":"2023-06-23T17:32:51","guid":{"rendered":"https:\/\/bilshopping.dk\/produkt\/pioneer-avh-z7200dab-enkelt-din-bilradio-med-udfoldelig-skaerm\/"},"modified":"2023-06-23T19:33:00","modified_gmt":"2023-06-23T17:33:00","slug":"pioneer-avh-z7200dab-enkelt-din-bilradio-med-udfoldelig-skaerm","status":"publish","type":"product","link":"https:\/\/bilshopping.dk\/?product=pioneer-avh-z7200dab-enkelt-din-bilradio-med-udfoldelig-skaerm","title":{"rendered":"Pioneer AVH-Z7200DAB &#8211; Enkelt DIN bilradio med udfoldelig sk\u00e6rm"},"content":{"rendered":"<p>Produktid er <strong>2893<\/strong> og <strong><\/strong><\/p>\n<h2>Anmeldelse af Pioneer AVH-Z7200DAB &#8211; Enkelt DIN bilradio med udfoldelig sk\u00e6rm<\/h2>\n<p>Se om vi har en <a href=\"https:\/\/bilshopping.dk\/592\">anmeldelse af Pioneer AVH-Z7200DAB &#8211; Enkelt DIN bilradio med udfoldelig sk\u00e6rm<\/a>.<\/p>\n","protected":false},"excerpt":{"rendered":"<p>Bilradio med RDS-tuner, Bluetooth og 7&#8243; udfoldelig touch sk\u00e6rm.<br \/>\n\tBluetooth til tr\u00e5dl\u00f8s musikstreaming.<br \/>\n\tTr\u00e5dl\u00f8s telefoni (mikrofon medf\u00f8lger).<br \/>\n\t7&#8243; udfoldelig touch sk\u00e6rm der automatisk k\u00f8rer ind n\u00e5r bilen forlades.<br \/>\n\tRadioen kan spille selvom sk\u00e6rmen ikke, Pioneer AVH-Z7200DAB &#8211; Enkelt DIN bilradio med udfoldelig sk\u00e6rm.<\/p>\n","protected":false},"featured_media":6962,"comment_status":"closed","ping_status":"open","template":"","meta":{"_kad_post_transparent":"","_kad_post_title":"","_kad_post_layout":"","_kad_post_sidebar_id":"","_kad_post_content_style":"","_kad_post_vertical_padding":"","_kad_post_feature":"","_kad_post_feature_position":"","_kad_post_header":false,"_kad_post_footer":false},"product_cat":[3162,3163],"product_tag":[3164,3165,2988],"brand":[],"class_list":{"0":"post-6961","1":"product","2":"type-product","3":"status-publish","4":"has-post-thumbnail","6":"product_cat-bilstereo","7":"product_cat-cd-radio","8":"product_tag-bilstereo","9":"product_tag-cd-radio","10":"product_tag-los","12":"first","13":"instock","14":"product-type-external","15":"entry","16":"content-bg","17":"loop-entry"},"_links":{"self":[{"href":"https:\/\/bilshopping.dk\/index.php?rest_route=\/wp\/v2\/product\/6961","targetHints":{"allow":["GET"]}}],"collection":[{"href":"https:\/\/bilshopping.dk\/index.php?rest_route=\/wp\/v2\/product"}],"about":[{"href":"https:\/\/bilshopping.dk\/index.php?rest_route=\/wp\/v2\/types\/product"}],"replies":[{"embeddable":true,"href":"https:\/\/bilshopping.dk\/index.php?rest_route=%2Fwp%2Fv2%2Fcomments&post=6961"}],"wp:featuredmedia":[{"embeddable":true,"href":"https:\/\/bilshopping.dk\/index.php?rest_route=\/wp\/v2\/media\/6962"}],"wp:attachment":[{"href":"https:\/\/bilshopping.dk\/index.php?rest_route=%2Fwp%2Fv2%2Fmedia&parent=6961"}],"wp:term":[{"taxonomy":"product_cat","embeddable":true,"href":"https:\/\/bilshopping.dk\/index.php?rest_route=%2Fwp%2Fv2%2Fproduct_cat&post=6961"},{"taxonomy":"product_tag","embeddable":true,"href":"https:\/\/bilshopping.dk\/index.php?rest_route=%2Fwp%2Fv2%2Fproduct_tag&post=6961"},{"taxonomy":"brand","embeddable":true,"href":"https:\/\/bilshopping.dk\/index.php?rest_route=%2Fwp%2Fv2%2Fbrand&post=6961"}],"curies":[{"name":"wp","href":"https:\/\/api.w.org\/{rel}","templated":true}]}}