{"id":6963,"date":"2023-06-23T19:32:51","date_gmt":"2023-06-23T17:32:51","guid":{"rendered":"https:\/\/bilshopping.dk\/produkt\/caliber-kabinethoejtaler-paa-boejle-2-vejs\/"},"modified":"2023-06-23T19:33:03","modified_gmt":"2023-06-23T17:33:03","slug":"caliber-kabinethoejtaler-paa-boejle-2-vejs","status":"publish","type":"product","link":"https:\/\/bilshopping.dk\/?product=caliber-kabinethoejtaler-paa-boejle-2-vejs","title":{"rendered":"Caliber Kabineth\u00f8jtaler p\u00e5 b\u00f8jle &#8211; 2-vejs"},"content":{"rendered":"<p>Produktid er <strong>2894<\/strong> og <strong>8714505011011<\/strong><\/p>\n<h2>Anmeldelse af Caliber Kabineth\u00f8jtaler p\u00e5 b\u00f8jle &#8211; 2-vejs<\/h2>\n<p>Se om vi har en <a href=\"https:\/\/bilshopping.dk\/592\">anmeldelse af Caliber Kabineth\u00f8jtaler p\u00e5 b\u00f8jle &#8211; 2-vejs<\/a>.<\/p>\n","protected":false},"excerpt":{"rendered":"<p>Caliber kabineth\u00f8jttalere er velegnede til bil, b\u00e5d og camping m.m.<br \/>\nSpecifikaioner:<br \/>\n\tVelcro- eller skruemontering, monteringsbeslag medf\u00f8lger.<br \/>\n\t2-vejs med en max. effekt p\u00e5 80 watt \/ 40 watt RMS<br \/>\n\tM\u00e5l: 110 x 110 x 100 mm., Caliber Kabineth\u00f8jtaler p\u00e5 b\u00f8jle &#8211; 2-vejs.<\/p>\n","protected":false},"featured_media":6964,"comment_status":"closed","ping_status":"open","template":"","meta":{"_kad_post_transparent":"","_kad_post_title":"","_kad_post_layout":"","_kad_post_sidebar_id":"","_kad_post_content_style":"","_kad_post_vertical_padding":"","_kad_post_feature":"","_kad_post_feature_position":"","_kad_post_header":false,"_kad_post_footer":false},"product_cat":[3162,3180],"product_tag":[3164,3181,2988],"brand":[],"class_list":{"0":"post-6963","1":"product","2":"type-product","3":"status-publish","4":"has-post-thumbnail","6":"product_cat-bilstereo","7":"product_cat-hoejttalere","8":"product_tag-bilstereo","9":"product_tag-hoejttalere","10":"product_tag-los","12":"first","13":"instock","14":"product-type-external","15":"entry","16":"content-bg","17":"loop-entry"},"_links":{"self":[{"href":"https:\/\/bilshopping.dk\/index.php?rest_route=\/wp\/v2\/product\/6963","targetHints":{"allow":["GET"]}}],"collection":[{"href":"https:\/\/bilshopping.dk\/index.php?rest_route=\/wp\/v2\/product"}],"about":[{"href":"https:\/\/bilshopping.dk\/index.php?rest_route=\/wp\/v2\/types\/product"}],"replies":[{"embeddable":true,"href":"https:\/\/bilshopping.dk\/index.php?rest_route=%2Fwp%2Fv2%2Fcomments&post=6963"}],"wp:featuredmedia":[{"embeddable":true,"href":"https:\/\/bilshopping.dk\/index.php?rest_route=\/wp\/v2\/media\/6964"}],"wp:attachment":[{"href":"https:\/\/bilshopping.dk\/index.php?rest_route=%2Fwp%2Fv2%2Fmedia&parent=6963"}],"wp:term":[{"taxonomy":"product_cat","embeddable":true,"href":"https:\/\/bilshopping.dk\/index.php?rest_route=%2Fwp%2Fv2%2Fproduct_cat&post=6963"},{"taxonomy":"product_tag","embeddable":true,"href":"https:\/\/bilshopping.dk\/index.php?rest_route=%2Fwp%2Fv2%2Fproduct_tag&post=6963"},{"taxonomy":"brand","embeddable":true,"href":"https:\/\/bilshopping.dk\/index.php?rest_route=%2Fwp%2Fv2%2Fbrand&post=6963"}],"curies":[{"name":"wp","href":"https:\/\/api.w.org\/{rel}","templated":true}]}}