{"id":6975,"date":"2023-06-23T19:32:51","date_gmt":"2023-06-23T17:32:51","guid":{"rendered":"https:\/\/bilshopping.dk\/produkt\/sbs-universel-freeway-mobilholder-med-sugekop-sort\/"},"modified":"2023-06-23T19:33:17","modified_gmt":"2023-06-23T17:33:17","slug":"sbs-universel-freeway-mobilholder-med-sugekop-sort","status":"publish","type":"product","link":"https:\/\/bilshopping.dk\/?product=sbs-universel-freeway-mobilholder-med-sugekop-sort","title":{"rendered":"SBS Universel Freeway mobilholder med sugekop &#8211; Sort"},"content":{"rendered":"<p>Produktid er <strong>2900<\/strong> og <strong>8018417162121<\/strong><\/p>\n<h2>Anmeldelse af SBS Universel Freeway mobilholder med sugekop &#8211; Sort<\/h2>\n<p>Se om vi har en <a href=\"https:\/\/bilshopping.dk\/592\">anmeldelse af SBS Universel Freeway mobilholder med sugekop &#8211; Sort<\/a>.<\/p>\n","protected":false},"excerpt":{"rendered":"<p>Denne Freeway mobilholder giver dig mulighed for at nyde alle funktioner p\u00e5 din telefon, mens du k\u00f8rer. Sugekopmonteringssystemet muligg\u00f8r nem og hurtig installation. Den justerbare st\u00f8tte udvider kompatibiliteten til enhver mobiltelefonmodel.<br \/>\n\tJusterbar, SBS Universel Freeway mobilholder med sugekop &#8211; Sort.<\/p>\n","protected":false},"featured_media":6976,"comment_status":"closed","ping_status":"open","template":"","meta":{"_kad_post_transparent":"","_kad_post_title":"","_kad_post_layout":"","_kad_post_sidebar_id":"","_kad_post_content_style":"","_kad_post_vertical_padding":"","_kad_post_feature":"","_kad_post_feature_position":"","_kad_post_header":false,"_kad_post_footer":false},"product_cat":[3211,3264],"product_tag":[3213,2988,3265],"brand":[],"class_list":{"0":"post-6975","1":"product","2":"type-product","3":"status-publish","4":"has-post-thumbnail","6":"product_cat-indvendig-tilbehoer","7":"product_cat-mobil-tilbehoer","8":"product_tag-indvendig-tilbehoer","9":"product_tag-los","10":"product_tag-mobil-tilbehoer","12":"first","13":"instock","14":"product-type-external","15":"entry","16":"content-bg","17":"loop-entry"},"_links":{"self":[{"href":"https:\/\/bilshopping.dk\/index.php?rest_route=\/wp\/v2\/product\/6975","targetHints":{"allow":["GET"]}}],"collection":[{"href":"https:\/\/bilshopping.dk\/index.php?rest_route=\/wp\/v2\/product"}],"about":[{"href":"https:\/\/bilshopping.dk\/index.php?rest_route=\/wp\/v2\/types\/product"}],"replies":[{"embeddable":true,"href":"https:\/\/bilshopping.dk\/index.php?rest_route=%2Fwp%2Fv2%2Fcomments&post=6975"}],"wp:featuredmedia":[{"embeddable":true,"href":"https:\/\/bilshopping.dk\/index.php?rest_route=\/wp\/v2\/media\/6976"}],"wp:attachment":[{"href":"https:\/\/bilshopping.dk\/index.php?rest_route=%2Fwp%2Fv2%2Fmedia&parent=6975"}],"wp:term":[{"taxonomy":"product_cat","embeddable":true,"href":"https:\/\/bilshopping.dk\/index.php?rest_route=%2Fwp%2Fv2%2Fproduct_cat&post=6975"},{"taxonomy":"product_tag","embeddable":true,"href":"https:\/\/bilshopping.dk\/index.php?rest_route=%2Fwp%2Fv2%2Fproduct_tag&post=6975"},{"taxonomy":"brand","embeddable":true,"href":"https:\/\/bilshopping.dk\/index.php?rest_route=%2Fwp%2Fv2%2Fbrand&post=6975"}],"curies":[{"name":"wp","href":"https:\/\/api.w.org\/{rel}","templated":true}]}}