{"id":6991,"date":"2023-06-23T19:33:28","date_gmt":"2023-06-23T17:33:28","guid":{"rendered":"https:\/\/bilshopping.dk\/produkt\/turtle-19-liters-vaskespand-med-kraftig-bundsi\/"},"modified":"2023-06-23T19:33:34","modified_gmt":"2023-06-23T17:33:34","slug":"turtle-19-liters-vaskespand-med-kraftig-bundsi","status":"publish","type":"product","link":"https:\/\/bilshopping.dk\/?product=turtle-19-liters-vaskespand-med-kraftig-bundsi","title":{"rendered":"Turtle 19 liters vaskespand med kraftig bundsi"},"content":{"rendered":"<p>Produktid er <strong>2908<\/strong> og <strong>5018857006798<\/strong><\/p>\n<h2>Anmeldelse af Turtle 19 liters vaskespand med kraftig bundsi<\/h2>\n<p>Se om vi har en <a href=\"https:\/\/bilshopping.dk\/592\">anmeldelse af Turtle 19 liters vaskespand med kraftig bundsi<\/a>.<\/p>\n","protected":false},"excerpt":{"rendered":"<p>Robust vaskespand med kraftig bundsi fra Turtle<br \/>\nDen kraftige spand med b\u00e6rehank fra Turtle kan indeholde 19 liter. Den har en smart bundsi, ogs\u00e5 kaldet en \u00e2\u0080\u009dGridgard\u00e2\u0080\u009d, s\u00e5 skidt, snavs og sm\u00e5sten ryger til bunds. Sien h\u00e6ver bunden i spanden med nogle ce, Turtle 19 liters vaskespand med kraftig bundsi.<\/p>\n","protected":false},"featured_media":6992,"comment_status":"closed","ping_status":"open","template":"","meta":{"_kad_post_transparent":"","_kad_post_title":"","_kad_post_layout":"","_kad_post_sidebar_id":"","_kad_post_content_style":"","_kad_post_vertical_padding":"","_kad_post_feature":"","_kad_post_feature_position":"","_kad_post_header":false,"_kad_post_footer":false},"product_cat":[3145,3146],"product_tag":[3147,2988,3148],"brand":[],"class_list":{"0":"post-6991","1":"product","2":"type-product","3":"status-publish","4":"has-post-thumbnail","6":"product_cat-bilpleje","7":"product_cat-vaskeprodukter","8":"product_tag-bilpleje","9":"product_tag-los","10":"product_tag-vaskeprodukter","12":"first","13":"instock","14":"sale","15":"product-type-external","16":"entry","17":"content-bg","18":"loop-entry"},"_links":{"self":[{"href":"https:\/\/bilshopping.dk\/index.php?rest_route=\/wp\/v2\/product\/6991","targetHints":{"allow":["GET"]}}],"collection":[{"href":"https:\/\/bilshopping.dk\/index.php?rest_route=\/wp\/v2\/product"}],"about":[{"href":"https:\/\/bilshopping.dk\/index.php?rest_route=\/wp\/v2\/types\/product"}],"replies":[{"embeddable":true,"href":"https:\/\/bilshopping.dk\/index.php?rest_route=%2Fwp%2Fv2%2Fcomments&post=6991"}],"wp:featuredmedia":[{"embeddable":true,"href":"https:\/\/bilshopping.dk\/index.php?rest_route=\/wp\/v2\/media\/6992"}],"wp:attachment":[{"href":"https:\/\/bilshopping.dk\/index.php?rest_route=%2Fwp%2Fv2%2Fmedia&parent=6991"}],"wp:term":[{"taxonomy":"product_cat","embeddable":true,"href":"https:\/\/bilshopping.dk\/index.php?rest_route=%2Fwp%2Fv2%2Fproduct_cat&post=6991"},{"taxonomy":"product_tag","embeddable":true,"href":"https:\/\/bilshopping.dk\/index.php?rest_route=%2Fwp%2Fv2%2Fproduct_tag&post=6991"},{"taxonomy":"brand","embeddable":true,"href":"https:\/\/bilshopping.dk\/index.php?rest_route=%2Fwp%2Fv2%2Fbrand&post=6991"}],"curies":[{"name":"wp","href":"https:\/\/api.w.org\/{rel}","templated":true}]}}