{"id":6997,"date":"2023-06-23T19:33:28","date_gmt":"2023-06-23T17:33:28","guid":{"rendered":"https:\/\/bilshopping.dk\/produkt\/osram-batterystart-400-startbooster-2000-a\/"},"modified":"2023-06-23T19:33:37","modified_gmt":"2023-06-23T17:33:37","slug":"osram-batterystart-400-startbooster-2000-a","status":"publish","type":"product","link":"https:\/\/bilshopping.dk\/?product=osram-batterystart-400-startbooster-2000-a","title":{"rendered":"Osram BATTERYstart 400 startbooster &#8211; 2000 A"},"content":{"rendered":"<p>Produktid er <strong>2911<\/strong> og <strong>4052899620490<\/strong><\/p>\n<h2>Anmeldelse af Osram BATTERYstart 400 startbooster &#8211; 2000 A<\/h2>\n<p>Se om vi har en <a href=\"https:\/\/bilshopping.dk\/592\">anmeldelse af Osram BATTERYstart 400 startbooster &#8211; 2000 A<\/a>.<\/p>\n","protected":false},"excerpt":{"rendered":"<p>OSRAM BATTERYstart 400 kompakte Lithium Cobalt LiCoO2 jumpstarter kan bruges til sm\u00e5 til mellemstore 12V k\u00f8ret\u00f8jer op til 8L benzinmotorer og 4L dieselmotorer. Selvom BATTERYstart 400 er en kompakt st\u00f8rrelse, g\u00e5r den ikke p\u00e5 kompromis med str\u00f8mmen. BATTER, Osram BATTERYstart 400 startbooster &#8211; 2000 A.<\/p>\n","protected":false},"featured_media":6998,"comment_status":"closed","ping_status":"open","template":"","meta":{"_kad_post_transparent":"","_kad_post_title":"","_kad_post_layout":"","_kad_post_sidebar_id":"","_kad_post_content_style":"","_kad_post_vertical_padding":"","_kad_post_feature":"","_kad_post_feature_position":"","_kad_post_header":false,"_kad_post_footer":false},"product_cat":[3243],"product_tag":[2988,3244],"brand":[],"class_list":{"0":"post-6997","1":"product","2":"type-product","3":"status-publish","4":"has-post-thumbnail","6":"product_cat-vaerktoej","7":"product_tag-los","8":"product_tag-vaerktoej","10":"first","11":"instock","12":"product-type-external","13":"entry","14":"content-bg","15":"loop-entry"},"_links":{"self":[{"href":"https:\/\/bilshopping.dk\/index.php?rest_route=\/wp\/v2\/product\/6997","targetHints":{"allow":["GET"]}}],"collection":[{"href":"https:\/\/bilshopping.dk\/index.php?rest_route=\/wp\/v2\/product"}],"about":[{"href":"https:\/\/bilshopping.dk\/index.php?rest_route=\/wp\/v2\/types\/product"}],"replies":[{"embeddable":true,"href":"https:\/\/bilshopping.dk\/index.php?rest_route=%2Fwp%2Fv2%2Fcomments&post=6997"}],"wp:featuredmedia":[{"embeddable":true,"href":"https:\/\/bilshopping.dk\/index.php?rest_route=\/wp\/v2\/media\/6998"}],"wp:attachment":[{"href":"https:\/\/bilshopping.dk\/index.php?rest_route=%2Fwp%2Fv2%2Fmedia&parent=6997"}],"wp:term":[{"taxonomy":"product_cat","embeddable":true,"href":"https:\/\/bilshopping.dk\/index.php?rest_route=%2Fwp%2Fv2%2Fproduct_cat&post=6997"},{"taxonomy":"product_tag","embeddable":true,"href":"https:\/\/bilshopping.dk\/index.php?rest_route=%2Fwp%2Fv2%2Fproduct_tag&post=6997"},{"taxonomy":"brand","embeddable":true,"href":"https:\/\/bilshopping.dk\/index.php?rest_route=%2Fwp%2Fv2%2Fbrand&post=6997"}],"curies":[{"name":"wp","href":"https:\/\/api.w.org\/{rel}","templated":true}]}}