{"id":7016,"date":"2023-06-23T19:33:28","date_gmt":"2023-06-23T17:33:28","guid":{"rendered":"https:\/\/bilshopping.dk\/produkt\/autoglym-quickrefresh-500-ml\/"},"modified":"2023-06-23T19:33:58","modified_gmt":"2023-06-23T17:33:58","slug":"autoglym-quickrefresh-500-ml","status":"publish","type":"product","link":"https:\/\/bilshopping.dk\/?product=autoglym-quickrefresh-500-ml","title":{"rendered":"Autoglym QuickRefresh 500 ml"},"content":{"rendered":"<p>Produktid er <strong>2926<\/strong> og <strong>5016366007909<\/strong><\/p>\n<h2>Anmeldelse af Autoglym QuickRefresh 500 ml<\/h2>\n<p>Se om vi har en <a href=\"https:\/\/bilshopping.dk\/592\">anmeldelse af Autoglym QuickRefresh 500 ml<\/a>.<\/p>\n","protected":false},"excerpt":{"rendered":"<p>QuikRefresh er beregnet til brug mellem regelm\u00e6ssig bilvask.<br \/>\nDen fjerner let trafikfilm, st\u00f8v og skidt fra regndr\u00e5ber. Den opfrisker det nyvaskede look p\u00e5 blot 15 minutter. Snavset fjernes uden besv\u00e6r og sikkert ved hj\u00e6lp af mikroemulsionsteknologi, der f, Autoglym QuickRefresh 500 ml.<\/p>\n","protected":false},"featured_media":7017,"comment_status":"closed","ping_status":"open","template":"","meta":{"_kad_post_transparent":"","_kad_post_title":"","_kad_post_layout":"","_kad_post_sidebar_id":"","_kad_post_content_style":"","_kad_post_vertical_padding":"","_kad_post_feature":"","_kad_post_feature_position":"","_kad_post_header":false,"_kad_post_footer":false},"product_cat":[3145,3146],"product_tag":[3147,2988,3148],"brand":[],"class_list":{"0":"post-7016","1":"product","2":"type-product","3":"status-publish","4":"has-post-thumbnail","6":"product_cat-bilpleje","7":"product_cat-vaskeprodukter","8":"product_tag-bilpleje","9":"product_tag-los","10":"product_tag-vaskeprodukter","12":"first","13":"instock","14":"product-type-external","15":"entry","16":"content-bg","17":"loop-entry"},"_links":{"self":[{"href":"https:\/\/bilshopping.dk\/index.php?rest_route=\/wp\/v2\/product\/7016","targetHints":{"allow":["GET"]}}],"collection":[{"href":"https:\/\/bilshopping.dk\/index.php?rest_route=\/wp\/v2\/product"}],"about":[{"href":"https:\/\/bilshopping.dk\/index.php?rest_route=\/wp\/v2\/types\/product"}],"replies":[{"embeddable":true,"href":"https:\/\/bilshopping.dk\/index.php?rest_route=%2Fwp%2Fv2%2Fcomments&post=7016"}],"wp:featuredmedia":[{"embeddable":true,"href":"https:\/\/bilshopping.dk\/index.php?rest_route=\/wp\/v2\/media\/7017"}],"wp:attachment":[{"href":"https:\/\/bilshopping.dk\/index.php?rest_route=%2Fwp%2Fv2%2Fmedia&parent=7016"}],"wp:term":[{"taxonomy":"product_cat","embeddable":true,"href":"https:\/\/bilshopping.dk\/index.php?rest_route=%2Fwp%2Fv2%2Fproduct_cat&post=7016"},{"taxonomy":"product_tag","embeddable":true,"href":"https:\/\/bilshopping.dk\/index.php?rest_route=%2Fwp%2Fv2%2Fproduct_tag&post=7016"},{"taxonomy":"brand","embeddable":true,"href":"https:\/\/bilshopping.dk\/index.php?rest_route=%2Fwp%2Fv2%2Fbrand&post=7016"}],"curies":[{"name":"wp","href":"https:\/\/api.w.org\/{rel}","templated":true}]}}