{"id":7028,"date":"2023-06-23T19:34:46","date_gmt":"2023-06-23T17:34:46","guid":{"rendered":"https:\/\/bilshopping.dk\/produkt\/hoejtaler-rammer-til-mercedes-sprinter-w907-w910-2018-165-mm\/"},"modified":"2023-06-23T19:34:49","modified_gmt":"2023-06-23T17:34:49","slug":"hoejtaler-rammer-til-mercedes-sprinter-w907-w910-2018-165-mm","status":"publish","type":"product","link":"https:\/\/bilshopping.dk\/?product=hoejtaler-rammer-til-mercedes-sprinter-w907-w910-2018-165-mm","title":{"rendered":"H\u00f8jtaler rammer til Mercedes Sprinter W907\/W910 2018-, 165 mm"},"content":{"rendered":"<p>Produktid er <strong>2932<\/strong> og <strong>4026724000238<\/strong><\/p>\n<h2>Anmeldelse af H\u00f8jtaler rammer til Mercedes Sprinter W907\/W910 2018-, 165 mm<\/h2>\n<p>Se om vi har en <a href=\"https:\/\/bilshopping.dk\/592\">anmeldelse af H\u00f8jtaler rammer til Mercedes Sprinter W907\/W910 2018-, 165 mm<\/a>.<\/p>\n","protected":false},"excerpt":{"rendered":"<p>H\u00f8jttalerringe giver dig mulighed for at skifte de originale OEM fabriks h\u00f8jttalere. Dette kan v\u00e6re fordelagtigt da fabriks h\u00f8jttalere ofte ikke har DIN format. Benyt disse h\u00f8jttalerringe til nemt at skifte til nye kvalitets h\u00f8jttalere fra popul\u00e6re m\u00e6rker, H\u00f8jtaler rammer til Mercedes Sprinter W907\/W910 2018-, 165 mm.<\/p>\n","protected":false},"featured_media":7029,"comment_status":"closed","ping_status":"open","template":"","meta":{"_kad_post_transparent":"","_kad_post_title":"","_kad_post_layout":"","_kad_post_sidebar_id":"","_kad_post_content_style":"","_kad_post_vertical_padding":"","_kad_post_feature":"","_kad_post_feature_position":"","_kad_post_header":false,"_kad_post_footer":false},"product_cat":[3162,3182],"product_tag":[3164,2988,3183],"brand":[],"class_list":{"0":"post-7028","1":"product","2":"type-product","3":"status-publish","4":"has-post-thumbnail","6":"product_cat-bilstereo","7":"product_cat-monteringsdele","8":"product_tag-bilstereo","9":"product_tag-los","10":"product_tag-monteringsdele","12":"first","13":"instock","14":"product-type-external","15":"entry","16":"content-bg","17":"loop-entry"},"_links":{"self":[{"href":"https:\/\/bilshopping.dk\/index.php?rest_route=\/wp\/v2\/product\/7028","targetHints":{"allow":["GET"]}}],"collection":[{"href":"https:\/\/bilshopping.dk\/index.php?rest_route=\/wp\/v2\/product"}],"about":[{"href":"https:\/\/bilshopping.dk\/index.php?rest_route=\/wp\/v2\/types\/product"}],"replies":[{"embeddable":true,"href":"https:\/\/bilshopping.dk\/index.php?rest_route=%2Fwp%2Fv2%2Fcomments&post=7028"}],"wp:featuredmedia":[{"embeddable":true,"href":"https:\/\/bilshopping.dk\/index.php?rest_route=\/wp\/v2\/media\/7029"}],"wp:attachment":[{"href":"https:\/\/bilshopping.dk\/index.php?rest_route=%2Fwp%2Fv2%2Fmedia&parent=7028"}],"wp:term":[{"taxonomy":"product_cat","embeddable":true,"href":"https:\/\/bilshopping.dk\/index.php?rest_route=%2Fwp%2Fv2%2Fproduct_cat&post=7028"},{"taxonomy":"product_tag","embeddable":true,"href":"https:\/\/bilshopping.dk\/index.php?rest_route=%2Fwp%2Fv2%2Fproduct_tag&post=7028"},{"taxonomy":"brand","embeddable":true,"href":"https:\/\/bilshopping.dk\/index.php?rest_route=%2Fwp%2Fv2%2Fbrand&post=7028"}],"curies":[{"name":"wp","href":"https:\/\/api.w.org\/{rel}","templated":true}]}}